{"id":747424,"date":"2025-08-28T03:06:08","date_gmt":"2025-08-28T00:06:08","guid":{"rendered":"https:\/\/roveyayinevi.com.tr\/index.php\/urun\/sembol-ve-anlam\/"},"modified":"2025-11-13T08:44:01","modified_gmt":"2025-11-13T05:44:01","slug":"sembol-ve-anlam","status":"publish","type":"product","link":"https:\/\/roveyayinevi.com.tr\/index.php\/urun\/sembol-ve-anlam\/","title":{"rendered":"Sembol ve Anlam"},"content":{"rendered":"<p>Sembol ve anlam ili\u015fkisine dayanan sanat, \u00fcretildi\u011fi toplumlar\u0131n i\u00e7 dinamiklerinin yan\u0131 s\u0131ra inan\u00e7lar\u0131yla, gelenekleriyle, k\u00fclt\u00fcrel birikimleriyle belirlenen bir g\u00f6rsel dil kullan\u0131yor. \u00d6zellikle her co\u011frafyan\u0131n klasik sanat\u0131yla ilgilenmek isteyenlerin, o co\u011frafyalar\u0131n ilgili d\u00f6nemlerinde sahip olduklar\u0131 sembolik dili anlayabilmesi i\u00e7in k\u00fclt\u00fcr ve dinler tarihi hakk\u0131nda bilgi sahibi olmas\u0131 gerekiyor. Yakla\u015f\u0131k on sekizinci y\u00fczy\u0131la kadar ge\u00e7en s\u00fcre\u00e7te Bat\u0131 sanat\u0131nda dini, mitolojik, tarihi konulara odaklanan eserler \u00fcretildi\u011fi de g\u00f6z \u00f6n\u00fcne al\u0131n\u0131rsa, Bat\u0131 resmindeki anlama ula\u015fman\u0131n kilidini a\u00e7an anahtar\u0131n sembolleri ve motifleri bilmek oldu\u011fu a\u00e7\u0131k\u00e7a g\u00f6r\u00fcl\u00fcyor. Sanat tarih\u00e7isi Serap Y\u00fczg\u00fcller\u2019in yazd\u0131\u011f\u0131 Sembol ve Anlam: Bat\u0131 Resminde Kutsal\u0131n Temsili, Bat\u0131 resmini anlam bak\u0131m\u0131ndan daha iyi de\u011ferlendirebilmek, resimlerde kullan\u0131lan sembolik \u00f6\u011feler arac\u0131l\u0131\u011f\u0131yla anlam katmanlar\u0131n\u0131 zenginle\u015ftirmek suretiyle eserin anlat\u0131s\u0131n\u0131n nas\u0131l g\u00fc\u00e7lendirildi\u011fini g\u00f6rebilmek i\u00e7in gerekli bilgileri veriyor. Kitapta, ortak sembolik g\u00f6rsel dilini \u201ckutsal\u201d \u00fczerinden kurup geli\u015ftiren Bat\u0131 k\u00fclt\u00fcr\u00fcnde Orta\u00e7a\u011f, R\u00f6nesans, Maniyerist ve Barok d\u00f6nem resim sanat\u0131nda s\u0131kl\u0131kla kullan\u0131lan on temel motif inceleniyor. Sembol ve Anlam: Bat\u0131 Resminde Kutsal\u0131n Temsili, kutsal\u0131 if\u015fa ve in\u015fa ederken bu motiflerin nas\u0131l kullan\u0131ld\u0131\u011f\u0131na, n\u00fcanslarla onlara nas\u0131l farkl\u0131 anlamlar kazand\u0131r\u0131ld\u0131\u011f\u0131na ve bir resme bu \u201cg\u00f6sterenler\u201d do\u011frultusunda bak\u0131ld\u0131\u011f\u0131nda anlam\u0131n nas\u0131l derinle\u015fti\u011fine dair bilgi sahibi olmak isteyen okuyucularla sanatsal, ikonografik, teolojik bir bulu\u015fma sa\u011fl\u0131yor. <\/p>\n","protected":false},"excerpt":{"rendered":"<p>Sembol ve anlam ili\u015fkisine dayanan sanat, \u00fcretildi\u011fi toplumlar\u0131n i\u00e7 dinamiklerinin yan\u0131 s\u0131ra inan\u00e7lar\u0131yla, gelenekleriyle, k\u00fclt\u00fcrel birikimleriyle belirlenen bir g\u00f6rsel dil kullan\u0131yor. \u00d6zellikle her co\u011frafyan\u0131n klasik sanat\u0131yla<span class=\"excerpt-hellip\"> [\u2026]<\/span><\/p>\n","protected":false},"featured_media":0,"template":"","meta":{"_monsterinsights_skip_tracking":false,"_monsterinsights_sitenote_active":false,"_monsterinsights_sitenote_note":"","_monsterinsights_sitenote_category":0},"product_brand":[],"product_cat":[13548,12408],"product_tag":[],"class_list":{"0":"post-747424","1":"product","2":"type-product","3":"status-publish","5":"product_cat-kuram","6":"product_cat-sanat","7":"pa_cilt-ciltsiz","8":"pa_tur-kitap","9":"pa_yayinevi-hayalperest-yayinlari","10":"pa_yazar-serap-yuzguller","12":"first","13":"instock","14":"sale","15":"shipping-taxable","16":"purchasable","17":"product-type-simple"},"_links":{"self":[{"href":"https:\/\/roveyayinevi.com.tr\/index.php\/wp-json\/wp\/v2\/product\/747424","targetHints":{"allow":["GET"]}}],"collection":[{"href":"https:\/\/roveyayinevi.com.tr\/index.php\/wp-json\/wp\/v2\/product"}],"about":[{"href":"https:\/\/roveyayinevi.com.tr\/index.php\/wp-json\/wp\/v2\/types\/product"}],"wp:attachment":[{"href":"https:\/\/roveyayinevi.com.tr\/index.php\/wp-json\/wp\/v2\/media?parent=747424"}],"wp:term":[{"taxonomy":"product_brand","embeddable":true,"href":"https:\/\/roveyayinevi.com.tr\/index.php\/wp-json\/wp\/v2\/product_brand?post=747424"},{"taxonomy":"product_cat","embeddable":true,"href":"https:\/\/roveyayinevi.com.tr\/index.php\/wp-json\/wp\/v2\/product_cat?post=747424"},{"taxonomy":"product_tag","embeddable":true,"href":"https:\/\/roveyayinevi.com.tr\/index.php\/wp-json\/wp\/v2\/product_tag?post=747424"}],"curies":[{"name":"wp","href":"https:\/\/api.w.org\/{rel}","templated":true}]}}