{"id":747422,"date":"2025-08-28T03:06:06","date_gmt":"2025-08-28T00:06:06","guid":{"rendered":"https:\/\/roveyayinevi.com.tr\/index.php\/urun\/descartes-gercegi-arayan-her-seyden-kusku-duymalidir\/"},"modified":"2026-04-16T03:00:03","modified_gmt":"2026-04-16T00:00:03","slug":"descartes-gercegi-arayan-her-seyden-kusku-duymalidir","status":"publish","type":"product","link":"https:\/\/roveyayinevi.com.tr\/index.php\/urun\/descartes-gercegi-arayan-her-seyden-kusku-duymalidir\/","title":{"rendered":"Descartes &#8211; Ger\u00e7e\u011fi Arayan Her \u015eeyden Ku\u015fku Duymal\u0131d\u0131r"},"content":{"rendered":"<p>\u0130ster uyan\u0131k ister uykuda olal\u0131m, bizi ikna edecek tek \u015fey yaln\u0131zca akl\u0131m\u0131z\u0131n apa\u00e7\u0131kl\u0131\u011f\u0131d\u0131r.   Ren\u00e9 Descartes, bir d\u00fc\u015f\u00fcnce gezgini olarak, haz\u0131r buldu\u011fu hi\u00e7bir fikirle yetinmeyip, d\u00fc\u015f\u00fcncenin emin beldesine do\u011fru ad\u0131m atmaya cesaret edebilen b\u00fcy\u00fck bir deha, Bat\u0131 felsefesini etkileyen en b\u00fcy\u00fck filozoflardan biridir. O, orta\u00e7a\u011f d\u00fc\u015f\u00fcnce d\u00fcnyas\u0131n\u0131n h\u00e2kimiyetinin azal\u0131p, modern d\u00fc\u015f\u00fcncenin geli\u015fmeye ba\u015flad\u0131\u011f\u0131 bir d\u00f6nemin \u015fafa\u011f\u0131nda durur. D\u00fc\u015f\u00fcn\u00fcyorum \u00f6yleyse var\u0131m \u00f6nermesi her \u015feyden \u00f6nce insan\u0131n kendi varl\u0131\u011f\u0131n\u0131 kendinde temellendirebilece\u011fi bir d\u00fcnyay\u0131 \u00e7a\u011f\u0131r\u0131r. T\u00fcm d\u00fc\u015f\u00fcnce i\u00e7eriklerimizin, bilgilerimizin, inan\u00e7lar\u0131m\u0131z\u0131n hakiki k\u0131l\u0131nmas\u0131, ya\u015fad\u0131\u011f\u0131 d\u00f6nemde Descartes\u2019\u0131n \u00e7abas\u0131 oldu\u011fu kadar bug\u00fcn modern bir ya\u015fant\u0131 i\u00e7erisinde olma ideali ta\u015f\u0131yan her insan\u0131n da \u00e7abas\u0131 olmal\u0131d\u0131r. Bu kitap b\u00f6yle bir \u00e7aba i\u00e7erisinde olan bir d\u00fc\u015f\u00fcncenin, e\u015f deyi\u015fle Descartes\u2019\u0131n d\u00fc\u015f\u00fcncesinin ve e\u011fer g\u00f6n\u00fcll\u00fcysek bizim de at\u0131laca\u011f\u0131m\u0131z bu \u00e7aban\u0131n ser\u00fcvenidir.   <\/p>\n","protected":false},"excerpt":{"rendered":"<p>\u0130ster uyan\u0131k ister uykuda olal\u0131m, bizi ikna edecek tek \u015fey yaln\u0131zca akl\u0131m\u0131z\u0131n apa\u00e7\u0131kl\u0131\u011f\u0131d\u0131r. Ren\u00e9 Descartes, bir d\u00fc\u015f\u00fcnce gezgini olarak, haz\u0131r buldu\u011fu hi\u00e7bir fikirle yetinmeyip, d\u00fc\u015f\u00fcncenin emin<span class=\"excerpt-hellip\"> [\u2026]<\/span><\/p>\n","protected":false},"featured_media":0,"template":"","meta":{"_monsterinsights_skip_tracking":false,"_monsterinsights_sitenote_active":false,"_monsterinsights_sitenote_note":"","_monsterinsights_sitenote_category":0},"product_brand":[],"product_cat":[12389,12388],"product_tag":[],"class_list":{"0":"post-747422","1":"product","2":"type-product","3":"status-publish","5":"product_cat-diger-felsefe","6":"product_cat-felsefe","7":"pa_cilt-ciltsiz","8":"pa_tur-kitap","9":"pa_yayinevi-destek-yayinlari","10":"pa_yazar-sadik-acar","12":"first","13":"instock","14":"sale","15":"shipping-taxable","16":"purchasable","17":"product-type-simple"},"_links":{"self":[{"href":"https:\/\/roveyayinevi.com.tr\/index.php\/wp-json\/wp\/v2\/product\/747422","targetHints":{"allow":["GET"]}}],"collection":[{"href":"https:\/\/roveyayinevi.com.tr\/index.php\/wp-json\/wp\/v2\/product"}],"about":[{"href":"https:\/\/roveyayinevi.com.tr\/index.php\/wp-json\/wp\/v2\/types\/product"}],"wp:attachment":[{"href":"https:\/\/roveyayinevi.com.tr\/index.php\/wp-json\/wp\/v2\/media?parent=747422"}],"wp:term":[{"taxonomy":"product_brand","embeddable":true,"href":"https:\/\/roveyayinevi.com.tr\/index.php\/wp-json\/wp\/v2\/product_brand?post=747422"},{"taxonomy":"product_cat","embeddable":true,"href":"https:\/\/roveyayinevi.com.tr\/index.php\/wp-json\/wp\/v2\/product_cat?post=747422"},{"taxonomy":"product_tag","embeddable":true,"href":"https:\/\/roveyayinevi.com.tr\/index.php\/wp-json\/wp\/v2\/product_tag?post=747422"}],"curies":[{"name":"wp","href":"https:\/\/api.w.org\/{rel}","templated":true}]}}