{"id":747421,"date":"2025-08-28T03:06:04","date_gmt":"2025-08-28T00:06:04","guid":{"rendered":"https:\/\/roveyayinevi.com.tr\/index.php\/urun\/dunlukler\/"},"modified":"2026-04-16T03:00:03","modified_gmt":"2026-04-16T00:00:03","slug":"dunlukler","status":"publish","type":"product","link":"https:\/\/roveyayinevi.com.tr\/index.php\/urun\/dunlukler\/","title":{"rendered":"D\u00fcnl\u00fckler"},"content":{"rendered":"<p>\u201cSonra Hayat\u201d ba\u015fl\u0131kl\u0131 dosyas\u0131yla Vedat G\u00fcnyol Gen\u00e7 Deneme Yazar\u0131 \u00d6d\u00fcl\u00fc\u2019ne de\u011fer g\u00f6r\u00fclen ve denemeleri ayn\u0131 adla kitapla\u015fan Onur \u00c7al\u0131\u2019n\u0131n ikinci deneme kitab\u0131: D\u00fcnl\u00fckler.   Onur \u00c7al\u0131, 2015\u2019ten beri d\u00fcnl\u00fck yaz\u0131yor ve bu d\u00fcnl\u00fckleri Par\u015f\u00f6men Edebiyat\u2019ta yay\u0131ml\u0131yor. Okuru ister deneme ister g\u00fcnl\u00fck \u2013ya da yazar\u0131n\u0131n deyimiyle \u201cbirka\u00e7 delibozuk s\u00f6z\u201d\u2013 desin; D\u00fcnl\u00fckler, i\u015fte bu yaz\u0131lar\u0131n toplam\u0131. G\u00f6ren, kaydeden ve aktaran iyi bir g\u00f6zlemcinin notlar\u0131.   Yazar kendi kendine konu\u015fmas\u0131n diye; ila\u00e7 niyetine.   \u201cKimi i\u00e7e do\u011fru atar ad\u0131mlar\u0131n\u0131, kimi d\u0131\u015fa. Ad\u0131mlar\u0131n\u0131n her biri sa\u011fda solda bir yerleri i\u015faret ediyor gibidir. Kimisi uzun ve a\u011f\u0131r ad\u0131mlarla y\u00fcr\u00fcr. Kimi k\u00fc\u00e7\u00fck ama h\u0131zl\u0131 ad\u0131mlar atar. Ba\u015fka biri de \u00e7\u0131kar, k\u0131sa ve a\u011f\u0131r ad\u0131mlarla ar\u015f\u0131nlar yery\u00fcz\u00fcn\u00fc. Kimi y\u00fcr\u00fcrken konu\u015fur kendisiyle. Kimi sa\u011fa sola selamlar vererek y\u00fcr\u00fcr. Y\u00fcr\u00fcrken telefonla konu\u015fmay\u0131 sevenler de vard\u0131r. Ba\u015f\u0131n\u0131 \u00f6n\u00fcnden kald\u0131rmadan, ad\u0131mlar\u0131n\u0131 izleyerek y\u00fcr\u00fcyenlere de rastlan\u0131r. Kimi Ford Taunus gibi yaylanarak y\u00fcr\u00fcr, kimi i\u00e7inden (kimisi de bencileyin d\u0131\u015f\u0131ndan) \u015fark\u0131 t\u00fcrk\u00fc s\u00f6yleyerek&#8230;   \u2018Yaln\u0131z y\u00fcr\u00fcyenlere bakmaktan geliyorum,\u2019 da diyebilirdi Yakup.\u201d <\/p>\n","protected":false},"excerpt":{"rendered":"<p>\u201cSonra Hayat\u201d ba\u015fl\u0131kl\u0131 dosyas\u0131yla Vedat G\u00fcnyol Gen\u00e7 Deneme Yazar\u0131 \u00d6d\u00fcl\u00fc\u2019ne de\u011fer g\u00f6r\u00fclen ve denemeleri ayn\u0131 adla kitapla\u015fan Onur \u00c7al\u0131\u2019n\u0131n ikinci deneme kitab\u0131: D\u00fcnl\u00fckler. Onur \u00c7al\u0131, 2015\u2019ten<span class=\"excerpt-hellip\"> [\u2026]<\/span><\/p>\n","protected":false},"featured_media":0,"template":"","meta":{"_monsterinsights_skip_tracking":false,"_monsterinsights_sitenote_active":false,"_monsterinsights_sitenote_note":"","_monsterinsights_sitenote_category":0},"product_brand":[],"product_cat":[12777,12291],"product_tag":[],"class_list":{"0":"post-747421","1":"product","2":"type-product","3":"status-publish","5":"product_cat-deneme","6":"product_cat-edebiyat","7":"pa_cilt-ciltsiz","8":"pa_tur-kitap","9":"pa_yayinevi-ithaki-yayinlari","10":"pa_yazar-onur-cali","12":"first","13":"instock","14":"sale","15":"shipping-taxable","16":"purchasable","17":"product-type-simple"},"_links":{"self":[{"href":"https:\/\/roveyayinevi.com.tr\/index.php\/wp-json\/wp\/v2\/product\/747421","targetHints":{"allow":["GET"]}}],"collection":[{"href":"https:\/\/roveyayinevi.com.tr\/index.php\/wp-json\/wp\/v2\/product"}],"about":[{"href":"https:\/\/roveyayinevi.com.tr\/index.php\/wp-json\/wp\/v2\/types\/product"}],"wp:attachment":[{"href":"https:\/\/roveyayinevi.com.tr\/index.php\/wp-json\/wp\/v2\/media?parent=747421"}],"wp:term":[{"taxonomy":"product_brand","embeddable":true,"href":"https:\/\/roveyayinevi.com.tr\/index.php\/wp-json\/wp\/v2\/product_brand?post=747421"},{"taxonomy":"product_cat","embeddable":true,"href":"https:\/\/roveyayinevi.com.tr\/index.php\/wp-json\/wp\/v2\/product_cat?post=747421"},{"taxonomy":"product_tag","embeddable":true,"href":"https:\/\/roveyayinevi.com.tr\/index.php\/wp-json\/wp\/v2\/product_tag?post=747421"}],"curies":[{"name":"wp","href":"https:\/\/api.w.org\/{rel}","templated":true}]}}