{"id":747420,"date":"2025-08-28T03:06:02","date_gmt":"2025-08-28T00:06:02","guid":{"rendered":"https:\/\/roveyayinevi.com.tr\/index.php\/urun\/fevkalbeser-sair-bey-ve-suskunlugu\/"},"modified":"2026-04-16T03:00:03","modified_gmt":"2026-04-16T00:00:03","slug":"fevkalbeser-sair-bey-ve-suskunlugu","status":"publish","type":"product","link":"https:\/\/roveyayinevi.com.tr\/index.php\/urun\/fevkalbeser-sair-bey-ve-suskunlugu\/","title":{"rendered":"Fevkalbe\u015fer Sair Bey ve Suskunlu\u011fu"},"content":{"rendered":"<p>Ge\u00e7mi\u015f, \u015fimdi ve gelecek; IV. Murad d\u00f6neminden bir cellat ve h\u0131rs\u0131z, bug\u00fcnden yar\u0131 deli bir yazar\/ressam, gelecekten bir dedektif&#8230; \u00d6mer \u0130zge\u00e7, farkl\u0131 zamanlara ait bu ki\u015filerle ilgin\u00e7 bir tarikat\u0131n pe\u015fine d\u00fc\u015f\u00fcr\u00fcyor okurlar\u0131. Bir madalyonun, bir tarikat\u0131n, bir ejderin izindeki karakterlerin kendi aynalar\u0131na bakmak mecburiyetinde kalmalar\u0131na \u015fahit oluyoruz.   Fevkalbe\u015fer Sair Bey ve Suskunlu\u011fu, g\u00fczel ve heyecanl\u0131 bir maceran\u0131n \u00f6tesinde yans\u0131malar sunuyor okuyucuya. Bir madalyona, k\u00e2\u011f\u0131tlara ve r\u00fcyalara i\u015flenen ejderler, derisinde aynal\u0131 pullar\u0131 ve z\u00fcmr\u00fcdi g\u00f6zleriyle bu hik\u00e2yelere e\u015flik ediyor.   \u201cBir cinayet i\u015flendi ve ben hepsini g\u00f6rd\u00fcm. Ama \u00f6nce kendimden bahsetmek isterim. Her \u015feyden \u00f6nce, bu odaya ad\u0131m atanlar duvarlardaki di\u011fer resimlerden \u00f6nce beni fark ederler, bunu s\u00f6ylemek isterim. Ben karanl\u0131k bir orman\u0131n i\u00e7inde, \u00fczerlerinde gece ku\u015flar\u0131n\u0131n uyuklad\u0131\u011f\u0131, lanetli a\u011fa\u00e7lar\u0131n aras\u0131nda dinlenen k\u0131z\u0131l bir ejderim. Z\u00fcmr\u00fcdi g\u00f6zlerimdeki sertlik, aynal\u0131 pullarla kapl\u0131 kuyru\u011fumun irili\u011fi sizi yan\u0131ltmas\u0131n; bu karanl\u0131k orman, resmi g\u00f6ren sizin gibi resmin i\u00e7inde olan beni de \u00fcrpertiyor \u00e7\u00fcnk\u00fc. Oysa, hareket edecekmi\u015f gibi g\u00f6r\u00fcnen \u015fu a\u011fa\u00e7lar, \u015fimdi dallar\u0131n \u00fczerine sinmi\u015f uyuklayan ancak uygun an geldi\u011finde nereden peydahland\u0131\u011f\u0131 belli olmayan y\u00fczlercesiyle beraber aniden sald\u0131r\u0131ya ge\u00e7ip bedenimi didikleyecek gibi duran \u015fu sevimsiz kargalar, bak\u0131n, en \u00fcstteki a\u011fa\u00e7lar\u0131n aras\u0131na konu\u015flanm\u0131\u015f \u015fu g\u00f6zler benim gibi her an dura\u011fan ve cans\u0131z. Ben yaln\u0131zca donuk bir ejderim. \u015eimdi, sizin hareketli d\u00fcnyan\u0131zda olanlar\u0131 anlatmak bana d\u00fc\u015ft\u00fc, ne tuhaf.\u201d\u201c\u0130yi bir roman okumaya ba\u015flad\u0131\u011f\u0131n\u0131zda daha \u00f6nce gitmedi\u011finiz bir d\u00fcnyaya ad\u0131m atm\u0131\u015f gibi olursunuz. S\u00f6zc\u00fckler, etraf\u0131n\u0131zda bir d\u00fcnya \u00f6rmeye ba\u015flar. Yaz\u0131n\u0131n sonunu beklemeden s\u00f6yleyece\u011fim, bu hafta nefis bir roman okudum.\u201d \u2013Asuman Kafao\u011flu-B\u00fcke, Radikal Kitap <\/p>\n","protected":false},"excerpt":{"rendered":"<p>Ge\u00e7mi\u015f, \u015fimdi ve gelecek; IV. Murad d\u00f6neminden bir cellat ve h\u0131rs\u0131z, bug\u00fcnden yar\u0131 deli bir yazar\/ressam, gelecekten bir dedektif&#8230; \u00d6mer \u0130zge\u00e7, farkl\u0131 zamanlara ait bu ki\u015filerle<span class=\"excerpt-hellip\"> [\u2026]<\/span><\/p>\n","protected":false},"featured_media":0,"template":"","meta":{"_monsterinsights_skip_tracking":false,"_monsterinsights_sitenote_active":false,"_monsterinsights_sitenote_note":"","_monsterinsights_sitenote_category":0},"product_brand":[],"product_cat":[12291,12711],"product_tag":[],"class_list":{"0":"post-747420","1":"product","2":"type-product","3":"status-publish","5":"product_cat-edebiyat","6":"product_cat-roman-oyku","7":"pa_cilt-ciltsiz","8":"pa_tur-kitap","9":"pa_yayinevi-ithaki-yayinlari","10":"pa_yazar-omer-izgec","12":"first","13":"instock","14":"sale","15":"shipping-taxable","16":"purchasable","17":"product-type-simple"},"_links":{"self":[{"href":"https:\/\/roveyayinevi.com.tr\/index.php\/wp-json\/wp\/v2\/product\/747420","targetHints":{"allow":["GET"]}}],"collection":[{"href":"https:\/\/roveyayinevi.com.tr\/index.php\/wp-json\/wp\/v2\/product"}],"about":[{"href":"https:\/\/roveyayinevi.com.tr\/index.php\/wp-json\/wp\/v2\/types\/product"}],"wp:attachment":[{"href":"https:\/\/roveyayinevi.com.tr\/index.php\/wp-json\/wp\/v2\/media?parent=747420"}],"wp:term":[{"taxonomy":"product_brand","embeddable":true,"href":"https:\/\/roveyayinevi.com.tr\/index.php\/wp-json\/wp\/v2\/product_brand?post=747420"},{"taxonomy":"product_cat","embeddable":true,"href":"https:\/\/roveyayinevi.com.tr\/index.php\/wp-json\/wp\/v2\/product_cat?post=747420"},{"taxonomy":"product_tag","embeddable":true,"href":"https:\/\/roveyayinevi.com.tr\/index.php\/wp-json\/wp\/v2\/product_tag?post=747420"}],"curies":[{"name":"wp","href":"https:\/\/api.w.org\/{rel}","templated":true}]}}