{"id":747419,"date":"2025-08-28T03:06:01","date_gmt":"2025-08-28T00:06:01","guid":{"rendered":"https:\/\/roveyayinevi.com.tr\/index.php\/urun\/pas\/"},"modified":"2026-04-16T03:00:03","modified_gmt":"2026-04-16T00:00:03","slug":"pas","status":"publish","type":"product","link":"https:\/\/roveyayinevi.com.tr\/index.php\/urun\/pas\/","title":{"rendered":"Pas"},"content":{"rendered":"<p>Kentinizi haz\u0131rlay\u0131n. Kentinizi kurtar\u0131n.   \u0130ki antropoloji \u00f6\u011frencisi, proje \u00f6devi olarak kente saha \u00e7al\u0131\u015fmas\u0131 i\u00e7in indi\u011finde, s\u0131radan ba\u015flayan yolculuklar\u0131 yava\u015f yava\u015f onlar\u0131 haritalar\u0131n \u00f6tesindeki s\u0131rra savuracakt\u0131r.    \u0130skit, Karanl\u0131k \u00c7a\u011f, Sefer gibi romanlar\u0131 ve DG, Demir D\u00f6vme \u00d6yk\u00fcleri, Hayal Et Hik\u00e2yeleri gibi \u00f6yk\u00fc kitaplar\u0131yla tan\u0131d\u0131\u011f\u0131m\u0131z G\u0130O \u00f6d\u00fcll\u00fc yazar Murat Ba\u015fekim yeni roman\u0131nda, akrep ve yelkovanla birlikte zaman\u0131n tozlar\u0131 aras\u0131nda d\u00f6nerek \u00e7\u00fcr\u00fcyen bir kentin ve esrarengiz bir aray\u0131\u015f ser\u00fcvenine \u00e7\u0131kan kentlilerin hik\u00e2yesini anlat\u0131yor.    Pas, gizemli, derinlikli, katmanl\u0131, kendine has bir \u015fehir fantazyas\u0131.   \u201cSanki oralarda bir yerde, Kentin bir k\u00f6\u015fesinde gizlenen, g\u00f6zucuyla belli belirsiz g\u00f6r\u00fclen, hayatlar\u0131m\u0131z\u0131n k\u0131y\u0131s\u0131nda saklanm\u0131\u015f, sabit, de\u011fi\u015fmez, somut, daimi bir g\u00f6lge var. Bekliyor\u2026 Ama nerede?\u201d <\/p>\n","protected":false},"excerpt":{"rendered":"<p>Kentinizi haz\u0131rlay\u0131n. Kentinizi kurtar\u0131n. \u0130ki antropoloji \u00f6\u011frencisi, proje \u00f6devi olarak kente saha \u00e7al\u0131\u015fmas\u0131 i\u00e7in indi\u011finde, s\u0131radan ba\u015flayan yolculuklar\u0131 yava\u015f yava\u015f onlar\u0131 haritalar\u0131n \u00f6tesindeki s\u0131rra savuracakt\u0131r. \u0130skit,<span class=\"excerpt-hellip\"> [\u2026]<\/span><\/p>\n","protected":false},"featured_media":0,"template":"","meta":{"_monsterinsights_skip_tracking":false,"_monsterinsights_sitenote_active":false,"_monsterinsights_sitenote_note":"","_monsterinsights_sitenote_category":0},"product_brand":[],"product_cat":[12291,14777],"product_tag":[],"class_list":{"0":"post-747419","1":"product","2":"type-product","3":"status-publish","5":"product_cat-edebiyat","6":"product_cat-fantastik","7":"pa_cilt-ciltsiz","8":"pa_tur-kitap","9":"pa_yayinevi-ithaki-yayinlari","10":"pa_yazar-murat-basekim","12":"first","13":"instock","14":"sale","15":"shipping-taxable","16":"purchasable","17":"product-type-simple"},"_links":{"self":[{"href":"https:\/\/roveyayinevi.com.tr\/index.php\/wp-json\/wp\/v2\/product\/747419","targetHints":{"allow":["GET"]}}],"collection":[{"href":"https:\/\/roveyayinevi.com.tr\/index.php\/wp-json\/wp\/v2\/product"}],"about":[{"href":"https:\/\/roveyayinevi.com.tr\/index.php\/wp-json\/wp\/v2\/types\/product"}],"wp:attachment":[{"href":"https:\/\/roveyayinevi.com.tr\/index.php\/wp-json\/wp\/v2\/media?parent=747419"}],"wp:term":[{"taxonomy":"product_brand","embeddable":true,"href":"https:\/\/roveyayinevi.com.tr\/index.php\/wp-json\/wp\/v2\/product_brand?post=747419"},{"taxonomy":"product_cat","embeddable":true,"href":"https:\/\/roveyayinevi.com.tr\/index.php\/wp-json\/wp\/v2\/product_cat?post=747419"},{"taxonomy":"product_tag","embeddable":true,"href":"https:\/\/roveyayinevi.com.tr\/index.php\/wp-json\/wp\/v2\/product_tag?post=747419"}],"curies":[{"name":"wp","href":"https:\/\/api.w.org\/{rel}","templated":true}]}}