{"id":747417,"date":"2025-08-28T03:05:58","date_gmt":"2025-08-28T00:05:58","guid":{"rendered":"https:\/\/roveyayinevi.com.tr\/index.php\/urun\/seytan-cikaran\/"},"modified":"2026-04-16T03:00:03","modified_gmt":"2026-04-16T00:00:03","slug":"seytan-cikaran","status":"publish","type":"product","link":"https:\/\/roveyayinevi.com.tr\/index.php\/urun\/seytan-cikaran\/","title":{"rendered":"\u015eeytan \u00c7\u0131karan"},"content":{"rendered":"<p>\u201cBir Einstein denklemi, rakamlarla dolu bir muhasebe s\u00fctunundan ne derece \u00fcst\u00fcnse, \u015eeytan \u00c7\u0131karan da \u00e7o\u011fu muadilinden o derece \u00fcst\u00fcn.\u201d \u2013New York T\u0131mes   Korku filmleri tarihinde mihenk ta\u015f\u0131 h\u00e2line gelen uyarlamas\u0131 1973\u2019te g\u00f6sterime girdi\u011finde infial yaratan, g\u00fcn\u00fcm\u00fcze kadar tesirini yitirmeyen en korkun\u00e7 anlat\u0131lardan olan ve William Peter Blatty\u2019nin ger\u00e7ekten ya\u015fanm\u0131\u015f bir vakadan ilham alarak yazd\u0131\u011f\u0131 \u015eeytan \u00c7\u0131karan, Ira Levin\u2019e ait Rosemary\u2019nin Bebe\u011fi ve Thomas Tryon\u2019\u0131n yazd\u0131\u011f\u0131 \u00d6teki ile birlikte 1970\u2019li y\u0131llarda y\u00fckseli\u015fe ge\u00e7en modern korku edebiyat\u0131n\u0131n \u00fc\u00e7 b\u00fcy\u00fck roman\u0131ndan biri.   Gen\u00e7li\u011finde o\u011flunu yanl\u0131\u015f tedavi nedeniyle hen\u00fcz \u00fc\u00e7 ya\u015f\u0131ndayken kaybeden ve o g\u00fcnden beri t\u0131pla aras\u0131 iyi olmayan \u00fcnl\u00fc oyuncu Chris MacNeil e\u015finden bo\u015fanm\u0131\u015ft\u0131r ve on bir ya\u015f\u0131ndaki k\u0131z\u0131 Regan\u2019la birlikte ya\u015famaktad\u0131r. Babas\u0131ndan uzak kalan Regan ise son zamanlarda anormal davranmaya ba\u015flam\u0131\u015ft\u0131r. Regan\u2019\u0131n giderek gariple\u015fen h\u00e2lleri neticesinde doktora ba\u015fvuran annenin derdine \u00e7are t\u0131p d\u00fcnyas\u0131ndan m\u0131 gelecektir yoksa Cizvit rahiplerinden mi?   Ebedi gecenin ba\u015flang\u0131c\u0131\u2026   <\/p>\n","protected":false},"excerpt":{"rendered":"<p>\u201cBir Einstein denklemi, rakamlarla dolu bir muhasebe s\u00fctunundan ne derece \u00fcst\u00fcnse, \u015eeytan \u00c7\u0131karan da \u00e7o\u011fu muadilinden o derece \u00fcst\u00fcn.\u201d \u2013New York T\u0131mes Korku filmleri tarihinde mihenk<span class=\"excerpt-hellip\"> [\u2026]<\/span><\/p>\n","protected":false},"featured_media":0,"template":"","meta":{"_monsterinsights_skip_tracking":false,"_monsterinsights_sitenote_active":false,"_monsterinsights_sitenote_note":"","_monsterinsights_sitenote_category":0},"product_brand":[],"product_cat":[12291,17033],"product_tag":[],"class_list":{"0":"post-747417","1":"product","2":"type-product","3":"status-publish","5":"product_cat-edebiyat","6":"product_cat-korku-gerilim","7":"pa_cilt-ciltsiz","8":"pa_tur-kitap","9":"pa_yayinevi-ithaki-yayinlari","10":"pa_yazar-william-peter-blatty","12":"first","13":"instock","14":"sale","15":"shipping-taxable","16":"purchasable","17":"product-type-simple"},"_links":{"self":[{"href":"https:\/\/roveyayinevi.com.tr\/index.php\/wp-json\/wp\/v2\/product\/747417","targetHints":{"allow":["GET"]}}],"collection":[{"href":"https:\/\/roveyayinevi.com.tr\/index.php\/wp-json\/wp\/v2\/product"}],"about":[{"href":"https:\/\/roveyayinevi.com.tr\/index.php\/wp-json\/wp\/v2\/types\/product"}],"wp:attachment":[{"href":"https:\/\/roveyayinevi.com.tr\/index.php\/wp-json\/wp\/v2\/media?parent=747417"}],"wp:term":[{"taxonomy":"product_brand","embeddable":true,"href":"https:\/\/roveyayinevi.com.tr\/index.php\/wp-json\/wp\/v2\/product_brand?post=747417"},{"taxonomy":"product_cat","embeddable":true,"href":"https:\/\/roveyayinevi.com.tr\/index.php\/wp-json\/wp\/v2\/product_cat?post=747417"},{"taxonomy":"product_tag","embeddable":true,"href":"https:\/\/roveyayinevi.com.tr\/index.php\/wp-json\/wp\/v2\/product_tag?post=747417"}],"curies":[{"name":"wp","href":"https:\/\/api.w.org\/{rel}","templated":true}]}}