{"id":747413,"date":"2025-08-28T03:05:51","date_gmt":"2025-08-28T00:05:51","guid":{"rendered":"https:\/\/roveyayinevi.com.tr\/index.php\/urun\/meraklisina-roma-imparatorlugu\/"},"modified":"2026-04-16T03:00:03","modified_gmt":"2026-04-16T00:00:03","slug":"meraklisina-roma-imparatorlugu","status":"publish","type":"product","link":"https:\/\/roveyayinevi.com.tr\/index.php\/urun\/meraklisina-roma-imparatorlugu\/","title":{"rendered":"Merakl\u0131s\u0131na Roma \u0130mparatorlu\u011fu"},"content":{"rendered":"<p>Merakl\u0131s\u0131na Roma \u0130mparatorlu\u011fu, Asurlular\u0131n \u00e7\u00f6k\u00fc\u015f\u00fc ve Roma Cumhuriyeti\u2019nin ortaya \u00e7\u0131k\u0131\u015f\u0131ndan ba\u015flayarak t\u00fcm geni\u015fleme, bunal\u0131m ve nihai b\u00f6l\u00fcnme devirlerine kadar Roma \u0130mparatorlu\u011fu tarihinin izini s\u00fcr\u00fcyor.Ba\u015fka hi\u00e7bir siyasi varl\u0131k, modern d\u00fcnyay\u0131 Roma \u0130mparatorlu\u011fu kadar \u015fekillendirmedi. D\u00fcnya n\u00fcfusunun yakla\u015f\u0131k d\u00f6rtte birini ve \u00fc\u00e7 milyon kilometrekarelik bir alan\u0131 kapsayan bu imparatorluk, hepsi Roma\u2019ya ve Romal\u0131 kimli\u011fi idealine ba\u011fl\u0131, dinamik bir milletler, devletler ve kabileler toplulu\u011funu temsil ediyordu. Bu, o kadar sofistike bir y\u00f6netim sistemiydi ki Roma\u2019ya duyulan sadakat, imparatorlu\u011fun \u00e7\u00f6k\u00fc\u015f\u00fcnden sonra bile g\u00fcc\u00fcn\u00fc koruyup bug\u00fcne kadar s\u00fcregelen bir miras b\u0131rakt\u0131. Bu g\u00f6rkemli tarihi kendine has canl\u0131 ve ilgi \u00e7ekici anlat\u0131m\u0131yla ele alan Matyszak, imparatorlu\u011fun nas\u0131l i\u015fledi\u011fini, muazzam b\u00fcy\u00fckl\u00fckteki askeri g\u00fcc\u00fcn\u00fc geni\u015f topraklar\u0131 fethetmek i\u00e7in nas\u0131l konu\u015fland\u0131rd\u0131\u011f\u0131n\u0131 ve ard\u0131ndan tebaas\u0131n\u0131 nas\u0131l Roma vatanda\u015f\u0131 haline getirdi\u011fini aktar\u0131yor.Bu kitap, Roma ve Romal\u0131lar hakk\u0131nda bilgi sahibi olmak isteyen herkes i\u00e7in hem kolay okunur hem de detayl\u0131 bir ba\u015flang\u0131\u00e7 noktas\u0131.<\/p>\n","protected":false},"excerpt":{"rendered":"<p>Merakl\u0131s\u0131na Roma \u0130mparatorlu\u011fu, Asurlular\u0131n \u00e7\u00f6k\u00fc\u015f\u00fc ve Roma Cumhuriyeti\u2019nin ortaya \u00e7\u0131k\u0131\u015f\u0131ndan ba\u015flayarak t\u00fcm geni\u015fleme, bunal\u0131m ve nihai b\u00f6l\u00fcnme devirlerine kadar Roma \u0130mparatorlu\u011fu tarihinin izini s\u00fcr\u00fcyor.Ba\u015fka hi\u00e7bir siyasi<span class=\"excerpt-hellip\"> [\u2026]<\/span><\/p>\n","protected":false},"featured_media":0,"template":"","meta":{"_monsterinsights_skip_tracking":false,"_monsterinsights_sitenote_active":false,"_monsterinsights_sitenote_note":"","_monsterinsights_sitenote_category":0},"product_brand":[],"product_cat":[12304],"product_tag":[],"class_list":{"0":"post-747413","1":"product","2":"type-product","3":"status-publish","5":"product_cat-tarih","6":"pa_cilt-ciltsiz","7":"pa_tur-kitap","8":"pa_yayinevi-nova-kitap","9":"pa_yazar-philip-matyszak","11":"first","12":"instock","13":"sale","14":"shipping-taxable","15":"purchasable","16":"product-type-simple"},"_links":{"self":[{"href":"https:\/\/roveyayinevi.com.tr\/index.php\/wp-json\/wp\/v2\/product\/747413","targetHints":{"allow":["GET"]}}],"collection":[{"href":"https:\/\/roveyayinevi.com.tr\/index.php\/wp-json\/wp\/v2\/product"}],"about":[{"href":"https:\/\/roveyayinevi.com.tr\/index.php\/wp-json\/wp\/v2\/types\/product"}],"wp:attachment":[{"href":"https:\/\/roveyayinevi.com.tr\/index.php\/wp-json\/wp\/v2\/media?parent=747413"}],"wp:term":[{"taxonomy":"product_brand","embeddable":true,"href":"https:\/\/roveyayinevi.com.tr\/index.php\/wp-json\/wp\/v2\/product_brand?post=747413"},{"taxonomy":"product_cat","embeddable":true,"href":"https:\/\/roveyayinevi.com.tr\/index.php\/wp-json\/wp\/v2\/product_cat?post=747413"},{"taxonomy":"product_tag","embeddable":true,"href":"https:\/\/roveyayinevi.com.tr\/index.php\/wp-json\/wp\/v2\/product_tag?post=747413"}],"curies":[{"name":"wp","href":"https:\/\/api.w.org\/{rel}","templated":true}]}}