{"id":747412,"date":"2025-08-28T03:05:50","date_gmt":"2025-08-28T00:05:50","guid":{"rendered":"https:\/\/roveyayinevi.com.tr\/index.php\/urun\/bir-tutam-omur\/"},"modified":"2026-04-16T03:00:03","modified_gmt":"2026-04-16T00:00:03","slug":"bir-tutam-omur","status":"publish","type":"product","link":"https:\/\/roveyayinevi.com.tr\/index.php\/urun\/bir-tutam-omur\/","title":{"rendered":"Bir Tutam \u00d6m\u00fcr"},"content":{"rendered":"<p>h\u0131zla dolan kum saati gibi ak\u0131p gitmekte her \u015fey d\u00f6n\u00fcp durmakta daha yakalayamadan tutamadan elimde *** Hayat\u0131n h\u0131zla ak\u0131\u015f\u0131 i\u00e7inde hep bir yerlere yeti\u015fmek, bir \u015feyleri yakalamak i\u00e7in ko\u015farken arada bir durup nefes almaya ihtiya\u00e7 duyar\u0131z. \u015eiir, i\u015fte o anlarda bizim soluklanma alan\u0131m\u0131zd\u0131r. Orada nefes al\u0131r, orada dinginle\u015fir, orada ar\u0131n\u0131r\u0131z.  Varl\u0131\u011f\u0131, yoklu\u011fu ve bu ikisi aras\u0131nda ya\u015fanan her \u015feyi ku\u015fat\u0131r \u015fiir. Kimi zaman bo\u011faz\u0131m\u0131za d\u00fc\u011f\u00fcmleneni, kimi zaman g\u00f6z\u00fcm\u00fczdeki \u0131\u015f\u0131lt\u0131y\u0131 kaleme d\u00f6kt\u00fc\u011f\u00fcm\u00fcz\u2026 K\u00e2h g\u00f6z ya\u015f\u0131m\u0131z\u0131 k\u00e2h co\u015fkulu kahkaham\u0131z\u0131; h\u00fczn\u00fcm\u00fcz ve sevincimizle, \u00f6zlediklerimiz, kavu\u015ftuklar\u0131m\u0131z ve veda ettiklerimizle, ka\u00e7mak ya da varmak istediklerimizle ya\u015famaya devam ettik\u00e7e varl\u0131\u011f\u0131m\u0131z\u0131 per\u00e7inledi\u011fimiz \u00fclkedir \u015fiir.  *** bir kalem az m\u00fcrekkep sarma\u015f dola\u015f sat\u0131rlarda dans ederler *** \u015eiirin dans\u0131na davetlisiniz! <\/p>\n","protected":false},"excerpt":{"rendered":"<p>h\u0131zla dolan kum saati gibi ak\u0131p gitmekte her \u015fey d\u00f6n\u00fcp durmakta daha yakalayamadan tutamadan elimde *** Hayat\u0131n h\u0131zla ak\u0131\u015f\u0131 i\u00e7inde hep bir yerlere yeti\u015fmek, bir \u015feyleri<span class=\"excerpt-hellip\"> [\u2026]<\/span><\/p>\n","protected":false},"featured_media":0,"template":"","meta":{"_monsterinsights_skip_tracking":false,"_monsterinsights_sitenote_active":false,"_monsterinsights_sitenote_note":"","_monsterinsights_sitenote_category":0},"product_brand":[],"product_cat":[12291,12509],"product_tag":[],"class_list":{"0":"post-747412","1":"product","2":"type-product","3":"status-publish","5":"product_cat-edebiyat","6":"product_cat-siir","7":"pa_cilt-ciltsiz","8":"pa_tur-kitap","9":"pa_yayinevi-cinaralti-yayinlari","10":"pa_yazar-ahmet-kaplan","12":"first","13":"instock","14":"sale","15":"shipping-taxable","16":"purchasable","17":"product-type-simple"},"_links":{"self":[{"href":"https:\/\/roveyayinevi.com.tr\/index.php\/wp-json\/wp\/v2\/product\/747412","targetHints":{"allow":["GET"]}}],"collection":[{"href":"https:\/\/roveyayinevi.com.tr\/index.php\/wp-json\/wp\/v2\/product"}],"about":[{"href":"https:\/\/roveyayinevi.com.tr\/index.php\/wp-json\/wp\/v2\/types\/product"}],"wp:attachment":[{"href":"https:\/\/roveyayinevi.com.tr\/index.php\/wp-json\/wp\/v2\/media?parent=747412"}],"wp:term":[{"taxonomy":"product_brand","embeddable":true,"href":"https:\/\/roveyayinevi.com.tr\/index.php\/wp-json\/wp\/v2\/product_brand?post=747412"},{"taxonomy":"product_cat","embeddable":true,"href":"https:\/\/roveyayinevi.com.tr\/index.php\/wp-json\/wp\/v2\/product_cat?post=747412"},{"taxonomy":"product_tag","embeddable":true,"href":"https:\/\/roveyayinevi.com.tr\/index.php\/wp-json\/wp\/v2\/product_tag?post=747412"}],"curies":[{"name":"wp","href":"https:\/\/api.w.org\/{rel}","templated":true}]}}