{"id":747411,"date":"2025-08-28T03:05:48","date_gmt":"2025-08-28T00:05:48","guid":{"rendered":"https:\/\/roveyayinevi.com.tr\/index.php\/urun\/dilek-fenerleri\/"},"modified":"2026-04-16T03:00:03","modified_gmt":"2026-04-16T00:00:03","slug":"dilek-fenerleri","status":"publish","type":"product","link":"https:\/\/roveyayinevi.com.tr\/index.php\/urun\/dilek-fenerleri\/","title":{"rendered":"Dilek Fenerleri"},"content":{"rendered":"<p>Farkl\u0131 zamanlara, mek\u00e2nlara ait hayatlardan izler bulaca\u011f\u0131n\u0131z hik\u00e2yelerin kanatlar\u0131nda \u00e7\u0131kaca\u011f\u0131n\u0131z bu yolculuk sizi yeni ve de\u011fi\u015fken iklimlere ta\u015f\u0131yacak. Bazen h\u00fczn\u00fcn bal\u00e7\u0131kl\u0131 k\u0131y\u0131lar\u0131nda bulacaks\u0131n\u0131z kendinizi, bazen de okudu\u011funuz sat\u0131rlar mutlulu\u011fun en g\u00fczel tonlar\u0131na boyanm\u0131\u015f bir g\u00f6ky\u00fcz\u00fcne d\u00f6n\u00fc\u015fecek. \u0130nce i\u015f\u00e7ilikli sevdalara \u015fahitlik ederken yolunuz \u00e7o\u011fu zaman zorluklar\u0131 sab\u0131rla g\u00f6\u011f\u00fcsleyebilen ve a\u015fk\u0131n en saf haliyle \u00e7arpan nahif y\u00fcreklere \u00e7\u0131kacak. Merhamet dolu kalplerde soluklan\u0131p teselli bulacak, hayal k\u0131r\u0131kl\u0131klar\u0131yla \u00e7\u0131rp\u0131n\u0131p k\u00f6p\u00fcren ruhlar\u0131n\u0131z. Belki de imk\u00e2ns\u0131zl\u0131klarla dolu silik hayatlar\u0131ndan ba\u015far\u0131 hik\u00e2yeleri \u00e7\u0131karmay\u0131 ba\u015faranlar ayd\u0131nlatacak umutsuzluklar\u0131n\u0131z\u0131. E\u011fitimci-Sa\u011fl\u0131k\u00e7\u0131 Yazar \u0130lknur I\u015f\u0131k\u2019\u0131n kaleminden haz\u0131rlanan bu eser; insan\u00ee vas\u0131flar\u0131n\u0131za zamandan, mek\u00e2ndan ve dilden \u00f6te bir ayna tutarken hayat\u0131n\u0131za ve hayallerinize yeni ufuklar a\u00e7acak. <\/p>\n","protected":false},"excerpt":{"rendered":"<p>Farkl\u0131 zamanlara, mek\u00e2nlara ait hayatlardan izler bulaca\u011f\u0131n\u0131z hik\u00e2yelerin kanatlar\u0131nda \u00e7\u0131kaca\u011f\u0131n\u0131z bu yolculuk sizi yeni ve de\u011fi\u015fken iklimlere ta\u015f\u0131yacak. Bazen h\u00fczn\u00fcn bal\u00e7\u0131kl\u0131 k\u0131y\u0131lar\u0131nda bulacaks\u0131n\u0131z kendinizi, bazen de<span class=\"excerpt-hellip\"> [\u2026]<\/span><\/p>\n","protected":false},"featured_media":0,"template":"","meta":{"_monsterinsights_skip_tracking":false,"_monsterinsights_sitenote_active":false,"_monsterinsights_sitenote_note":"","_monsterinsights_sitenote_category":0},"product_brand":[],"product_cat":[12291,18202],"product_tag":[],"class_list":{"0":"post-747411","1":"product","2":"type-product","3":"status-publish","5":"product_cat-edebiyat","6":"product_cat-hikaye","7":"pa_cilt-ciltsiz","8":"pa_tur-kitap","9":"pa_yayinevi-cinaralti-yayinlari","10":"pa_yazar-ilknur-isik","12":"first","13":"instock","14":"sale","15":"shipping-taxable","16":"purchasable","17":"product-type-simple"},"_links":{"self":[{"href":"https:\/\/roveyayinevi.com.tr\/index.php\/wp-json\/wp\/v2\/product\/747411","targetHints":{"allow":["GET"]}}],"collection":[{"href":"https:\/\/roveyayinevi.com.tr\/index.php\/wp-json\/wp\/v2\/product"}],"about":[{"href":"https:\/\/roveyayinevi.com.tr\/index.php\/wp-json\/wp\/v2\/types\/product"}],"wp:attachment":[{"href":"https:\/\/roveyayinevi.com.tr\/index.php\/wp-json\/wp\/v2\/media?parent=747411"}],"wp:term":[{"taxonomy":"product_brand","embeddable":true,"href":"https:\/\/roveyayinevi.com.tr\/index.php\/wp-json\/wp\/v2\/product_brand?post=747411"},{"taxonomy":"product_cat","embeddable":true,"href":"https:\/\/roveyayinevi.com.tr\/index.php\/wp-json\/wp\/v2\/product_cat?post=747411"},{"taxonomy":"product_tag","embeddable":true,"href":"https:\/\/roveyayinevi.com.tr\/index.php\/wp-json\/wp\/v2\/product_tag?post=747411"}],"curies":[{"name":"wp","href":"https:\/\/api.w.org\/{rel}","templated":true}]}}