{"id":747410,"date":"2025-08-28T03:05:47","date_gmt":"2025-08-28T00:05:47","guid":{"rendered":"https:\/\/roveyayinevi.com.tr\/index.php\/urun\/adalet-4\/"},"modified":"2026-04-16T03:00:03","modified_gmt":"2026-04-16T00:00:03","slug":"adalet-4","status":"publish","type":"product","link":"https:\/\/roveyayinevi.com.tr\/index.php\/urun\/adalet-4\/","title":{"rendered":"Adalet"},"content":{"rendered":"<p>\u201cYer ve g\u00f6kler ancak adaletle ayakta durur.\u201d (Hadisi \u015eerif) \u0130nsan, en \u015ferefli ve sosyal bir varl\u0131kt\u0131r. \u0130nsanlar\u0131n korunmaya, d\u00fczene ve adalete ihtiya\u00e7lar\u0131 vard\u0131r. Devlet de bu ihtiya\u00e7lardan do\u011fmu\u015ftur. Devletlerin varl\u0131\u011f\u0131n\u0131 s\u00fcrd\u00fcrebilmeleri, milletlerin huzur i\u00e7inde ya\u015famalar\u0131 ancak adaletle m\u00fcmk\u00fcnd\u00fcr. Devletin dini ve g\u00f6k kubbenin dire\u011fi adalettir. Yer ve g\u00f6kler ancak adaletle ayakta durur. Din ve vicdan h\u00fcrriyeti ile can, mal, ak\u0131l ve neslin korunmas\u0131 \u00e7ok \u00f6nemlidir. Devletin g\u00f6revi, insanlar\u0131n hukukunu adaletle korumakt\u0131r. Tarih g\u00f6stermi\u015ftir ki insanlar huzur ve mutlulu\u011fu iki sebeple kazanm\u0131\u015f ya da kaybetmi\u015ftir: Emanet ve adalet\u2026 Bu kitapta adaleti, emaneti, d\u00fcr\u00fcstl\u00fc\u011f\u00fc, itidali, \u00f6l\u00e7\u00fcy\u00fc, dengeyi ve orta yolu bulacaks\u0131n\u0131z. <\/p>\n","protected":false},"excerpt":{"rendered":"<p>\u201cYer ve g\u00f6kler ancak adaletle ayakta durur.\u201d (Hadisi \u015eerif) \u0130nsan, en \u015ferefli ve sosyal bir varl\u0131kt\u0131r. \u0130nsanlar\u0131n korunmaya, d\u00fczene ve adalete ihtiya\u00e7lar\u0131 vard\u0131r. Devlet de bu<span class=\"excerpt-hellip\"> [\u2026]<\/span><\/p>\n","protected":false},"featured_media":0,"template":"","meta":{"_monsterinsights_skip_tracking":false,"_monsterinsights_sitenote_active":false,"_monsterinsights_sitenote_note":"","_monsterinsights_sitenote_category":0},"product_brand":[],"product_cat":[52477],"product_tag":[],"class_list":{"0":"post-747410","1":"product","2":"type-product","3":"status-publish","5":"product_cat-arastirma","6":"pa_cilt-ciltsiz","7":"pa_tur-kitap","8":"pa_yayinevi-cinaralti-yayinlari","9":"pa_yazar-ilyas-tekin","11":"first","12":"instock","13":"sale","14":"shipping-taxable","15":"purchasable","16":"product-type-simple"},"_links":{"self":[{"href":"https:\/\/roveyayinevi.com.tr\/index.php\/wp-json\/wp\/v2\/product\/747410","targetHints":{"allow":["GET"]}}],"collection":[{"href":"https:\/\/roveyayinevi.com.tr\/index.php\/wp-json\/wp\/v2\/product"}],"about":[{"href":"https:\/\/roveyayinevi.com.tr\/index.php\/wp-json\/wp\/v2\/types\/product"}],"wp:attachment":[{"href":"https:\/\/roveyayinevi.com.tr\/index.php\/wp-json\/wp\/v2\/media?parent=747410"}],"wp:term":[{"taxonomy":"product_brand","embeddable":true,"href":"https:\/\/roveyayinevi.com.tr\/index.php\/wp-json\/wp\/v2\/product_brand?post=747410"},{"taxonomy":"product_cat","embeddable":true,"href":"https:\/\/roveyayinevi.com.tr\/index.php\/wp-json\/wp\/v2\/product_cat?post=747410"},{"taxonomy":"product_tag","embeddable":true,"href":"https:\/\/roveyayinevi.com.tr\/index.php\/wp-json\/wp\/v2\/product_tag?post=747410"}],"curies":[{"name":"wp","href":"https:\/\/api.w.org\/{rel}","templated":true}]}}