{"id":747407,"date":"2025-08-28T03:05:42","date_gmt":"2025-08-28T00:05:42","guid":{"rendered":"https:\/\/roveyayinevi.com.tr\/index.php\/urun\/mete-han\/"},"modified":"2026-04-16T03:00:03","modified_gmt":"2026-04-16T00:00:03","slug":"mete-han","status":"publish","type":"product","link":"https:\/\/roveyayinevi.com.tr\/index.php\/urun\/mete-han\/","title":{"rendered":"Mete Han"},"content":{"rendered":"<p>\u201cEyerimi, at\u0131m\u0131 isteyin vereyim; can\u0131m\u0131, mal\u0131m\u0131 isteyin vereyim; fakat kimse benden bir kar\u0131\u015f toprak istemesin vermem. \u0130steyeni de ya\u015fatmam.\u201d *** T\u00fcrk tarihi devletler ve zaferler tarihidir. Tarihe damga vuran olaylarla eski \u00e7a\u011flardan bu yana \u00f6yk\u00fcs\u00fcn\u00fc s\u00fcrd\u00fcrmektedir. Hun \u0130mparatorlu\u011fu\u2019nun kurucusu Mete Han da T\u00fcrklerin \u015fafa\u011f\u0131d\u0131r.  Mete Han, Y\u00fce\u00e7iler elinde esaretten Hunlar\u0131n liderli\u011fine y\u00fckselmi\u015f ve tarihin sayfalar\u0131n\u0131 alt\u0131n harflerle yazm\u0131\u015f b\u00fcy\u00fck bir lider, b\u00fcy\u00fck bir komutand\u0131r. Bug\u00fcn d\u00fcnya ordular\u0131n\u0131n te\u015fkilat yap\u0131s\u0131n\u0131 olu\u015fturan \u201conlu sistem\u201di bulan ve kendi ordusunda kullanan Mete Han\u2019dan ba\u015fkas\u0131 de\u011fildir. O, bilinen d\u00fcnyay\u0131 titreten T\u00fcrk\u2019t\u00fcr. Vatan topra\u011f\u0131n\u0131n kutsall\u0131\u011f\u0131n\u0131 her f\u0131rsatta g\u00f6steren ve d\u00fc\u015fmanlar\u0131n\u0131 tarihten silen bir devlet adam\u0131d\u0131r. Mete Han T\u00fcrk\u2019\u00fcn ruhsal k\u00f6klerinin can damarlar\u0131n\u0131n ba\u015f\u0131nda gelir. Bu roman\u0131n sayfalar\u0131nda T\u00fcrk ulusunun \u015fanl\u0131 tarihini g\u00f6recek, Asya bozk\u0131rlar\u0131nda at ko\u015fturacak ve bir kez daha tarihinizle gurur duyacaks\u0131n\u0131z. <\/p>\n","protected":false},"excerpt":{"rendered":"<p>\u201cEyerimi, at\u0131m\u0131 isteyin vereyim; can\u0131m\u0131, mal\u0131m\u0131 isteyin vereyim; fakat kimse benden bir kar\u0131\u015f toprak istemesin vermem. \u0130steyeni de ya\u015fatmam.\u201d *** T\u00fcrk tarihi devletler ve zaferler tarihidir.<span class=\"excerpt-hellip\"> [\u2026]<\/span><\/p>\n","protected":false},"featured_media":0,"template":"","meta":{"_monsterinsights_skip_tracking":false,"_monsterinsights_sitenote_active":false,"_monsterinsights_sitenote_note":"","_monsterinsights_sitenote_category":0},"product_brand":[],"product_cat":[12291,12711],"product_tag":[],"class_list":{"0":"post-747407","1":"product","2":"type-product","3":"status-publish","5":"product_cat-edebiyat","6":"product_cat-roman-oyku","7":"pa_cilt-ciltsiz","8":"pa_tur-kitap","9":"pa_yayinevi-cinaralti-yayinlari","10":"pa_yazar-coskun-mutlu","12":"first","13":"instock","14":"sale","15":"shipping-taxable","16":"purchasable","17":"product-type-simple"},"_links":{"self":[{"href":"https:\/\/roveyayinevi.com.tr\/index.php\/wp-json\/wp\/v2\/product\/747407","targetHints":{"allow":["GET"]}}],"collection":[{"href":"https:\/\/roveyayinevi.com.tr\/index.php\/wp-json\/wp\/v2\/product"}],"about":[{"href":"https:\/\/roveyayinevi.com.tr\/index.php\/wp-json\/wp\/v2\/types\/product"}],"wp:attachment":[{"href":"https:\/\/roveyayinevi.com.tr\/index.php\/wp-json\/wp\/v2\/media?parent=747407"}],"wp:term":[{"taxonomy":"product_brand","embeddable":true,"href":"https:\/\/roveyayinevi.com.tr\/index.php\/wp-json\/wp\/v2\/product_brand?post=747407"},{"taxonomy":"product_cat","embeddable":true,"href":"https:\/\/roveyayinevi.com.tr\/index.php\/wp-json\/wp\/v2\/product_cat?post=747407"},{"taxonomy":"product_tag","embeddable":true,"href":"https:\/\/roveyayinevi.com.tr\/index.php\/wp-json\/wp\/v2\/product_tag?post=747407"}],"curies":[{"name":"wp","href":"https:\/\/api.w.org\/{rel}","templated":true}]}}