{"id":747405,"date":"2025-08-28T03:05:40","date_gmt":"2025-08-28T00:05:40","guid":{"rendered":"https:\/\/roveyayinevi.com.tr\/index.php\/urun\/doga-savascilari-5-ata-tohumlarinin-izinde\/"},"modified":"2026-04-16T03:00:03","modified_gmt":"2026-04-16T00:00:03","slug":"doga-savascilari-5-ata-tohumlarinin-izinde","status":"publish","type":"product","link":"https:\/\/roveyayinevi.com.tr\/index.php\/urun\/doga-savascilari-5-ata-tohumlarinin-izinde\/","title":{"rendered":"Do\u011fa Sava\u015f\u00e7\u0131lar\u0131-5 Ata Tohumlar\u0131n\u0131n \u0130zinde"},"content":{"rendered":"<p>Optik Pusat ve Val\u00f6r Parmak, yeni maceralar\u0131nda kendilerini derin ve karanl\u0131k bir \u00e7ukurun i\u00e7indeki ma\u011farada bulurlar. Ma\u011faran\u0131n duvarlar\u0131na ise oyulmu\u015f \u00e7ekmeceler, dokuzlu kodlama sistemi, f\u0131rlat\u0131lmaya haz\u0131r roket, y\u0131ld\u0131zlar\u0131n \u00f6tesinden gelen misafirler\u2026 Gizemli ve \u015feffaf hortumu olu\u015fturan maddenin s\u0131rr\u0131\u2026 Bir\u00e7ok gizemi birlikte \u00e7\u00f6zece\u011finiz bu hik\u00e2yede, kahramanlar\u0131m\u0131za Profes\u00f6r Trikitum ile birlikte iki s\u00fcrpriz arkada\u015f\u0131n\u0131z da e\u015flik edecek. Yeni bir maceraya haz\u0131r m\u0131s\u0131n\u0131z? <\/p>\n","protected":false},"excerpt":{"rendered":"<p>Optik Pusat ve Val\u00f6r Parmak, yeni maceralar\u0131nda kendilerini derin ve karanl\u0131k bir \u00e7ukurun i\u00e7indeki ma\u011farada bulurlar. Ma\u011faran\u0131n duvarlar\u0131na ise oyulmu\u015f \u00e7ekmeceler, dokuzlu kodlama sistemi, f\u0131rlat\u0131lmaya haz\u0131r<span class=\"excerpt-hellip\"> [\u2026]<\/span><\/p>\n","protected":false},"featured_media":0,"template":"","meta":{"_monsterinsights_skip_tracking":false,"_monsterinsights_sitenote_active":false,"_monsterinsights_sitenote_note":"","_monsterinsights_sitenote_category":0},"product_brand":[],"product_cat":[12274,12284],"product_tag":[],"class_list":{"0":"post-747405","1":"product","2":"type-product","3":"status-publish","5":"product_cat-cocuk-ve-genclik-kitaplari","6":"product_cat-hikayeler","7":"pa_cilt-ciltsiz","8":"pa_tur-kitap","9":"pa_yayinevi-cinaralti-yayinlari","10":"pa_yazar-ilknur-isik","12":"first","13":"instock","14":"sale","15":"shipping-taxable","16":"purchasable","17":"product-type-simple"},"_links":{"self":[{"href":"https:\/\/roveyayinevi.com.tr\/index.php\/wp-json\/wp\/v2\/product\/747405","targetHints":{"allow":["GET"]}}],"collection":[{"href":"https:\/\/roveyayinevi.com.tr\/index.php\/wp-json\/wp\/v2\/product"}],"about":[{"href":"https:\/\/roveyayinevi.com.tr\/index.php\/wp-json\/wp\/v2\/types\/product"}],"wp:attachment":[{"href":"https:\/\/roveyayinevi.com.tr\/index.php\/wp-json\/wp\/v2\/media?parent=747405"}],"wp:term":[{"taxonomy":"product_brand","embeddable":true,"href":"https:\/\/roveyayinevi.com.tr\/index.php\/wp-json\/wp\/v2\/product_brand?post=747405"},{"taxonomy":"product_cat","embeddable":true,"href":"https:\/\/roveyayinevi.com.tr\/index.php\/wp-json\/wp\/v2\/product_cat?post=747405"},{"taxonomy":"product_tag","embeddable":true,"href":"https:\/\/roveyayinevi.com.tr\/index.php\/wp-json\/wp\/v2\/product_tag?post=747405"}],"curies":[{"name":"wp","href":"https:\/\/api.w.org\/{rel}","templated":true}]}}