{"id":747400,"date":"2025-08-28T03:05:33","date_gmt":"2025-08-28T00:05:33","guid":{"rendered":"https:\/\/roveyayinevi.com.tr\/index.php\/urun\/evli-mutlu-cocuklu\/"},"modified":"2026-04-16T03:00:02","modified_gmt":"2026-04-16T00:00:02","slug":"evli-mutlu-cocuklu","status":"publish","type":"product","link":"https:\/\/roveyayinevi.com.tr\/index.php\/urun\/evli-mutlu-cocuklu\/","title":{"rendered":"Evli Mutlu \u00c7ocuklu"},"content":{"rendered":"<p>Evlilik, hayat bulmak m\u0131 yoksa birbirimize hayat olmak m\u0131d\u0131r? \u0130lk insan \u00c2dem peygamberimizden bu yana insanl\u0131k evlilikle \u00e7a\u011flara y\u00fcr\u00fcd\u00fc. Her aile kendisini \u00e7ocu\u011funa f\u0131s\u0131ldad\u0131. Bin y\u0131llar\u0131, y\u00fcz y\u0131llar\u0131 a\u015f\u0131p bizlere ula\u015ft\u0131 ve gelece\u011fe k\u00f6pr\u00fc oldu. Ge\u00e7mi\u015fimizi gelece\u011fe emanet etti\u011fimiz yer olan aile, ne kadar iyi olursa gelecekte o kadar iyi olacakt\u0131r. Herkesin evlenmekten imtina etti\u011fi bir zamanda; \u201cEvli Mutlu \u00c7ocuklu\u201d olman\u0131n hayat\u0131m\u0131za ne kadar renk kataca\u011f\u0131n\u0131, h\u00fcz\u00fcnlerimizin nas\u0131l da\u011f\u0131laca\u011f\u0131n\u0131, umutlar\u0131m\u0131z\u0131n nas\u0131l ye\u015ferece\u011fini bize g\u00f6steren, \u201cEvlilik bu kadar kolay ve e\u011flenceli miymi\u015f?\u201d diyece\u011finiz bir kitapla kar\u015f\u0131 kar\u015f\u0131yay\u0131z. Hasan Basri Yi\u011fit; \u201cBir aile, toplumun gidi\u015fat\u0131n\u0131 nas\u0131l de\u011fi\u015ftirebilir?\u201d sorusunun cevab\u0131n\u0131 verirken, size \u201cNeden bu aile siz olmayas\u0131n\u0131z?\u201d diye soruyor. Neden \u201cEvli Mutlu \u00c7ocuklu\u201d bir aile olmayas\u0131n\u0131z! <\/p>\n","protected":false},"excerpt":{"rendered":"<p>Evlilik, hayat bulmak m\u0131 yoksa birbirimize hayat olmak m\u0131d\u0131r? \u0130lk insan \u00c2dem peygamberimizden bu yana insanl\u0131k evlilikle \u00e7a\u011flara y\u00fcr\u00fcd\u00fc. Her aile kendisini \u00e7ocu\u011funa f\u0131s\u0131ldad\u0131. Bin y\u0131llar\u0131,<span class=\"excerpt-hellip\"> [\u2026]<\/span><\/p>\n","protected":false},"featured_media":0,"template":"","meta":{"_monsterinsights_skip_tracking":false,"_monsterinsights_sitenote_active":false,"_monsterinsights_sitenote_note":"","_monsterinsights_sitenote_category":0},"product_brand":[],"product_cat":[12325,12324],"product_tag":[],"class_list":{"0":"post-747400","1":"product","2":"type-product","3":"status-publish","5":"product_cat-diger-sosyoloji","6":"product_cat-sosyoloji","7":"pa_cilt-ciltsiz","8":"pa_tur-kitap","9":"pa_yayinevi-cinaralti-yayinlari","10":"pa_yazar-hasan-basri-yigit","12":"first","13":"instock","14":"sale","15":"shipping-taxable","16":"purchasable","17":"product-type-simple"},"_links":{"self":[{"href":"https:\/\/roveyayinevi.com.tr\/index.php\/wp-json\/wp\/v2\/product\/747400","targetHints":{"allow":["GET"]}}],"collection":[{"href":"https:\/\/roveyayinevi.com.tr\/index.php\/wp-json\/wp\/v2\/product"}],"about":[{"href":"https:\/\/roveyayinevi.com.tr\/index.php\/wp-json\/wp\/v2\/types\/product"}],"wp:attachment":[{"href":"https:\/\/roveyayinevi.com.tr\/index.php\/wp-json\/wp\/v2\/media?parent=747400"}],"wp:term":[{"taxonomy":"product_brand","embeddable":true,"href":"https:\/\/roveyayinevi.com.tr\/index.php\/wp-json\/wp\/v2\/product_brand?post=747400"},{"taxonomy":"product_cat","embeddable":true,"href":"https:\/\/roveyayinevi.com.tr\/index.php\/wp-json\/wp\/v2\/product_cat?post=747400"},{"taxonomy":"product_tag","embeddable":true,"href":"https:\/\/roveyayinevi.com.tr\/index.php\/wp-json\/wp\/v2\/product_tag?post=747400"}],"curies":[{"name":"wp","href":"https:\/\/api.w.org\/{rel}","templated":true}]}}