{"id":747399,"date":"2025-08-28T03:05:32","date_gmt":"2025-08-28T00:05:32","guid":{"rendered":"https:\/\/roveyayinevi.com.tr\/index.php\/urun\/bir-mubadilin-dilinden-ordu-kulturu-ciltli\/"},"modified":"2026-04-16T03:00:02","modified_gmt":"2026-04-16T00:00:02","slug":"bir-mubadilin-dilinden-ordu-kulturu-ciltli","status":"publish","type":"product","link":"https:\/\/roveyayinevi.com.tr\/index.php\/urun\/bir-mubadilin-dilinden-ordu-kulturu-ciltli\/","title":{"rendered":"Bir Mubadilin Dilinden Ordu K\u00fclt\u00fcr\u00fc (Ciltli)"},"content":{"rendered":"<p>Bu kitap; hayat m\u00fccadelesi i\u00e7in Ordu&#8217;dan gurbete g\u00f6\u00e7m\u00fc\u015f, s\u0131la \u00f6zlemi \u00e7eken Ordulular ve belki de onlar\u0131n babalar\u0131 gibi memleketleri ile ilgili hat\u0131ralar\u0131 olmayan \u00e7ocuklar\u0131na, dedelerinin ata yurtlar\u0131ndaki ya\u015famlar\u0131 hakk\u0131nda bir\u00e7ok \u00f6rnek sunmaktad\u0131r. \u00c7ocuk oyunlar\u0131 ba\u015fta olmak \u00fczere yaz\u0131lm\u0131\u015f her \u015fey, hayat m\u00fccadelesi i\u00e7inde olan hem\u015ferilerimize anl\u0131k de olsa Ordumuzu hat\u0131rlatmaya yetecektir. Bu kitap, ayn\u0131 zamanda tarihi s\u00fcre\u00e7 i\u00e7inde daha \u00f6nceleri \u015fehrimize g\u00f6\u00e7lerle getirilen k\u00fclt\u00fcrleri de dile getirmektedir. Dolay\u0131s\u0131yla bu k\u0131ymetli \u00e7al\u0131\u015fma bir Karadeniz b\u00f6lgesi k\u00fclt\u00fcr\u00fc kitab\u0131 olarak da kabul edilebilir. &#8220;Bir M\u00fcbadilin Dilinden Ordu K\u00fclt\u00fcr\u00fc&#8221; isimli bu kitap ayn\u0131 zamanda kendi t\u00fcr\u00fcnde yaz\u0131lan eserlerin en geni\u015flerinden biridir. Tarih, edebiyat iktisat, hik\u00e2yeler, hurafeler, d\u00fc\u011f\u00fcnler gibi bir\u00e7ok konunun yan\u0131nda \u00e7ocuk oyunlar\u0131ndan, mutfak gere\u00e7lerine kadar detayl\u0131 bir \u015fekilde ele al\u0131nan konular bu \u00e7al\u0131\u015fmaya bir kaynak kitap haline getirmektedir. Dolay\u0131s\u0131yla Ordu ve T\u00fcrk k\u00fclt\u00fcr\u00fcne ciddi bir katk\u0131 sunacakt\u0131r. Bu terc\u00fcme \u00e7al\u0131\u015fmas\u0131: gen\u00e7 ku\u015faklar\u0131n, b\u00fcy\u00fcklerinin sanat, edebiyat ve k\u00fclt\u00fcr\u00fcne ilgi duymas\u0131n\u0131 da sa\u011flayacakt\u0131r. Bu eser g\u00fcn\u00fcm\u00fcz \u015fartlar\u0131ndan dolay\u0131 k\u00fclt\u00fcrel bir erozyon ve yok olma kar\u015f\u0131s\u0131nda, kendi \u015fehrimizin ger\u00e7ek k\u00fclt\u00fcr\u00fcn\u00fcn haf\u0131zalarda kalmas\u0131na yard\u0131mc\u0131 olacak bir kaynakt\u0131r. <\/p>\n","protected":false},"excerpt":{"rendered":"<p>Bu kitap; hayat m\u00fccadelesi i\u00e7in Ordu&#8217;dan gurbete g\u00f6\u00e7m\u00fc\u015f, s\u0131la \u00f6zlemi \u00e7eken Ordulular ve belki de onlar\u0131n babalar\u0131 gibi memleketleri ile ilgili hat\u0131ralar\u0131 olmayan \u00e7ocuklar\u0131na, dedelerinin ata<span class=\"excerpt-hellip\"> [\u2026]<\/span><\/p>\n","protected":false},"featured_media":0,"template":"","meta":{"_monsterinsights_skip_tracking":false,"_monsterinsights_sitenote_active":false,"_monsterinsights_sitenote_note":"","_monsterinsights_sitenote_category":0},"product_brand":[],"product_cat":[20039,13488],"product_tag":[],"class_list":{"0":"post-747399","1":"product","2":"type-product","3":"status-publish","5":"product_cat-kultur-tarihi","6":"product_cat-toplum-ve-insan","7":"pa_cilt-ciltli","8":"pa_tur-kitap","9":"pa_yayinevi-cinaralti-yayinlari","10":"pa_yazar-ksenofontas-k-akoglu","12":"first","13":"instock","14":"sale","15":"shipping-taxable","16":"purchasable","17":"product-type-simple"},"_links":{"self":[{"href":"https:\/\/roveyayinevi.com.tr\/index.php\/wp-json\/wp\/v2\/product\/747399","targetHints":{"allow":["GET"]}}],"collection":[{"href":"https:\/\/roveyayinevi.com.tr\/index.php\/wp-json\/wp\/v2\/product"}],"about":[{"href":"https:\/\/roveyayinevi.com.tr\/index.php\/wp-json\/wp\/v2\/types\/product"}],"wp:attachment":[{"href":"https:\/\/roveyayinevi.com.tr\/index.php\/wp-json\/wp\/v2\/media?parent=747399"}],"wp:term":[{"taxonomy":"product_brand","embeddable":true,"href":"https:\/\/roveyayinevi.com.tr\/index.php\/wp-json\/wp\/v2\/product_brand?post=747399"},{"taxonomy":"product_cat","embeddable":true,"href":"https:\/\/roveyayinevi.com.tr\/index.php\/wp-json\/wp\/v2\/product_cat?post=747399"},{"taxonomy":"product_tag","embeddable":true,"href":"https:\/\/roveyayinevi.com.tr\/index.php\/wp-json\/wp\/v2\/product_tag?post=747399"}],"curies":[{"name":"wp","href":"https:\/\/api.w.org\/{rel}","templated":true}]}}