{"id":747397,"date":"2025-08-28T03:05:30","date_gmt":"2025-08-28T00:05:30","guid":{"rendered":"https:\/\/roveyayinevi.com.tr\/index.php\/urun\/yeni-dunya-duzeni-2\/"},"modified":"2026-04-16T03:00:02","modified_gmt":"2026-04-16T00:00:02","slug":"yeni-dunya-duzeni-2","status":"publish","type":"product","link":"https:\/\/roveyayinevi.com.tr\/index.php\/urun\/yeni-dunya-duzeni-2\/","title":{"rendered":"Yeni D\u00fcnya D\u00fczeni"},"content":{"rendered":"<p>Kitab\u0131 anlatacakt\u0131m ama vaz ge\u00e7tim. Kitap anlat\u0131lmaz, okunur da ondan! Asl\u0131nda okumak da yetmez. Okumak i\u00e7in de\u011fil anlamak i\u00e7in okuman\u0131z da gerekiyor. Buna kar\u015f\u0131n kitab\u0131n ba\u015flar\u0131nda epeyce anlatmaya \u00e7al\u0131\u015ft\u0131m. Belki bir yarar\u0131 olabilir diye. Belki ama! Ancak ben size bu kitab\u0131 okuyunca sizde neler olabilece\u011fini veya olaca\u011f\u0131n\u0131 s\u00f6yleyebilir, anlatabilirim. \u015e\u00f6yle ki e\u011fer varsa \u00f6nce kirlerinizden ve tabular\u0131n\u0131zdan ar\u0131nacak ve tertemiz olacaks\u0131n\u0131z. Art\u0131k akl\u0131n\u0131z\u0131 kullanacaks\u0131n\u0131z. Sorgulamaya ba\u015flayacaks\u0131n\u0131z. Do\u011fru yolu bulacaks\u0131n\u0131z. Bilime ve sanata y\u00f6neleceksiniz. Ve b\u00f6ylece art\u0131k \u00e7a\u011fda\u015f bir insan olacaks\u0131n\u0131z. E\u011fer zaten de\u011fildiyseniz elbette. E\u011fer \u00f6yleyseniz bir kez daha peki\u015ftirmi\u015f olacaks\u0131n\u0131z. Ne g\u00fczel! Ve b\u00f6ylece hep birlikte bir d\u00fcnya devletini, Ve bu devlet arac\u0131yla d\u00fcnyam\u0131zda iyi bir d\u00fczen de kurabilece\u011fiz! UYARI! Kitap kap\u0131\u015f kap\u0131\u015f gitti, gidiyor ve gidecek! Rekor k\u0131racak yani! T\u00fcm d\u00fcnya k\u00e2\u011f\u0131t fabrikalar\u0131 \u00e7al\u0131\u015fsa bile yeti\u015ftirebilir mi bilemiyorum. Yani garanti veremem! Bir uyar\u0131 yani\u2026 Ama yine de elbette siz bilirsiniz. Sonra kitap kalmam\u0131\u015f demeyiniz! Benden s\u00f6ylemesi! \u0130yi okumalar dile\u011fimle sevgili okuyucular! <\/p>\n","protected":false},"excerpt":{"rendered":"<p>Kitab\u0131 anlatacakt\u0131m ama vaz ge\u00e7tim. Kitap anlat\u0131lmaz, okunur da ondan! Asl\u0131nda okumak da yetmez. Okumak i\u00e7in de\u011fil anlamak i\u00e7in okuman\u0131z da gerekiyor. Buna kar\u015f\u0131n kitab\u0131n ba\u015flar\u0131nda<span class=\"excerpt-hellip\"> [\u2026]<\/span><\/p>\n","protected":false},"featured_media":0,"template":"","meta":{"_monsterinsights_skip_tracking":false,"_monsterinsights_sitenote_active":false,"_monsterinsights_sitenote_note":"","_monsterinsights_sitenote_category":0},"product_brand":[],"product_cat":[12777,12291],"product_tag":[],"class_list":{"0":"post-747397","1":"product","2":"type-product","3":"status-publish","5":"product_cat-deneme","6":"product_cat-edebiyat","7":"pa_cilt-ciltsiz","8":"pa_tur-kitap","9":"pa_yayinevi-elpis-yayinlari","10":"pa_yazar-cemil-karahan","12":"first","13":"instock","14":"sale","15":"shipping-taxable","16":"purchasable","17":"product-type-simple"},"_links":{"self":[{"href":"https:\/\/roveyayinevi.com.tr\/index.php\/wp-json\/wp\/v2\/product\/747397","targetHints":{"allow":["GET"]}}],"collection":[{"href":"https:\/\/roveyayinevi.com.tr\/index.php\/wp-json\/wp\/v2\/product"}],"about":[{"href":"https:\/\/roveyayinevi.com.tr\/index.php\/wp-json\/wp\/v2\/types\/product"}],"wp:attachment":[{"href":"https:\/\/roveyayinevi.com.tr\/index.php\/wp-json\/wp\/v2\/media?parent=747397"}],"wp:term":[{"taxonomy":"product_brand","embeddable":true,"href":"https:\/\/roveyayinevi.com.tr\/index.php\/wp-json\/wp\/v2\/product_brand?post=747397"},{"taxonomy":"product_cat","embeddable":true,"href":"https:\/\/roveyayinevi.com.tr\/index.php\/wp-json\/wp\/v2\/product_cat?post=747397"},{"taxonomy":"product_tag","embeddable":true,"href":"https:\/\/roveyayinevi.com.tr\/index.php\/wp-json\/wp\/v2\/product_tag?post=747397"}],"curies":[{"name":"wp","href":"https:\/\/api.w.org\/{rel}","templated":true}]}}