{"id":747396,"date":"2025-08-28T03:05:28","date_gmt":"2025-08-28T00:05:28","guid":{"rendered":"https:\/\/roveyayinevi.com.tr\/index.php\/urun\/bana-bir-hikaye-anlat-2\/"},"modified":"2026-04-16T03:00:02","modified_gmt":"2026-04-16T00:00:02","slug":"bana-bir-hikaye-anlat-2","status":"publish","type":"product","link":"https:\/\/roveyayinevi.com.tr\/index.php\/urun\/bana-bir-hikaye-anlat-2\/","title":{"rendered":"Bana Bir Hikaye Anlat"},"content":{"rendered":"<p>\u201cKar bir anda ba\u015flam\u0131\u015ft\u0131. Hava uzun zamand\u0131r olmad\u0131\u011f\u0131 kadar so\u011fuktu. Nefesler titreyerek \u00e7ekiliyor, geri b\u0131rak\u0131l\u0131rken ci\u011ferleri dolduran sis \u00e7evreye yay\u0131l\u0131yordu. Evlerin \u00f6n\u00fcnde biriken beyaz \u00f6l\u00fcm kimseye soka\u011fa \u00e7\u0131kma izni vermiyordu. Binalar\u0131n ta\u015f cephelerine \u00e7arpan ayaz so\u011fu\u011fun ger\u00e7ek sureti gibiydi. Ne bir kap\u0131 ne de pencere bu f\u0131rt\u0131naya kar\u015f\u0131 a\u00e7\u0131k kalabiliyordu. \u015eehrin surlar\u0131n\u0131n i\u00e7indeki her bir ev, en d\u0131\u015far\u0131dan i\u00e7eriye kadar bu ak sa\u00e7l\u0131 iblisten korunmak i\u00e7in kap\u0131lar\u0131n\u0131 kapatm\u0131\u015ft\u0131. \u0130nsanlar, ate\u015flerin \u00e7evresinde, s\u0131k\u0131ca sar\u0131nd\u0131klar\u0131 \u00f6rt\u00fclerinin alt\u0131nda f\u0131rt\u0131nan\u0131n dinmesini bekliyorlard\u0131. B\u00f6yle aniden bast\u0131ran bir f\u0131rt\u0131nay\u0131 y\u0131llard\u0131r kimse g\u00f6rmemi\u015fti. \u015eehir sadece bir kez buna yak\u0131n bir afete \u015fahit olmu\u015ftu.\u201d Bir kad\u0131n isterse d\u00fcnyay\u0131 k\u00f6kten de\u011fi\u015ftirebilir&#8230; \u0130ki d\u00fcnya iki hik\u00e2ye&#8230; Sinan Kadri Erkal&#8217;dan g\u00fcn\u00fcm\u00fcz\u00fc de i\u00e7ine alan fantastik ve psikolojik bir roman&#8230; <\/p>\n","protected":false},"excerpt":{"rendered":"<p>\u201cKar bir anda ba\u015flam\u0131\u015ft\u0131. Hava uzun zamand\u0131r olmad\u0131\u011f\u0131 kadar so\u011fuktu. Nefesler titreyerek \u00e7ekiliyor, geri b\u0131rak\u0131l\u0131rken ci\u011ferleri dolduran sis \u00e7evreye yay\u0131l\u0131yordu. Evlerin \u00f6n\u00fcnde biriken beyaz \u00f6l\u00fcm kimseye<span class=\"excerpt-hellip\"> [\u2026]<\/span><\/p>\n","protected":false},"featured_media":0,"template":"","meta":{"_monsterinsights_skip_tracking":false,"_monsterinsights_sitenote_active":false,"_monsterinsights_sitenote_note":"","_monsterinsights_sitenote_category":0},"product_brand":[],"product_cat":[12291,12711],"product_tag":[],"class_list":{"0":"post-747396","1":"product","2":"type-product","3":"status-publish","5":"product_cat-edebiyat","6":"product_cat-roman-oyku","7":"pa_cilt-ciltsiz","8":"pa_tur-kitap","9":"pa_yayinevi-perseus","10":"pa_yazar-sinan-kadri-erkal","12":"first","13":"instock","14":"sale","15":"shipping-taxable","16":"purchasable","17":"product-type-simple"},"_links":{"self":[{"href":"https:\/\/roveyayinevi.com.tr\/index.php\/wp-json\/wp\/v2\/product\/747396","targetHints":{"allow":["GET"]}}],"collection":[{"href":"https:\/\/roveyayinevi.com.tr\/index.php\/wp-json\/wp\/v2\/product"}],"about":[{"href":"https:\/\/roveyayinevi.com.tr\/index.php\/wp-json\/wp\/v2\/types\/product"}],"wp:attachment":[{"href":"https:\/\/roveyayinevi.com.tr\/index.php\/wp-json\/wp\/v2\/media?parent=747396"}],"wp:term":[{"taxonomy":"product_brand","embeddable":true,"href":"https:\/\/roveyayinevi.com.tr\/index.php\/wp-json\/wp\/v2\/product_brand?post=747396"},{"taxonomy":"product_cat","embeddable":true,"href":"https:\/\/roveyayinevi.com.tr\/index.php\/wp-json\/wp\/v2\/product_cat?post=747396"},{"taxonomy":"product_tag","embeddable":true,"href":"https:\/\/roveyayinevi.com.tr\/index.php\/wp-json\/wp\/v2\/product_tag?post=747396"}],"curies":[{"name":"wp","href":"https:\/\/api.w.org\/{rel}","templated":true}]}}