{"id":747392,"date":"2025-08-28T03:05:22","date_gmt":"2025-08-28T00:05:22","guid":{"rendered":"https:\/\/roveyayinevi.com.tr\/index.php\/urun\/kisa-ve-uzun-sap-baglama-metodu\/"},"modified":"2026-04-16T03:00:02","modified_gmt":"2026-04-16T00:00:02","slug":"kisa-ve-uzun-sap-baglama-metodu","status":"publish","type":"product","link":"https:\/\/roveyayinevi.com.tr\/index.php\/urun\/kisa-ve-uzun-sap-baglama-metodu\/","title":{"rendered":"K\u0131sa ve Uzun Sap Ba\u011flama Metodu"},"content":{"rendered":"<p>Bu Metot, ba\u011flama \u00e7almas\u0131n\u0131 \u00f6\u011frenmek ve geli\u015ftirmek isteyenlerle,  uzun y\u0131llar i\u00e7erisinde edinilen e\u011fitim, g\u00f6zlem ve deneyimlerimizi payla\u015fmak d\u00fc\u015f\u00fcncesiyle haz\u0131rlanm\u0131\u015ft\u0131r. Bu metot kapsam\u0131nda; \u00b7         Ba\u011flaman\u0131n k\u0131sa tan\u0131t\u0131m\u0131 ve akort sistemleri ile temel m\u00fczik bilgileri ve perde notalar\u0131, \u00b7         Hem k\u0131sa, hem de uzun sap ba\u011flama i\u00e7in kolaydan zora do\u011fru 50 al\u0131\u015ft\u0131rma; sevilen ve ba\u011flamay\u0131 geli\u015ftirecek t\u00fcrk\u00fclerden se\u00e7ilen ve sadele\u015ftirilen 50 adet repertuvar notas\u0131 olmak \u00fczere toplam 200 sayfal\u0131k nota \u00e7al\u0131\u015fmas\u0131, \u00b7         Nota altlar\u0131nda parmak numaralar\u0131 ve nota adlar\u0131, \u00b7         Ba\u011flaman\u0131n \u00e7e\u015fitli karar sistemlerinde \u00e7al\u0131nmas\u0131yla ilgili, yararl\u0131 ve \u00f6zel bilgiler bulunmaktad\u0131r. Bu metodu takip edenler; al\u0131\u015ft\u0131rmalar ile Bat\u0131 M\u00fczi\u011finin temel seslerini kavrayacak, t\u00fcrk\u00fc repertuvar\u0131nda kullan\u0131lan ortak nota yaz\u0131l\u0131m\u0131 ile Halk M\u00fczi\u011fi ayaklar\u0131 ve Sanat M\u00fczi\u011fi makam dizileri aras\u0131nda var olan do\u011fal ba\u011flant\u0131y\u0131 kuracaklard\u0131r. Sonucunda; T\u00fcrk Halk M\u00fczi\u011fi yan\u0131nda, T\u00fcrk Sanat M\u00fczi\u011fi eserlerini de ba\u011flamada \u00e7alabilme yetene\u011fini kazanacaklard\u0131r. Metodun, t\u00fcm ba\u011flama ve m\u00fczikseverlere yararl\u0131 olmas\u0131 dile\u011fiyle.  <\/p>\n","protected":false},"excerpt":{"rendered":"<p>Bu Metot, ba\u011flama \u00e7almas\u0131n\u0131 \u00f6\u011frenmek ve geli\u015ftirmek isteyenlerle, uzun y\u0131llar i\u00e7erisinde edinilen e\u011fitim, g\u00f6zlem ve deneyimlerimizi payla\u015fmak d\u00fc\u015f\u00fcncesiyle haz\u0131rlanm\u0131\u015ft\u0131r. Bu metot kapsam\u0131nda; \u00b7 Ba\u011flaman\u0131n k\u0131sa tan\u0131t\u0131m\u0131<span class=\"excerpt-hellip\"> [\u2026]<\/span><\/p>\n","protected":false},"featured_media":0,"template":"","meta":{"_monsterinsights_skip_tracking":false,"_monsterinsights_sitenote_active":false,"_monsterinsights_sitenote_note":"","_monsterinsights_sitenote_category":0},"product_brand":[],"product_cat":[14556,20810],"product_tag":[],"class_list":{"0":"post-747392","1":"product","2":"type-product","3":"status-publish","5":"product_cat-muzik","6":"product_cat-ogrenim-kitaplari","7":"pa_cilt-ciltsiz","8":"pa_tur-kitap","9":"pa_yayinevi-muzik-egitimi-yayinlari","10":"pa_yazar-orhan-ileri","12":"first","13":"instock","14":"sale","15":"shipping-taxable","16":"purchasable","17":"product-type-simple"},"_links":{"self":[{"href":"https:\/\/roveyayinevi.com.tr\/index.php\/wp-json\/wp\/v2\/product\/747392","targetHints":{"allow":["GET"]}}],"collection":[{"href":"https:\/\/roveyayinevi.com.tr\/index.php\/wp-json\/wp\/v2\/product"}],"about":[{"href":"https:\/\/roveyayinevi.com.tr\/index.php\/wp-json\/wp\/v2\/types\/product"}],"wp:attachment":[{"href":"https:\/\/roveyayinevi.com.tr\/index.php\/wp-json\/wp\/v2\/media?parent=747392"}],"wp:term":[{"taxonomy":"product_brand","embeddable":true,"href":"https:\/\/roveyayinevi.com.tr\/index.php\/wp-json\/wp\/v2\/product_brand?post=747392"},{"taxonomy":"product_cat","embeddable":true,"href":"https:\/\/roveyayinevi.com.tr\/index.php\/wp-json\/wp\/v2\/product_cat?post=747392"},{"taxonomy":"product_tag","embeddable":true,"href":"https:\/\/roveyayinevi.com.tr\/index.php\/wp-json\/wp\/v2\/product_tag?post=747392"}],"curies":[{"name":"wp","href":"https:\/\/api.w.org\/{rel}","templated":true}]}}