{"id":747387,"date":"2025-08-28T03:05:15","date_gmt":"2025-08-28T00:05:15","guid":{"rendered":"https:\/\/roveyayinevi.com.tr\/index.php\/urun\/kisa-kibris-tarihi\/"},"modified":"2026-04-16T03:00:01","modified_gmt":"2026-04-16T00:00:01","slug":"kisa-kibris-tarihi","status":"publish","type":"product","link":"https:\/\/roveyayinevi.com.tr\/index.php\/urun\/kisa-kibris-tarihi\/","title":{"rendered":"K\u0131sa K\u0131br\u0131s Tarihi"},"content":{"rendered":"<p>Stratejik \u00f6neminden dolay\u0131 tarih boyunca Persler, Bizansl\u0131lar, Venedikliler, Osmanl\u0131lar gibi \u00e7e\u015fitli imparatorluklar\u0131n kontrol\u00fcne ge\u00e7en K\u0131br\u0131s\u2019\u0131n tarihinde adan\u0131n Birle\u015fik Krall\u0131k denetimine ge\u00e7ti\u011fi 1878 y\u0131l\u0131 b\u00fcy\u00fck \u00f6nem ta\u015f\u0131maktad\u0131r. 1950\u2019li y\u0131llarda \u0130ngiliz y\u00f6netimine kar\u015f\u0131 ba\u015flayan ayaklanmalar\u0131n ard\u0131ndan 1960\u2019larda kanl\u0131 bir i\u00e7 sava\u015f ya\u015fand\u0131. T\u00fcrkiye\u2019nin 1974 y\u0131l\u0131ndaki m\u00fcdahalesi sonras\u0131nda Birle\u015fmi\u015f Milletler \u00f6nc\u00fcl\u00fc\u011f\u00fcnde s\u00fcrd\u00fcr\u00fclen \u00e7\u00f6z\u00fcm aray\u0131\u015flar\u0131 bug\u00fcne dek sonu\u00e7suz kald\u0131. Tommy Clark\u2019\u0131n K\u0131sa K\u0131br\u0131s Tarihi adan\u0131n tarihine ve bug\u00fcn de devam eden siyasi anla\u015fmazl\u0131klar\u0131n k\u00f6kenine dair e\u015fsiz bir bak\u0131\u015f sunuyor. \u201cBir zamanlar adan\u0131n t\u00fcm\u00fc tek bir \u00fclke konumundayd\u0131; T\u00fcrk\u00e7e konu\u015fan M\u00fcsl\u00fcman toplum ile Rumca konu\u015fan Ortodoks toplum bar\u0131\u015f i\u00e7inde bir arada ya\u015f\u0131yordu. Peki, sonra ne oldu?\u201d<\/p>\n","protected":false},"excerpt":{"rendered":"<p>Stratejik \u00f6neminden dolay\u0131 tarih boyunca Persler, Bizansl\u0131lar, Venedikliler, Osmanl\u0131lar gibi \u00e7e\u015fitli imparatorluklar\u0131n kontrol\u00fcne ge\u00e7en K\u0131br\u0131s\u2019\u0131n tarihinde adan\u0131n Birle\u015fik Krall\u0131k denetimine ge\u00e7ti\u011fi 1878 y\u0131l\u0131 b\u00fcy\u00fck \u00f6nem ta\u015f\u0131maktad\u0131r.<span class=\"excerpt-hellip\"> [\u2026]<\/span><\/p>\n","protected":false},"featured_media":0,"template":"","meta":{"_monsterinsights_skip_tracking":false,"_monsterinsights_sitenote_active":false,"_monsterinsights_sitenote_note":"","_monsterinsights_sitenote_category":0},"product_brand":[],"product_cat":[12370,12304],"product_tag":[],"class_list":{"0":"post-747387","1":"product","2":"type-product","3":"status-publish","5":"product_cat-arastirma-inceleme","6":"product_cat-tarih","7":"pa_cilt-ciltsiz","8":"pa_tur-kitap","9":"pa_yayinevi-say-yayinlari","10":"pa_yazar-tommy-clark","12":"first","13":"instock","14":"sale","15":"shipping-taxable","16":"purchasable","17":"product-type-simple"},"_links":{"self":[{"href":"https:\/\/roveyayinevi.com.tr\/index.php\/wp-json\/wp\/v2\/product\/747387","targetHints":{"allow":["GET"]}}],"collection":[{"href":"https:\/\/roveyayinevi.com.tr\/index.php\/wp-json\/wp\/v2\/product"}],"about":[{"href":"https:\/\/roveyayinevi.com.tr\/index.php\/wp-json\/wp\/v2\/types\/product"}],"wp:attachment":[{"href":"https:\/\/roveyayinevi.com.tr\/index.php\/wp-json\/wp\/v2\/media?parent=747387"}],"wp:term":[{"taxonomy":"product_brand","embeddable":true,"href":"https:\/\/roveyayinevi.com.tr\/index.php\/wp-json\/wp\/v2\/product_brand?post=747387"},{"taxonomy":"product_cat","embeddable":true,"href":"https:\/\/roveyayinevi.com.tr\/index.php\/wp-json\/wp\/v2\/product_cat?post=747387"},{"taxonomy":"product_tag","embeddable":true,"href":"https:\/\/roveyayinevi.com.tr\/index.php\/wp-json\/wp\/v2\/product_tag?post=747387"}],"curies":[{"name":"wp","href":"https:\/\/api.w.org\/{rel}","templated":true}]}}