{"id":747385,"date":"2025-08-28T03:05:13","date_gmt":"2025-08-28T00:05:13","guid":{"rendered":"https:\/\/roveyayinevi.com.tr\/index.php\/urun\/temizlik-gunu-minik-yardimcilar\/"},"modified":"2026-04-16T03:00:01","modified_gmt":"2026-04-16T00:00:01","slug":"temizlik-gunu-minik-yardimcilar","status":"publish","type":"product","link":"https:\/\/roveyayinevi.com.tr\/index.php\/urun\/temizlik-gunu-minik-yardimcilar\/","title":{"rendered":"Temizlik G\u00fcn\u00fc &#8211; Minik Yard\u0131mc\u0131lar"},"content":{"rendered":"<p>Bug\u00fcn yap\u0131lacak ev i\u015fleri listesinde neler var? Ev i\u015flerini yaparken nelere dikkat etmeliyiz? Bu arada, sak\u0131n tabaklar\u0131 y\u0131kamay\u0131 unutma! Birtak\u0131m i\u015flerin oyununu oynamaktan onlar\u0131 ger\u00e7ekten yapma a\u015famas\u0131na ge\u00e7mek \u00e7ocu\u011fun geli\u015fiminde \u00f6nemli bir ad\u0131md\u0131r. Payla\u015f\u0131lan bir amaca ba\u015far\u0131yla ula\u015fmak \u00e7ocu\u011fun sorumluluk alma iste\u011fini g\u00fc\u00e7lendirirken ileti\u015fim kurma, empati, i\u015f birli\u011fi gibi sosyal becerilerini de geli\u015ftirir. Bu kitaptaki ak\u0131c\u0131 metinler ve canl\u0131 resimler, kitab\u0131 okuyacak ki\u015fi ile \u00e7ocuk aras\u0131nda konu hakk\u0131ndaki konu\u015fman\u0131n s\u00fcrmesini sa\u011flamaya y\u00f6nelik tasarlanm\u0131\u015ft\u0131r. <\/p>\n","protected":false},"excerpt":{"rendered":"<p>Bug\u00fcn yap\u0131lacak ev i\u015fleri listesinde neler var? Ev i\u015flerini yaparken nelere dikkat etmeliyiz? Bu arada, sak\u0131n tabaklar\u0131 y\u0131kamay\u0131 unutma! Birtak\u0131m i\u015flerin oyununu oynamaktan onlar\u0131 ger\u00e7ekten yapma<span class=\"excerpt-hellip\"> [\u2026]<\/span><\/p>\n","protected":false},"featured_media":0,"template":"","meta":{"_monsterinsights_skip_tracking":false,"_monsterinsights_sitenote_active":false,"_monsterinsights_sitenote_note":"","_monsterinsights_sitenote_category":0},"product_brand":[],"product_cat":[12274,12518],"product_tag":[],"class_list":{"0":"post-747385","1":"product","2":"type-product","3":"status-publish","5":"product_cat-cocuk-ve-genclik-kitaplari","6":"product_cat-okul-oncesi-kitaplar","7":"pa_cilt-ciltsiz","8":"pa_tur-kitap","9":"pa_yayinevi-is-bankasi-kultur-yayinlari","10":"pa_yazar-kolektif","12":"first","13":"instock","14":"sale","15":"shipping-taxable","16":"purchasable","17":"product-type-simple"},"_links":{"self":[{"href":"https:\/\/roveyayinevi.com.tr\/index.php\/wp-json\/wp\/v2\/product\/747385","targetHints":{"allow":["GET"]}}],"collection":[{"href":"https:\/\/roveyayinevi.com.tr\/index.php\/wp-json\/wp\/v2\/product"}],"about":[{"href":"https:\/\/roveyayinevi.com.tr\/index.php\/wp-json\/wp\/v2\/types\/product"}],"wp:attachment":[{"href":"https:\/\/roveyayinevi.com.tr\/index.php\/wp-json\/wp\/v2\/media?parent=747385"}],"wp:term":[{"taxonomy":"product_brand","embeddable":true,"href":"https:\/\/roveyayinevi.com.tr\/index.php\/wp-json\/wp\/v2\/product_brand?post=747385"},{"taxonomy":"product_cat","embeddable":true,"href":"https:\/\/roveyayinevi.com.tr\/index.php\/wp-json\/wp\/v2\/product_cat?post=747385"},{"taxonomy":"product_tag","embeddable":true,"href":"https:\/\/roveyayinevi.com.tr\/index.php\/wp-json\/wp\/v2\/product_tag?post=747385"}],"curies":[{"name":"wp","href":"https:\/\/api.w.org\/{rel}","templated":true}]}}