{"id":747382,"date":"2025-08-28T03:05:09","date_gmt":"2025-08-28T00:05:09","guid":{"rendered":"https:\/\/roveyayinevi.com.tr\/index.php\/urun\/guzelligi-bulmak\/"},"modified":"2026-01-29T03:31:46","modified_gmt":"2026-01-29T00:31:46","slug":"guzelligi-bulmak","status":"publish","type":"product","link":"https:\/\/roveyayinevi.com.tr\/index.php\/urun\/guzelligi-bulmak\/","title":{"rendered":"G\u00fczelli\u011fi Bulmak"},"content":{"rendered":"<p>E\u011fer bakmay\u0131 bilirsen, g\u00f6zlerini nereye \u00e7evirsen g\u00f6r\u00fcrs\u00fcn g\u00fczelli\u011fi&#8230; G\u00fczellik bazen bir \u015fiir f\u0131s\u0131ldar kula\u011f\u0131na. Bir \u015fark\u0131 s\u00f6yler ya da bazen g\u00fczel bir resim yapar duvara. \u0130lk bak\u0131\u015fta fark edilmeyen g\u00fczellikleri nas\u0131l ke\u015ffedece\u011fini \u00f6\u011frenmek ister misin? <\/p>\n","protected":false},"excerpt":{"rendered":"<p>E\u011fer bakmay\u0131 bilirsen, g\u00f6zlerini nereye \u00e7evirsen g\u00f6r\u00fcrs\u00fcn g\u00fczelli\u011fi&#8230; G\u00fczellik bazen bir \u015fiir f\u0131s\u0131ldar kula\u011f\u0131na. Bir \u015fark\u0131 s\u00f6yler ya da bazen g\u00fczel bir resim yapar duvara. \u0130lk<span class=\"excerpt-hellip\"> [\u2026]<\/span><\/p>\n","protected":false},"featured_media":0,"template":"","meta":{"_monsterinsights_skip_tracking":false,"_monsterinsights_sitenote_active":false,"_monsterinsights_sitenote_note":"","_monsterinsights_sitenote_category":0},"product_brand":[],"product_cat":[12274,12518],"product_tag":[],"class_list":{"0":"post-747382","1":"product","2":"type-product","3":"status-publish","5":"product_cat-cocuk-ve-genclik-kitaplari","6":"product_cat-okul-oncesi-kitaplar","7":"pa_cilt-ciltsiz","8":"pa_tur-kitap","9":"pa_yayinevi-is-bankasi-kultur-yayinlari","10":"pa_yazar-talitha-shipman","12":"first","13":"instock","14":"sale","15":"shipping-taxable","16":"purchasable","17":"product-type-simple"},"_links":{"self":[{"href":"https:\/\/roveyayinevi.com.tr\/index.php\/wp-json\/wp\/v2\/product\/747382","targetHints":{"allow":["GET"]}}],"collection":[{"href":"https:\/\/roveyayinevi.com.tr\/index.php\/wp-json\/wp\/v2\/product"}],"about":[{"href":"https:\/\/roveyayinevi.com.tr\/index.php\/wp-json\/wp\/v2\/types\/product"}],"wp:attachment":[{"href":"https:\/\/roveyayinevi.com.tr\/index.php\/wp-json\/wp\/v2\/media?parent=747382"}],"wp:term":[{"taxonomy":"product_brand","embeddable":true,"href":"https:\/\/roveyayinevi.com.tr\/index.php\/wp-json\/wp\/v2\/product_brand?post=747382"},{"taxonomy":"product_cat","embeddable":true,"href":"https:\/\/roveyayinevi.com.tr\/index.php\/wp-json\/wp\/v2\/product_cat?post=747382"},{"taxonomy":"product_tag","embeddable":true,"href":"https:\/\/roveyayinevi.com.tr\/index.php\/wp-json\/wp\/v2\/product_tag?post=747382"}],"curies":[{"name":"wp","href":"https:\/\/api.w.org\/{rel}","templated":true}]}}