{"id":747377,"date":"2025-08-28T03:05:02","date_gmt":"2025-08-28T00:05:02","guid":{"rendered":"https:\/\/roveyayinevi.com.tr\/index.php\/urun\/elanin-buyulu-bilezigi-pericinlerin-ini\/"},"modified":"2026-04-16T03:00:01","modified_gmt":"2026-04-16T00:00:01","slug":"elanin-buyulu-bilezigi-pericinlerin-ini","status":"publish","type":"product","link":"https:\/\/roveyayinevi.com.tr\/index.php\/urun\/elanin-buyulu-bilezigi-pericinlerin-ini\/","title":{"rendered":"Ela&#8217;n\u0131n B\u00fcy\u00fcl\u00fc Bilezi\u011fi &#8211; Pericinlerin \u0130ni"},"content":{"rendered":"<p>Alt\u0131n Olimpiyat madalyas\u0131 sahibi JESSICA ENNIS-HILL\u2019in gen\u00e7 okurlar i\u00e7in kaleme ald\u0131\u011f\u0131 ilk seri Akl\u0131n\u0131zdan ge\u00e7en her \u015feyin pat diye kar\u015f\u0131n\u0131zda belirmesini sa\u011flayan b\u00fcy\u00fcl\u00fc bir bilezi\u011finiz olsa ne yapard\u0131n\u0131z? Ela, yaramaz pericinlerin kom\u015fu bah\u00e7eye dadand\u0131\u011f\u0131n\u0131 fark ediyor. B\u00f6ylece yepyeni bir maceraya yelken a\u00e7\u0131yor! <\/p>\n","protected":false},"excerpt":{"rendered":"<p>Alt\u0131n Olimpiyat madalyas\u0131 sahibi JESSICA ENNIS-HILL\u2019in gen\u00e7 okurlar i\u00e7in kaleme ald\u0131\u011f\u0131 ilk seri Akl\u0131n\u0131zdan ge\u00e7en her \u015feyin pat diye kar\u015f\u0131n\u0131zda belirmesini sa\u011flayan b\u00fcy\u00fcl\u00fc bir bilezi\u011finiz olsa<span class=\"excerpt-hellip\"> [\u2026]<\/span><\/p>\n","protected":false},"featured_media":0,"template":"","meta":{"_monsterinsights_skip_tracking":false,"_monsterinsights_sitenote_active":false,"_monsterinsights_sitenote_note":"","_monsterinsights_sitenote_category":0},"product_brand":[],"product_cat":[12274,12284],"product_tag":[],"class_list":{"0":"post-747377","1":"product","2":"type-product","3":"status-publish","5":"product_cat-cocuk-ve-genclik-kitaplari","6":"product_cat-hikayeler","7":"pa_cilt-ciltsiz","8":"pa_tur-kitap","9":"pa_yayinevi-is-bankasi-kultur-yayinlari","10":"pa_yazar-jessica-ennis-hill","12":"first","13":"instock","14":"sale","15":"shipping-taxable","16":"purchasable","17":"product-type-simple"},"_links":{"self":[{"href":"https:\/\/roveyayinevi.com.tr\/index.php\/wp-json\/wp\/v2\/product\/747377","targetHints":{"allow":["GET"]}}],"collection":[{"href":"https:\/\/roveyayinevi.com.tr\/index.php\/wp-json\/wp\/v2\/product"}],"about":[{"href":"https:\/\/roveyayinevi.com.tr\/index.php\/wp-json\/wp\/v2\/types\/product"}],"wp:attachment":[{"href":"https:\/\/roveyayinevi.com.tr\/index.php\/wp-json\/wp\/v2\/media?parent=747377"}],"wp:term":[{"taxonomy":"product_brand","embeddable":true,"href":"https:\/\/roveyayinevi.com.tr\/index.php\/wp-json\/wp\/v2\/product_brand?post=747377"},{"taxonomy":"product_cat","embeddable":true,"href":"https:\/\/roveyayinevi.com.tr\/index.php\/wp-json\/wp\/v2\/product_cat?post=747377"},{"taxonomy":"product_tag","embeddable":true,"href":"https:\/\/roveyayinevi.com.tr\/index.php\/wp-json\/wp\/v2\/product_tag?post=747377"}],"curies":[{"name":"wp","href":"https:\/\/api.w.org\/{rel}","templated":true}]}}