{"id":747376,"date":"2025-08-28T03:05:01","date_gmt":"2025-08-28T00:05:01","guid":{"rendered":"https:\/\/roveyayinevi.com.tr\/index.php\/urun\/donusumden-yansimalar-reflections-of-a-transformation-ciltli\/"},"modified":"2026-04-16T03:00:01","modified_gmt":"2026-04-16T00:00:01","slug":"donusumden-yansimalar-reflections-of-a-transformation-ciltli","status":"publish","type":"product","link":"https:\/\/roveyayinevi.com.tr\/index.php\/urun\/donusumden-yansimalar-reflections-of-a-transformation-ciltli\/","title":{"rendered":"D\u00f6n\u00fc\u015f\u00fcmden Yans\u0131malar &#8211; Reflections of a Transformation (Ciltli)"},"content":{"rendered":"<p>Bu kitapta yer alan foto\u011fraflar B\u00fclent Eczac\u0131ba\u015f\u0131 taraf\u0131ndan \u015eubat 2021 \u2013 Mart 2022 tarihleri aras\u0131nda \u00e7ekilmi\u015ftir. All Photographs in this book were taken by B\u00fclent Eczac\u0131ba\u015f\u0131 between February 2021 and March 2022. <\/p>\n","protected":false},"excerpt":{"rendered":"<p>Bu kitapta yer alan foto\u011fraflar B\u00fclent Eczac\u0131ba\u015f\u0131 taraf\u0131ndan \u015eubat 2021 \u2013 Mart 2022 tarihleri aras\u0131nda \u00e7ekilmi\u015ftir. All Photographs in this book were taken by B\u00fclent Eczac\u0131ba\u015f\u0131<span class=\"excerpt-hellip\"> [\u2026]<\/span><\/p>\n","protected":false},"featured_media":0,"template":"","meta":{"_monsterinsights_skip_tracking":false,"_monsterinsights_sitenote_active":false,"_monsterinsights_sitenote_note":"","_monsterinsights_sitenote_category":0},"product_brand":[],"product_cat":[12364],"product_tag":[],"class_list":{"0":"post-747376","1":"product","2":"type-product","3":"status-publish","5":"product_cat-genel-konular","6":"pa_cilt-ciltli","7":"pa_tur-kitap","8":"pa_yayinevi-is-bankasi-kultur-yayinlari","9":"pa_yazar-bulent-eczacibasi","11":"first","12":"instock","13":"sale","14":"shipping-taxable","15":"purchasable","16":"product-type-simple"},"_links":{"self":[{"href":"https:\/\/roveyayinevi.com.tr\/index.php\/wp-json\/wp\/v2\/product\/747376","targetHints":{"allow":["GET"]}}],"collection":[{"href":"https:\/\/roveyayinevi.com.tr\/index.php\/wp-json\/wp\/v2\/product"}],"about":[{"href":"https:\/\/roveyayinevi.com.tr\/index.php\/wp-json\/wp\/v2\/types\/product"}],"wp:attachment":[{"href":"https:\/\/roveyayinevi.com.tr\/index.php\/wp-json\/wp\/v2\/media?parent=747376"}],"wp:term":[{"taxonomy":"product_brand","embeddable":true,"href":"https:\/\/roveyayinevi.com.tr\/index.php\/wp-json\/wp\/v2\/product_brand?post=747376"},{"taxonomy":"product_cat","embeddable":true,"href":"https:\/\/roveyayinevi.com.tr\/index.php\/wp-json\/wp\/v2\/product_cat?post=747376"},{"taxonomy":"product_tag","embeddable":true,"href":"https:\/\/roveyayinevi.com.tr\/index.php\/wp-json\/wp\/v2\/product_tag?post=747376"}],"curies":[{"name":"wp","href":"https:\/\/api.w.org\/{rel}","templated":true}]}}