{"id":747374,"date":"2025-08-28T03:04:58","date_gmt":"2025-08-28T00:04:58","guid":{"rendered":"https:\/\/roveyayinevi.com.tr\/index.php\/urun\/kirik-hayatlar-ciltli\/"},"modified":"2026-04-16T03:00:01","modified_gmt":"2026-04-16T00:00:01","slug":"kirik-hayatlar-ciltli","status":"publish","type":"product","link":"https:\/\/roveyayinevi.com.tr\/index.php\/urun\/kirik-hayatlar-ciltli\/","title":{"rendered":"K\u0131r\u0131k Hayatlar (Ciltli)"},"content":{"rendered":"<p>Bu eserimde sadece hayat olacakt\u0131. Memleketin hakiki hayat\u0131ndan bir tablo ki onda g\u00f6zleri oyalayacak, hayali ok\u015fayacak s\u00fcslerden hi\u00e7bir iz bulunmas\u0131n. 1901\u2019de Servet-i F\u00fcn\u00fbn dergisinde tefrikas\u0131na ba\u015flanan, ancak sans\u00fcr memurlar\u0131nca sa\u011f\u0131ndan solundan makaslanarak parampar\u00e7a edilen K\u0131r\u0131k Hayatlar, ad\u0131yla ayn\u0131 kaderi payla\u015fmaktan yirmi y\u0131l sonra kurtularak yeniden kaleme al\u0131nm\u0131\u015ft\u0131r. Halit Ziya, olgunluk d\u00f6nemi eseri olarak niteledi\u011fi roman\u0131nda bireyden topluma ve hemen her s\u0131n\u0131fta ya\u015fanan trajediye ayna tutar. Roman boyunca idealist doktor \u00d6mer Behi\u00e7, t\u0131pk\u0131 Dr. Jekyll\u2019\u0131n Mr. Hyde\u2019la ya\u015fad\u0131\u011f\u0131 gibi, karakterine taban tabana z\u0131t dostu Bekir Servet\u2019le, insaniyet, erdem, namus ve aile gibi konularda i\u00e7sel bir sava\u015f ya\u015farken adliye koridorlar\u0131nda, hastane k\u00f6\u015felerindeki halk da sefalet i\u00e7indeki k\u0131r\u0131k hayatlar\u0131n\u0131 onarmaya \u00e7al\u0131\u015f\u0131r. <\/p>\n","protected":false},"excerpt":{"rendered":"<p>Bu eserimde sadece hayat olacakt\u0131. Memleketin hakiki hayat\u0131ndan bir tablo ki onda g\u00f6zleri oyalayacak, hayali ok\u015fayacak s\u00fcslerden hi\u00e7bir iz bulunmas\u0131n. 1901\u2019de Servet-i F\u00fcn\u00fbn dergisinde tefrikas\u0131na ba\u015flanan,<span class=\"excerpt-hellip\"> [\u2026]<\/span><\/p>\n","protected":false},"featured_media":0,"template":"","meta":{"_monsterinsights_skip_tracking":false,"_monsterinsights_sitenote_active":false,"_monsterinsights_sitenote_note":"","_monsterinsights_sitenote_category":0},"product_brand":[],"product_cat":[12291,12711],"product_tag":[],"class_list":{"0":"post-747374","1":"product","2":"type-product","3":"status-publish","5":"product_cat-edebiyat","6":"product_cat-roman-oyku","7":"pa_cilt-ciltli","8":"pa_tur-kitap","9":"pa_yayinevi-is-bankasi-kultur-yayinlari","10":"pa_yazar-halit-ziya-usakligil","12":"first","13":"instock","14":"sale","15":"shipping-taxable","16":"purchasable","17":"product-type-simple"},"_links":{"self":[{"href":"https:\/\/roveyayinevi.com.tr\/index.php\/wp-json\/wp\/v2\/product\/747374","targetHints":{"allow":["GET"]}}],"collection":[{"href":"https:\/\/roveyayinevi.com.tr\/index.php\/wp-json\/wp\/v2\/product"}],"about":[{"href":"https:\/\/roveyayinevi.com.tr\/index.php\/wp-json\/wp\/v2\/types\/product"}],"wp:attachment":[{"href":"https:\/\/roveyayinevi.com.tr\/index.php\/wp-json\/wp\/v2\/media?parent=747374"}],"wp:term":[{"taxonomy":"product_brand","embeddable":true,"href":"https:\/\/roveyayinevi.com.tr\/index.php\/wp-json\/wp\/v2\/product_brand?post=747374"},{"taxonomy":"product_cat","embeddable":true,"href":"https:\/\/roveyayinevi.com.tr\/index.php\/wp-json\/wp\/v2\/product_cat?post=747374"},{"taxonomy":"product_tag","embeddable":true,"href":"https:\/\/roveyayinevi.com.tr\/index.php\/wp-json\/wp\/v2\/product_tag?post=747374"}],"curies":[{"name":"wp","href":"https:\/\/api.w.org\/{rel}","templated":true}]}}