{"id":747366,"date":"2025-08-28T03:04:46","date_gmt":"2025-08-28T00:04:46","guid":{"rendered":"https:\/\/roveyayinevi.com.tr\/index.php\/urun\/modern-psikolojinin-tarihi\/"},"modified":"2026-04-16T03:00:00","modified_gmt":"2026-04-16T00:00:00","slug":"modern-psikolojinin-tarihi","status":"publish","type":"product","link":"https:\/\/roveyayinevi.com.tr\/index.php\/urun\/modern-psikolojinin-tarihi\/","title":{"rendered":"Modern Psikolojinin Tarihi"},"content":{"rendered":"<p>\u201cG\u00fcn\u00fcn birinde modern psikolojinin hangi eziyetli yollardan ge\u00e7ti\u011fini, nas\u0131l da simyac\u0131lar\u0131n karanl\u0131k laboratuvarlar\u0131ndan (Kerner, Ennemoser, Eschenmayer, Passavant vd.) cazibesiyle birlikte Schopenhauer, Carus ve von Hartmann\u2019\u0131n felsefi sezinlerine ilerledi\u011fini; ve nas\u0131l da Li\u00e9beault ve ondan da \u00f6nce Quimby\u2019deki (Hristiyan Biliminin manevi babas\u0131) g\u00fcnl\u00fck deneyimlerin topra\u011f\u0131ndan ve en sonunda Frans\u0131zlar\u0131n hipnoz y\u00f6ntemlerinden do\u011fru Freud\u2019a ula\u015ft\u0131\u011f\u0131n\u0131 g\u00f6rece\u011fiz. [\u2026] Asl\u0131na bakarsak, bu dersler, Jung\u2019un kavramlar\u0131na ilerleyen ve burada doru\u011fa ula\u015fan \u2018Bir Bilin\u00e7d\u0131\u015f\u0131 Tarihi\u2019 olarak ba\u015fl\u0131kland\u0131r\u0131labilirdi \u2013 ya da hatta k\u0131\u015fk\u0131rt\u0131c\u0131 bir \u015fekilde s\u00f6ylersek, \u2018Jung\u2019un \u00d6ncelleri\u2019 bile olabilirdi.\u201d Modern Psikolojinin Tarihi, Jung\u2019un ETH\u2019de 1931-1940 y\u0131llar\u0131 aras\u0131nda verdi\u011fi dersler dizisinin ilk cildidir. \u0130sminin g\u00f6sterdi\u011fi \u00fczere, burada, psikolojinin \u00e7a\u011fda\u015f bi\u00e7imine izledi\u011fi yollar kayg\u0131 edinilir. Jung, Ayd\u0131nlanma d\u00fc\u015f\u00fcncesinden ba\u015flayarak kendi \u00e7a\u011f\u0131na kadarki bir zaman zarf\u0131n\u0131 ele al\u0131r. D\u00fc\u015f\u00fcnce ak\u0131mlar\u0131 ve d\u00fc\u015f\u00fcn\u00fcrlerin izah\u0131n\u0131n ard\u0131ndan, Friederike Hauffe ve H\u00e9l\u00e8ne Smith vakalar\u0131na ve bu vakalar\u0131n g\u00f6zlem \u00e7al\u0131\u015fmalar\u0131na -Seherin von Prevorst\u2019un [Prevorstlu K\u00e2hin] (1829) ve Des Indes \u00e0 la plan\u00e8te Mars\u2019\u0131n incelemesine [Hindistan\u2019dan Mars Gezegenine] (1899)- s\u0131ras\u0131yla be\u015f ve iki ders ay\u0131r\u0131r, deneysel psikolojinin ba\u011flam\u0131n\u0131 ve bilin\u00e7 ile bilin\u00e7 \u00f6tesi ger\u00e7ekliklerin do\u011fas\u0131n\u0131 ara\u015ft\u0131r\u0131r.<\/p>\n","protected":false},"excerpt":{"rendered":"<p>\u201cG\u00fcn\u00fcn birinde modern psikolojinin hangi eziyetli yollardan ge\u00e7ti\u011fini, nas\u0131l da simyac\u0131lar\u0131n karanl\u0131k laboratuvarlar\u0131ndan (Kerner, Ennemoser, Eschenmayer, Passavant vd.) cazibesiyle birlikte Schopenhauer, Carus ve von Hartmann\u2019\u0131n felsefi<span class=\"excerpt-hellip\"> [\u2026]<\/span><\/p>\n","protected":false},"featured_media":0,"template":"","meta":{"_monsterinsights_skip_tracking":false,"_monsterinsights_sitenote_active":false,"_monsterinsights_sitenote_note":"","_monsterinsights_sitenote_category":0},"product_brand":[],"product_cat":[12357],"product_tag":[],"class_list":{"0":"post-747366","1":"product","2":"type-product","3":"status-publish","5":"product_cat-psikoloji","6":"pa_cilt-ciltsiz","7":"pa_tur-kitap","8":"pa_yayinevi-pinhan-yayincilik","9":"pa_yazar-carl-gustav-jung","11":"first","12":"instock","13":"sale","14":"shipping-taxable","15":"purchasable","16":"product-type-simple"},"_links":{"self":[{"href":"https:\/\/roveyayinevi.com.tr\/index.php\/wp-json\/wp\/v2\/product\/747366","targetHints":{"allow":["GET"]}}],"collection":[{"href":"https:\/\/roveyayinevi.com.tr\/index.php\/wp-json\/wp\/v2\/product"}],"about":[{"href":"https:\/\/roveyayinevi.com.tr\/index.php\/wp-json\/wp\/v2\/types\/product"}],"wp:attachment":[{"href":"https:\/\/roveyayinevi.com.tr\/index.php\/wp-json\/wp\/v2\/media?parent=747366"}],"wp:term":[{"taxonomy":"product_brand","embeddable":true,"href":"https:\/\/roveyayinevi.com.tr\/index.php\/wp-json\/wp\/v2\/product_brand?post=747366"},{"taxonomy":"product_cat","embeddable":true,"href":"https:\/\/roveyayinevi.com.tr\/index.php\/wp-json\/wp\/v2\/product_cat?post=747366"},{"taxonomy":"product_tag","embeddable":true,"href":"https:\/\/roveyayinevi.com.tr\/index.php\/wp-json\/wp\/v2\/product_tag?post=747366"}],"curies":[{"name":"wp","href":"https:\/\/api.w.org\/{rel}","templated":true}]}}