{"id":747365,"date":"2025-08-28T03:04:45","date_gmt":"2025-08-28T00:04:45","guid":{"rendered":"https:\/\/roveyayinevi.com.tr\/index.php\/urun\/adli-hatalar\/"},"modified":"2026-04-16T03:00:00","modified_gmt":"2026-04-16T00:00:00","slug":"adli-hatalar","status":"publish","type":"product","link":"https:\/\/roveyayinevi.com.tr\/index.php\/urun\/adli-hatalar\/","title":{"rendered":"Adli Hatalar"},"content":{"rendered":"<p>\u201cJacques Verg\u00e8s, T\u00fcrkiye\u2019deki kamuoyu taraf\u0131ndan Fransa\u2019da 1968 y\u0131l\u0131nda yay\u0131mlanm\u0131\u015f olan De la strat\u00e9gie judiciaire (Savunma Sald\u0131r\u0131yor) isimli kitab\u0131yla tan\u0131n\u0131yor. Verg\u00e8s, kimsenin nerede oldu\u011funu h\u00e2l\u00e2 bilemedi\u011fi sekiz y\u0131ll\u0131k bir s\u00fcre (1970- 1978) ortadan kaybolmu\u015ftu; d\u00f6n\u00fc\u015f\u00fcnde ise \u00f6nceleri ald\u0131\u011f\u0131 sol \u00f6rg\u00fct davalar\u0131n\u0131n aksine bir Nazi subay\u0131 olan Klaus Barbie\u2019yi m\u00fcdafaa ederek Fransa\u2019y\u0131 \u2018sallam\u0131\u015ft\u0131\u2019. D\u0131\u015far\u0131dan bak\u0131ld\u0131\u011f\u0131nda ge\u00e7mi\u015finden bir nevi \u2018kopu\u015f\u2019 olarak nitelenebilecek bu davadan sonraki d\u00f6neminde \u00c7akal Carlos\u2019u (Ilich Ramirez S\u00e1nchez), Slobodan Milo\u0161evi\u0107\u2019i, Tar\u0131k Aziz\u2019i, K\u0131z\u0131l Kmerler\u2019in \u00f6nemli liderlerinden Khieu Samphan\u2019\u0131 da temsil etti\u011fi herkes\u00e7e bilinir. Ancak Verg\u00e8s\u2019in bunlar\u0131n yan\u0131 s\u0131ra Y\u00fczba\u015f\u0131 Paul Barril, Daniel Burdan, Jean-Marc Dufourg, Dominique Loiseau gibi Frans\u0131z istihbarat g\u00f6revlilerinin savunmas\u0131n\u0131 ald\u0131\u011f\u0131 da kay\u0131t alt\u0131na al\u0131nmal\u0131d\u0131r. Bu itibarla Adli Hatalar, her ne kadar bu vakalar\u0131 konu almasa da hayat\u0131n\u0131n ve kariyerinin son on y\u0131l\u0131nda yaz\u0131lm\u0131\u015f olmas\u0131 dolay\u0131s\u0131yla b\u00fct\u00fcn bu birikimin bir \u00fcr\u00fcn\u00fc olarak kar\u015f\u0131m\u0131za \u00e7\u0131kar. D\u00fcnya ve Frans\u0131z kamuoyunda Verg\u00e8s\u2019in bu ikinci d\u00f6nemdeki mahlas\u0131 \u2018\u015eeytan\u0131n Avukat\u0131\u2019d\u0131r.\u201d Bu k\u00fc\u00e7\u00fck kitap, mahkeme salonlar\u0131nda olup bitenleri de\u011ferlendirmek i\u00e7in ipu\u00e7lar\u0131 i\u00e7eriyor. Bunu ise san\u0131\u011f\u0131 yahut savunmay\u0131 nesnele\u015ftiren d\u0131\u015fsal bir konumdan de\u011fil tam olarak ustan\u0131n kendi g\u00f6z\u00fcnden yap\u0131yor.<\/p>\n","protected":false},"excerpt":{"rendered":"<p>\u201cJacques Verg\u00e8s, T\u00fcrkiye\u2019deki kamuoyu taraf\u0131ndan Fransa\u2019da 1968 y\u0131l\u0131nda yay\u0131mlanm\u0131\u015f olan De la strat\u00e9gie judiciaire (Savunma Sald\u0131r\u0131yor) isimli kitab\u0131yla tan\u0131n\u0131yor. Verg\u00e8s, kimsenin nerede oldu\u011funu h\u00e2l\u00e2 bilemedi\u011fi sekiz<span class=\"excerpt-hellip\"> [\u2026]<\/span><\/p>\n","protected":false},"featured_media":0,"template":"","meta":{"_monsterinsights_skip_tracking":false,"_monsterinsights_sitenote_active":false,"_monsterinsights_sitenote_note":"","_monsterinsights_sitenote_category":0},"product_brand":[],"product_cat":[15350],"product_tag":[],"class_list":{"0":"post-747365","1":"product","2":"type-product","3":"status-publish","5":"product_cat-hukuk","6":"pa_cilt-ciltsiz","7":"pa_tur-kitap","8":"pa_yayinevi-pinhan-yayincilik","9":"pa_yazar-jacques-verges","11":"first","12":"instock","13":"sale","14":"shipping-taxable","15":"purchasable","16":"product-type-simple"},"_links":{"self":[{"href":"https:\/\/roveyayinevi.com.tr\/index.php\/wp-json\/wp\/v2\/product\/747365","targetHints":{"allow":["GET"]}}],"collection":[{"href":"https:\/\/roveyayinevi.com.tr\/index.php\/wp-json\/wp\/v2\/product"}],"about":[{"href":"https:\/\/roveyayinevi.com.tr\/index.php\/wp-json\/wp\/v2\/types\/product"}],"wp:attachment":[{"href":"https:\/\/roveyayinevi.com.tr\/index.php\/wp-json\/wp\/v2\/media?parent=747365"}],"wp:term":[{"taxonomy":"product_brand","embeddable":true,"href":"https:\/\/roveyayinevi.com.tr\/index.php\/wp-json\/wp\/v2\/product_brand?post=747365"},{"taxonomy":"product_cat","embeddable":true,"href":"https:\/\/roveyayinevi.com.tr\/index.php\/wp-json\/wp\/v2\/product_cat?post=747365"},{"taxonomy":"product_tag","embeddable":true,"href":"https:\/\/roveyayinevi.com.tr\/index.php\/wp-json\/wp\/v2\/product_tag?post=747365"}],"curies":[{"name":"wp","href":"https:\/\/api.w.org\/{rel}","templated":true}]}}