{"id":747364,"date":"2025-08-28T03:04:44","date_gmt":"2025-08-28T00:04:44","guid":{"rendered":"https:\/\/roveyayinevi.com.tr\/index.php\/urun\/canliligin-tarihi\/"},"modified":"2026-04-16T03:00:00","modified_gmt":"2026-04-16T00:00:00","slug":"canliligin-tarihi","status":"publish","type":"product","link":"https:\/\/roveyayinevi.com.tr\/index.php\/urun\/canliligin-tarihi\/","title":{"rendered":"Canl\u0131l\u0131\u011f\u0131n Tarihi"},"content":{"rendered":"<p>Shubin, ola\u011fan\u00fcst\u00fc yarat\u0131klar\u0131n \u00f6yk\u00fcleri e\u015fli\u011finde evrimin kalbindeki s\u0131rr\u0131, do\u011fan\u0131n icat mekanizmalar\u0131n\u0131 \u00e7\u00f6z\u00fcml\u00fcyor. Bakterilerden beyinlere, bal\u0131k akci\u011ferlerinden semenderlerin mermi gibi f\u0131rlayan dillerine kadar ya\u015fam\u0131n \u00e7e\u015fitlilik karnaval\u0131n\u0131 y\u00f6nlendiren s\u0131rad\u0131\u015f\u0131 ara\u00e7lar\u0131n \u015fa\u015f\u0131las\u0131 k\u00f6kenlerini ayd\u0131nlat\u0131yor. \u2013SEAN B. CARROLL, Serengeti Yasalar\u0131 ve Cesur D\u00e2hiler\u2019in yazar\u0131   T\u00fcylerin hayvanlara u\u00e7mada, akci\u011ferler ve bacaklar\u0131n da karada ya\u015famalar\u0131nda yard\u0131mc\u0131 olmak i\u00e7in ortaya \u00e7\u0131kt\u0131\u011f\u0131n\u0131 d\u00fc\u015f\u00fcn\u00fcyorsan\u0131z yaln\u0131z de\u011filsiniz, ama t\u00fcm\u00fcyle yan\u0131l\u0131yorsunuz. Milyarlarca y\u0131ll\u0131k s\u00fcre\u00e7te tarih\u00f6ncesi bal\u0131klar karada y\u00fcr\u00fcmek \u00fczere evrimle\u015firken, s\u00fcr\u00fcngenler u\u00e7an ku\u015flara, primatlar iki ayak \u00fczerinde y\u00fcr\u00fcyen, konu\u015fan, kitap yazan canl\u0131lara d\u00f6n\u00fc\u015ft\u00fcler. Ama hi\u00e7bir \u015fey, ba\u015flad\u0131\u011f\u0131n\u0131 zannetti\u011fimiz zamanda ba\u015flamad\u0131. Yenilikler zaman\u0131n derinliklerine uzanan \u00f6nc\u00fcllere sahiptir. Paleontologlar b\u00fcy\u00fck de\u011fi\u015fimlerin tam olarak nas\u0131l ger\u00e7ekle\u015fti\u011fini g\u00f6sterecek fosillerin pe\u015finde bir y\u00fczy\u0131ldan uzun s\u00fcredir gezegeni dola\u015f\u0131p duruyorlar. Ve bug\u00fcn, inan\u0131lmaz bir noktaday\u0131z: Tarih\u00f6ncesi fosillerin yeni DNA teknolojileriyle bir araya gelmesi; dolamba\u00e7l\u0131 yollar, deneme yan\u0131lmalar, tesad\u00fcfler ve icatlarla dolu milyarlarca y\u0131ll\u0131k evrimsel tarihi kavray\u0131\u015f\u0131m\u0131zda b\u00fcy\u00fck s\u0131\u00e7rama yaratt\u0131. Yapt\u0131\u011f\u0131 ke\u015fiflerle bu s\u0131\u00e7raman\u0131n bizzat \u00f6nemli bir par\u00e7as\u0131 olmu\u015f, dahas\u0131 bizlere \u0130\u00e7imizdeki Bal\u0131k gibi 21. y\u00fczy\u0131l\u0131n en g\u00fczel bilim kitaplar\u0131ndan birini hediye etmi\u015f \u00fcnl\u00fc paleontolog Neil Shubin, Canl\u0131l\u0131\u011f\u0131n Tarihi\u2019nde ya\u015fam\u0131n muazzam \u00e7e\u015fitlili\u011finin ard\u0131ndaki s\u0131rlar\u0131 anlamak i\u00e7in bizleri y\u00fczy\u0131llara yay\u0131lm\u0131\u015f bir ke\u015fif yolculu\u011funa \u00e7\u0131kar\u0131yor. Y\u00fcr\u00fcyen bal\u0131klardan mutant sineklere, denizanalar\u0131ndan insana uzanan, isteseniz uyduramayaca\u011f\u0131n\u0131z hayret verici detaylarla dolu bu yolculuk bizi o b\u00fcy\u00fck sorulardan birinin cevab\u0131na bir ad\u0131m daha yakla\u015ft\u0131r\u0131yor: Ya\u015fam ka\u00e7\u0131n\u0131lmaz m\u0131yd\u0131, yoksa t\u00fcm bunlar sadece bir kazan\u0131n sonucu mu? <\/p>\n","protected":false},"excerpt":{"rendered":"<p>Shubin, ola\u011fan\u00fcst\u00fc yarat\u0131klar\u0131n \u00f6yk\u00fcleri e\u015fli\u011finde evrimin kalbindeki s\u0131rr\u0131, do\u011fan\u0131n icat mekanizmalar\u0131n\u0131 \u00e7\u00f6z\u00fcml\u00fcyor. Bakterilerden beyinlere, bal\u0131k akci\u011ferlerinden semenderlerin mermi gibi f\u0131rlayan dillerine kadar ya\u015fam\u0131n \u00e7e\u015fitlilik karnaval\u0131n\u0131 y\u00f6nlendiren<span class=\"excerpt-hellip\"> [\u2026]<\/span><\/p>\n","protected":false},"featured_media":0,"template":"","meta":{"_monsterinsights_skip_tracking":false,"_monsterinsights_sitenote_active":false,"_monsterinsights_sitenote_note":"","_monsterinsights_sitenote_category":0},"product_brand":[],"product_cat":[13005,13006],"product_tag":[],"class_list":{"0":"post-747364","1":"product","2":"type-product","3":"status-publish","5":"product_cat-bilim-muhendislik","6":"product_cat-populer-bilim","7":"pa_cilt-ciltsiz","8":"pa_tur-kitap","9":"pa_yayinevi-domingo-yayinevi","10":"pa_yazar-neil-shubin","12":"first","13":"instock","14":"sale","15":"shipping-taxable","16":"purchasable","17":"product-type-simple"},"_links":{"self":[{"href":"https:\/\/roveyayinevi.com.tr\/index.php\/wp-json\/wp\/v2\/product\/747364","targetHints":{"allow":["GET"]}}],"collection":[{"href":"https:\/\/roveyayinevi.com.tr\/index.php\/wp-json\/wp\/v2\/product"}],"about":[{"href":"https:\/\/roveyayinevi.com.tr\/index.php\/wp-json\/wp\/v2\/types\/product"}],"wp:attachment":[{"href":"https:\/\/roveyayinevi.com.tr\/index.php\/wp-json\/wp\/v2\/media?parent=747364"}],"wp:term":[{"taxonomy":"product_brand","embeddable":true,"href":"https:\/\/roveyayinevi.com.tr\/index.php\/wp-json\/wp\/v2\/product_brand?post=747364"},{"taxonomy":"product_cat","embeddable":true,"href":"https:\/\/roveyayinevi.com.tr\/index.php\/wp-json\/wp\/v2\/product_cat?post=747364"},{"taxonomy":"product_tag","embeddable":true,"href":"https:\/\/roveyayinevi.com.tr\/index.php\/wp-json\/wp\/v2\/product_tag?post=747364"}],"curies":[{"name":"wp","href":"https:\/\/api.w.org\/{rel}","templated":true}]}}