{"id":747362,"date":"2025-08-28T03:04:42","date_gmt":"2025-08-28T00:04:42","guid":{"rendered":"https:\/\/roveyayinevi.com.tr\/index.php\/urun\/kamusalligin-yeni-bir-yapisal-donusumu-ve-muzakereci-demokrasi\/"},"modified":"2026-04-16T03:00:00","modified_gmt":"2026-04-16T00:00:00","slug":"kamusalligin-yeni-bir-yapisal-donusumu-ve-muzakereci-demokrasi","status":"publish","type":"product","link":"https:\/\/roveyayinevi.com.tr\/index.php\/urun\/kamusalligin-yeni-bir-yapisal-donusumu-ve-muzakereci-demokrasi\/","title":{"rendered":"Kamusall\u0131\u011f\u0131n Yeni Bir Yap\u0131sal D\u00f6n\u00fc\u015f\u00fcm\u00fc ve M\u00fczakereci Demokrasi"},"content":{"rendered":"<p>\u201cSosyal medyalarla, bu\u0308tu\u0308n kullan\u0131c\u0131lar\u0131 anl\u0131k-kendilig\u0306inden ve hic\u0327bir s\u0131namaya ta\u0302bi olmayan mu\u0308dahalelere davet eden serbestc\u0327e girilebilir alanlar olus\u0327uyor. (&#8230;) Beg\u0306eni ve hos\u0327nutsuzluk t\u0131klar\u0131na indirgenerek etkisizles\u0327mis\u0327 bu plebisiter \u2018kamusall\u0131g\u0306\u0131n\u2019 altyap\u0131s\u0131, teknik ve ekonomik niteliklidir. Fakat ilke olarak, adeta redaksiyonel kamusall\u0131g\u0306\u0131n kos\u0327ullar\u0131ndan azat olmus\u0327, kendi bak\u0131s\u0327 ac\u0327\u0131lar\u0131ndan \u2018sansu\u0308rden\u2019 kurtulmus\u0327 bu\u0308tu\u0308n kullan\u0131c\u0131lar serbestc\u0327e girilebilen bu medya alanlar\u0131nda anonim bir kamusal toplulug\u0306a hitap edebilir ve onun onay\u0131n\u0131 almak ic\u0327in tan\u0131t\u0131m yapabilirler. Bu alanlar tuhaf bir anonim mahremiyet kazan\u0131yor gibi go\u0308ru\u0308nu\u0308yor: bugu\u0308ne kadarki o\u0308lc\u0327u\u0308tlere go\u0308re ne kamusal ne o\u0308zel say\u0131labilirler, daha ziyade s\u0327imdiye dek o\u0308zel mektup al\u0131s\u0327veris\u0327ine tahsisli bir iletis\u0327imin s\u0327is\u0327ip kabararak kamusall\u0131g\u0306a do\u0308nu\u0308s\u0327mesi olarak kavrayabiliriz bunu.\u201d Ju\u0308rgen Habermas, 20. yu\u0308zy\u0131l\u0131n sosyal teoride en etkili eserlerinden biri olan kitab\u0131n\u0131n, Kamusall\u0131g\u0306\u0131n Yap\u0131sal Do\u0308nu\u0308s\u0327u\u0308mu\u0308\u2019nu\u0308n temel tezlerini gu\u0308nu\u0308mu\u0308z medya ve sosyal medya kos\u0327ullar\u0131nda yeniden tart\u0131s\u0327maya giris\u0327iyor. Buna bag\u0306l\u0131 olarak, politik kamusall\u0131g\u0306\u0131 c\u0327o\u0308kertmesinden endis\u0327e ettig\u0306i sag\u0306 popu\u0308lizme kars\u0327\u0131 mu\u0308zakereci demokrasinin olanaklar\u0131n\u0131 sorguluyor. Kamusall\u0131g\u0306\u0131n Yeni Bir Yap\u0131sal Do\u0308nu\u0308s\u0327u\u0308mu\u0308, c\u0327ag\u0306\u0131n olag\u0306anu\u0308stu\u0308 u\u0308retken filozofu Habermas\u2019\u0131n kamusal entelekt\u00fcel kimli\u011finin alt\u0131n\u0131 \u00e7izen bir olgunluk eseri.<\/p>\n","protected":false},"excerpt":{"rendered":"<p>\u201cSosyal medyalarla, bu\u0308tu\u0308n kullan\u0131c\u0131lar\u0131 anl\u0131k-kendilig\u0306inden ve hic\u0327bir s\u0131namaya ta\u0302bi olmayan mu\u0308dahalelere davet eden serbestc\u0327e girilebilir alanlar olus\u0327uyor. (&#8230;) Beg\u0306eni ve hos\u0327nutsuzluk t\u0131klar\u0131na indirgenerek etkisizles\u0327mis\u0327 bu plebisiter<span class=\"excerpt-hellip\"> [\u2026]<\/span><\/p>\n","protected":false},"featured_media":0,"template":"","meta":{"_monsterinsights_skip_tracking":false,"_monsterinsights_sitenote_active":false,"_monsterinsights_sitenote_note":"","_monsterinsights_sitenote_category":0},"product_brand":[],"product_cat":[12337],"product_tag":[],"class_list":{"0":"post-747362","1":"product","2":"type-product","3":"status-publish","5":"product_cat-politika-siyaset","6":"pa_cilt-ciltsiz","7":"pa_tur-kitap","8":"pa_yayinevi-iletisim-yayinlari","9":"pa_yazar-jurgen-habermas","11":"first","12":"instock","13":"sale","14":"shipping-taxable","15":"purchasable","16":"product-type-simple"},"_links":{"self":[{"href":"https:\/\/roveyayinevi.com.tr\/index.php\/wp-json\/wp\/v2\/product\/747362","targetHints":{"allow":["GET"]}}],"collection":[{"href":"https:\/\/roveyayinevi.com.tr\/index.php\/wp-json\/wp\/v2\/product"}],"about":[{"href":"https:\/\/roveyayinevi.com.tr\/index.php\/wp-json\/wp\/v2\/types\/product"}],"wp:attachment":[{"href":"https:\/\/roveyayinevi.com.tr\/index.php\/wp-json\/wp\/v2\/media?parent=747362"}],"wp:term":[{"taxonomy":"product_brand","embeddable":true,"href":"https:\/\/roveyayinevi.com.tr\/index.php\/wp-json\/wp\/v2\/product_brand?post=747362"},{"taxonomy":"product_cat","embeddable":true,"href":"https:\/\/roveyayinevi.com.tr\/index.php\/wp-json\/wp\/v2\/product_cat?post=747362"},{"taxonomy":"product_tag","embeddable":true,"href":"https:\/\/roveyayinevi.com.tr\/index.php\/wp-json\/wp\/v2\/product_tag?post=747362"}],"curies":[{"name":"wp","href":"https:\/\/api.w.org\/{rel}","templated":true}]}}