{"id":747354,"date":"2025-08-28T03:04:32","date_gmt":"2025-08-28T00:04:32","guid":{"rendered":"https:\/\/roveyayinevi.com.tr\/index.php\/urun\/hikayecim\/"},"modified":"2026-03-12T03:08:09","modified_gmt":"2026-03-12T00:08:09","slug":"hikayecim","status":"publish","type":"product","link":"https:\/\/roveyayinevi.com.tr\/index.php\/urun\/hikayecim\/","title":{"rendered":"Hikayecim"},"content":{"rendered":"<p>&#8220;Seyrekle\u015fmi\u015f beyaz sa\u00e7lar\u0131 denizden gelen r\u00fczgarla sa\u011fa sola savruldu\u011funda, ne kadar ya\u015fl\u0131 oldu\u011funu bir kere daha anlad\u0131m. Ya\u015fad\u0131klar\u0131, y\u00fcre\u011finde kor demirlerle da\u011flanm\u0131\u015f derin yaralar a\u00e7sa da, benimle her oturu\u015funda ne kadar ac\u0131s\u0131 varsa unutuyordu adeta. Ben onu \u00e7ok ge\u00e7 ke\u015ffettim. O benim hikayecimdi, Onu kaybetti\u011fimde anlad\u0131m &#8230; &#8221; Saray&#8217;da ba\u015flay\u0131p, bir Anadolu \u015fehrinde hayat\u0131n\u0131 ve s\u0131rr\u0131n\u0131 torununa anlatan ya\u015fl\u0131 kad\u0131n\u0131n s\u0131rlarla dolu ya\u015fam\u0131. K\u00fc\u00e7\u00fck \u00e7ocu\u011fun y\u0131llarca biriktirdi\u011fi an\u0131lar\u0131n\u0131 s\u0131ras\u0131 geldi\u011finde s\u0131rr\u0131n di\u011fer sahibiyle payla\u015fmas\u0131 &#8230; Caner Tek&#8217;in son roman\u0131n da k\u00fc\u00e7\u00fck bir \u00e7ocu\u011fun g\u00f6z\u00fcnden ya\u015fl\u0131 bir kad\u0131n\u0131n hayat\u0131na dokunu\u015funu ya\u015fayacaks\u0131n\u0131z. <\/p>\n","protected":false},"excerpt":{"rendered":"<p>&#8220;Seyrekle\u015fmi\u015f beyaz sa\u00e7lar\u0131 denizden gelen r\u00fczgarla sa\u011fa sola savruldu\u011funda, ne kadar ya\u015fl\u0131 oldu\u011funu bir kere daha anlad\u0131m. Ya\u015fad\u0131klar\u0131, y\u00fcre\u011finde kor demirlerle da\u011flanm\u0131\u015f derin yaralar a\u00e7sa da,<span class=\"excerpt-hellip\"> [\u2026]<\/span><\/p>\n","protected":false},"featured_media":0,"template":"","meta":{"_monsterinsights_skip_tracking":false,"_monsterinsights_sitenote_active":false,"_monsterinsights_sitenote_note":"","_monsterinsights_sitenote_category":0},"product_brand":[],"product_cat":[12291,12711],"product_tag":[],"class_list":{"0":"post-747354","1":"product","2":"type-product","3":"status-publish","5":"product_cat-edebiyat","6":"product_cat-roman-oyku","7":"pa_cilt-ciltsiz","8":"pa_tur-kitap","9":"pa_yayinevi-kirmizi-cati-yayinlari","10":"pa_yazar-caner-tek","12":"first","13":"instock","14":"sale","15":"shipping-taxable","16":"purchasable","17":"product-type-simple"},"_links":{"self":[{"href":"https:\/\/roveyayinevi.com.tr\/index.php\/wp-json\/wp\/v2\/product\/747354","targetHints":{"allow":["GET"]}}],"collection":[{"href":"https:\/\/roveyayinevi.com.tr\/index.php\/wp-json\/wp\/v2\/product"}],"about":[{"href":"https:\/\/roveyayinevi.com.tr\/index.php\/wp-json\/wp\/v2\/types\/product"}],"wp:attachment":[{"href":"https:\/\/roveyayinevi.com.tr\/index.php\/wp-json\/wp\/v2\/media?parent=747354"}],"wp:term":[{"taxonomy":"product_brand","embeddable":true,"href":"https:\/\/roveyayinevi.com.tr\/index.php\/wp-json\/wp\/v2\/product_brand?post=747354"},{"taxonomy":"product_cat","embeddable":true,"href":"https:\/\/roveyayinevi.com.tr\/index.php\/wp-json\/wp\/v2\/product_cat?post=747354"},{"taxonomy":"product_tag","embeddable":true,"href":"https:\/\/roveyayinevi.com.tr\/index.php\/wp-json\/wp\/v2\/product_tag?post=747354"}],"curies":[{"name":"wp","href":"https:\/\/api.w.org\/{rel}","templated":true}]}}