{"id":747352,"date":"2025-08-28T03:04:29","date_gmt":"2025-08-28T00:04:29","guid":{"rendered":"https:\/\/roveyayinevi.com.tr\/index.php\/urun\/dad\/"},"modified":"2026-04-16T03:00:00","modified_gmt":"2026-04-16T00:00:00","slug":"dad","status":"publish","type":"product","link":"https:\/\/roveyayinevi.com.tr\/index.php\/urun\/dad\/","title":{"rendered":"DAD"},"content":{"rendered":"<p>Ba\u015flang\u0131\u00e7ta koku biraz zorluyordu. Kan\u0131ksad\u0131m ama. Hatta seviyorum art\u0131k bu kokuyu. Yan\u0131k gibi. Hayat\u0131n ger\u00e7ek kokusu. \u015eehir \u00e7\u00f6pl\u00fc\u011f\u00fc gibi kokuyor diyesim var fakat buras\u0131 zaten \u015fehir \u00e7\u00f6pl\u00fc\u011f\u00fc. Be\u015f ayd\u0131r burada ya\u015f\u0131yorum. Tam\u0131 tam\u0131na d\u00f6rt ay on sekiz g\u00fcn. Duvara ast\u0131\u011f\u0131m kocaman bir kartonum var, her g\u00fcn i\u00e7in bir \u00e7entik at\u0131yorum \u00fczerine, mahpuslar gibi. \u00c7ok r\u00fczgar oldu\u011funda duvardan d\u00fc\u015f\u00fcyor. \u201cEvim\u201d g\u00fcn\u00fcn birinde t\u00fcmden u\u00e7up giderse \u015fa\u015f\u0131rmam. Selahattin Demirta\u015f, bu yeni \u00f6yk\u00fclerinde okurlar\u0131n\u0131 benzersiz bir seyrana \u00e7\u0131kar\u0131yor: \u0130stanbul \u00e7\u00f6pl\u00fc\u011f\u00fcnden adliye koridorlar\u0131na, l\u00fcks villalardan vergi dairelerine, \u0131ss\u0131z adalardan t\u0131marhanelere uzanan; yer yer bilimkurgu ya da abs\u00fcrt komediye b\u00fcr\u00fcnen; yanl\u0131\u015f anlamalarla, g\u0131ll\u0131g\u0131\u015fl\u0131 ihanetlerle, harika fantezilerle \u00f6r\u00fcl\u00fc; insan ruhunun gizemli dehlizlerinde ac\u0131 ve tatl\u0131 kahkahalar att\u0131ran d\u00fc\u015fsel bir c\u00fcmb\u00fc\u015f. Kemerlerinizi ba\u011flay\u0131n\u2026 <\/p>\n","protected":false},"excerpt":{"rendered":"<p>Ba\u015flang\u0131\u00e7ta koku biraz zorluyordu. Kan\u0131ksad\u0131m ama. Hatta seviyorum art\u0131k bu kokuyu. Yan\u0131k gibi. Hayat\u0131n ger\u00e7ek kokusu. \u015eehir \u00e7\u00f6pl\u00fc\u011f\u00fc gibi kokuyor diyesim var fakat buras\u0131 zaten \u015fehir<span class=\"excerpt-hellip\"> [\u2026]<\/span><\/p>\n","protected":false},"featured_media":0,"template":"","meta":{"_monsterinsights_skip_tracking":false,"_monsterinsights_sitenote_active":false,"_monsterinsights_sitenote_note":"","_monsterinsights_sitenote_category":0},"product_brand":[],"product_cat":[12291,18202],"product_tag":[],"class_list":{"0":"post-747352","1":"product","2":"type-product","3":"status-publish","5":"product_cat-edebiyat","6":"product_cat-hikaye","7":"pa_cilt-ciltsiz","8":"pa_tur-kitap","9":"pa_yayinevi-dipnot-yayinlari","10":"pa_yazar-selahattin-demirtas","12":"first","13":"instock","14":"sale","15":"shipping-taxable","16":"purchasable","17":"product-type-simple"},"_links":{"self":[{"href":"https:\/\/roveyayinevi.com.tr\/index.php\/wp-json\/wp\/v2\/product\/747352","targetHints":{"allow":["GET"]}}],"collection":[{"href":"https:\/\/roveyayinevi.com.tr\/index.php\/wp-json\/wp\/v2\/product"}],"about":[{"href":"https:\/\/roveyayinevi.com.tr\/index.php\/wp-json\/wp\/v2\/types\/product"}],"wp:attachment":[{"href":"https:\/\/roveyayinevi.com.tr\/index.php\/wp-json\/wp\/v2\/media?parent=747352"}],"wp:term":[{"taxonomy":"product_brand","embeddable":true,"href":"https:\/\/roveyayinevi.com.tr\/index.php\/wp-json\/wp\/v2\/product_brand?post=747352"},{"taxonomy":"product_cat","embeddable":true,"href":"https:\/\/roveyayinevi.com.tr\/index.php\/wp-json\/wp\/v2\/product_cat?post=747352"},{"taxonomy":"product_tag","embeddable":true,"href":"https:\/\/roveyayinevi.com.tr\/index.php\/wp-json\/wp\/v2\/product_tag?post=747352"}],"curies":[{"name":"wp","href":"https:\/\/api.w.org\/{rel}","templated":true}]}}