{"id":747351,"date":"2025-08-28T03:04:28","date_gmt":"2025-08-28T00:04:28","guid":{"rendered":"https:\/\/roveyayinevi.com.tr\/index.php\/urun\/gorunmez-adam-9\/"},"modified":"2026-04-16T03:00:00","modified_gmt":"2026-04-16T00:00:00","slug":"gorunmez-adam-9","status":"publish","type":"product","link":"https:\/\/roveyayinevi.com.tr\/index.php\/urun\/gorunmez-adam-9\/","title":{"rendered":"G\u00f6r\u00fcnmez Adam"},"content":{"rendered":"<p>Karl\u0131 bir k\u0131\u015f g\u00fcn\u00fc, ba\u015ftan a\u015fa\u011f\u0131 s\u0131ms\u0131k\u0131 giyinmi\u015f bir yabanc\u0131, uzak bir \u0130ngiliz kasabas\u0131ndaki bir hana var\u0131r. Adam, kocaman g\u00f6zl\u00fc\u011f\u00fc ve \u015fapkas\u0131yla tuhaf bir g\u00f6r\u00fcn\u00fcme sahip olsa da han sahibi hi\u00e7 teredd\u00fct etmeden onu kabul edip en g\u00fczel odalar\u0131ndan birine yerle\u015ftirir, ne de olsa k\u0131\u015f aylar\u0131nda b\u00f6yle k\u00fc\u00e7\u00fck bir kasabada m\u00fc\u015fteri bulmak olduk\u00e7a zordur. Han sahibi ve kasabal\u0131lar ba\u015fta bu tuhaf yabanc\u0131ya fazla ilgi g\u00f6stermese de \u015f\u00fcpheli davran\u0131\u015flar\u0131 ve s\u00fcrekli olarak atk\u0131, g\u00f6zl\u00fck ve eldivenle dola\u015fmas\u0131, \u00e7ok ge\u00e7meden onun hakk\u0131nda t\u00fcrl\u00fc dedikodular\u0131n ortaya at\u0131lmas\u0131na yol a\u00e7ar. \u00dcst\u00fcne \u00fcstl\u00fck adam bilimsel deneyler yapt\u0131\u011f\u0131n\u0131 s\u00f6yleyerek odas\u0131na kimseyi almay\u0131nca, kasaba halk\u0131n\u0131n en \u00f6nemli merak konusu olmay\u0131 ba\u015far\u0131r.  Kasabal\u0131lar\u0131n art\u0131k tek amac\u0131 vard\u0131r, bu gizemli yabanc\u0131n\u0131n s\u0131rr\u0131n\u0131 \u00e7\u00f6zmek. Bilim kurgu t\u00fcr\u00fcn\u00fcn en b\u00fcy\u00fck yazarlar\u0131ndan H. G. Wells\u2019in en \u00f6nemli eserlerinden biri olan G\u00f6r\u00fcnmez Adam, soluk solu\u011fa okuyaca\u011f\u0131n\u0131z heyecanl\u0131 bir macera. <\/p>\n","protected":false},"excerpt":{"rendered":"<p>Karl\u0131 bir k\u0131\u015f g\u00fcn\u00fc, ba\u015ftan a\u015fa\u011f\u0131 s\u0131ms\u0131k\u0131 giyinmi\u015f bir yabanc\u0131, uzak bir \u0130ngiliz kasabas\u0131ndaki bir hana var\u0131r. Adam, kocaman g\u00f6zl\u00fc\u011f\u00fc ve \u015fapkas\u0131yla tuhaf bir g\u00f6r\u00fcn\u00fcme sahip<span class=\"excerpt-hellip\"> [\u2026]<\/span><\/p>\n","protected":false},"featured_media":0,"template":"","meta":{"_monsterinsights_skip_tracking":false,"_monsterinsights_sitenote_active":false,"_monsterinsights_sitenote_note":"","_monsterinsights_sitenote_category":0},"product_brand":[],"product_cat":[12803,12291],"product_tag":[],"class_list":{"0":"post-747351","1":"product","2":"type-product","3":"status-publish","5":"product_cat-aksiyon-macera","6":"product_cat-edebiyat","7":"pa_cilt-ciltsiz","8":"pa_tur-kitap","9":"pa_yayinevi-arkadas-yayinlari","10":"pa_yazar-h-g-wells","12":"first","13":"instock","14":"sale","15":"shipping-taxable","16":"purchasable","17":"product-type-simple"},"_links":{"self":[{"href":"https:\/\/roveyayinevi.com.tr\/index.php\/wp-json\/wp\/v2\/product\/747351","targetHints":{"allow":["GET"]}}],"collection":[{"href":"https:\/\/roveyayinevi.com.tr\/index.php\/wp-json\/wp\/v2\/product"}],"about":[{"href":"https:\/\/roveyayinevi.com.tr\/index.php\/wp-json\/wp\/v2\/types\/product"}],"wp:attachment":[{"href":"https:\/\/roveyayinevi.com.tr\/index.php\/wp-json\/wp\/v2\/media?parent=747351"}],"wp:term":[{"taxonomy":"product_brand","embeddable":true,"href":"https:\/\/roveyayinevi.com.tr\/index.php\/wp-json\/wp\/v2\/product_brand?post=747351"},{"taxonomy":"product_cat","embeddable":true,"href":"https:\/\/roveyayinevi.com.tr\/index.php\/wp-json\/wp\/v2\/product_cat?post=747351"},{"taxonomy":"product_tag","embeddable":true,"href":"https:\/\/roveyayinevi.com.tr\/index.php\/wp-json\/wp\/v2\/product_tag?post=747351"}],"curies":[{"name":"wp","href":"https:\/\/api.w.org\/{rel}","templated":true}]}}