{"id":747349,"date":"2025-08-28T03:04:24","date_gmt":"2025-08-28T00:04:24","guid":{"rendered":"https:\/\/roveyayinevi.com.tr\/index.php\/urun\/boyle-gitmez\/"},"modified":"2026-04-16T03:00:00","modified_gmt":"2026-04-16T00:00:00","slug":"boyle-gitmez","status":"publish","type":"product","link":"https:\/\/roveyayinevi.com.tr\/index.php\/urun\/boyle-gitmez\/","title":{"rendered":"B\u00f6yle Gitmez"},"content":{"rendered":"<p>Dedim ya k\u0131y\u0131daki \u00e7ak\u0131l ta\u015flar\u0131 gibi&#8230; Baz\u0131 k\u0131y\u0131larda y\u00fcr\u00fcyemezsiniz! Bozar, bazen aya\u011f\u0131n\u0131z\u0131n terazisini, bazen de v\u00fccudunuzun dengesini! Batar \u00e7ak\u0131l ta\u015flar\u0131 aya\u011f\u0131n\u0131za&#8230; Kimi b\u00fcy\u00fck haddinden fazla! Kimi unufak, yap\u0131\u015f\u0131r kal\u0131r sa\u011f\u0131na soluna, batak gibi \u00e7eker seni i\u00e7ine! Nerde bulacaks\u0131n hepsi g\u00fczel birbirinden, hepsi d\u00fczg\u00fcn di\u011ferlerinden&#8230; hal\u0131 gibi, s\u00fcz\u00fcl\u00fcp giden&#8230; \u00e7ak\u0131l ta\u015flar\u0131n\u0131(!).   *** \u0130nsanlar da ayn\u0131 de\u011fil mi? \u0130rili ufakl\u0131&#8230; C\u00fcsseleri de\u011fil kast\u0131m&#8230; O belli! Bak\u0131nca g\u00f6r\u00fcrs\u00fcn! Ruhlar\u0131 da var her bedenin; irili ufakl\u0131! Sanmay\u0131n ki e\u015fit e\u015fle\u015fmi\u015f ruhlar her bedende! Ruhla beden her zaman uygun bir \u015fekilde mi birbirine? Her neyse o \u201cruh\u201d dedi\u011fin&#8230; Nas\u0131l bileceksin ki iri mi, ufak m\u0131? \u0130yi mi, k\u00f6t\u00fc m\u00fc? G\u00fczel mi, \u00e7irkin mi? Cesur mu, korkak m\u0131? <\/p>\n","protected":false},"excerpt":{"rendered":"<p>Dedim ya k\u0131y\u0131daki \u00e7ak\u0131l ta\u015flar\u0131 gibi&#8230; Baz\u0131 k\u0131y\u0131larda y\u00fcr\u00fcyemezsiniz! Bozar, bazen aya\u011f\u0131n\u0131z\u0131n terazisini, bazen de v\u00fccudunuzun dengesini! Batar \u00e7ak\u0131l ta\u015flar\u0131 aya\u011f\u0131n\u0131za&#8230; Kimi b\u00fcy\u00fck haddinden fazla! Kimi<span class=\"excerpt-hellip\"> [\u2026]<\/span><\/p>\n","protected":false},"featured_media":0,"template":"","meta":{"_monsterinsights_skip_tracking":false,"_monsterinsights_sitenote_active":false,"_monsterinsights_sitenote_note":"","_monsterinsights_sitenote_category":0},"product_brand":[],"product_cat":[12777,12291],"product_tag":[],"class_list":{"0":"post-747349","1":"product","2":"type-product","3":"status-publish","5":"product_cat-deneme","6":"product_cat-edebiyat","7":"pa_cilt-ciltsiz","8":"pa_tur-kitap","9":"pa_yayinevi-akil-celen-kitaplar","10":"pa_yazar-zafer-oner","12":"first","13":"instock","14":"sale","15":"shipping-taxable","16":"purchasable","17":"product-type-simple"},"_links":{"self":[{"href":"https:\/\/roveyayinevi.com.tr\/index.php\/wp-json\/wp\/v2\/product\/747349","targetHints":{"allow":["GET"]}}],"collection":[{"href":"https:\/\/roveyayinevi.com.tr\/index.php\/wp-json\/wp\/v2\/product"}],"about":[{"href":"https:\/\/roveyayinevi.com.tr\/index.php\/wp-json\/wp\/v2\/types\/product"}],"wp:attachment":[{"href":"https:\/\/roveyayinevi.com.tr\/index.php\/wp-json\/wp\/v2\/media?parent=747349"}],"wp:term":[{"taxonomy":"product_brand","embeddable":true,"href":"https:\/\/roveyayinevi.com.tr\/index.php\/wp-json\/wp\/v2\/product_brand?post=747349"},{"taxonomy":"product_cat","embeddable":true,"href":"https:\/\/roveyayinevi.com.tr\/index.php\/wp-json\/wp\/v2\/product_cat?post=747349"},{"taxonomy":"product_tag","embeddable":true,"href":"https:\/\/roveyayinevi.com.tr\/index.php\/wp-json\/wp\/v2\/product_tag?post=747349"}],"curies":[{"name":"wp","href":"https:\/\/api.w.org\/{rel}","templated":true}]}}