{"id":747348,"date":"2025-08-28T03:04:23","date_gmt":"2025-08-28T00:04:23","guid":{"rendered":"https:\/\/roveyayinevi.com.tr\/index.php\/urun\/hizmet-pazarlamasina-giren-yeni-urun-kocluk\/"},"modified":"2026-04-16T03:00:00","modified_gmt":"2026-04-16T00:00:00","slug":"hizmet-pazarlamasina-giren-yeni-urun-kocluk","status":"publish","type":"product","link":"https:\/\/roveyayinevi.com.tr\/index.php\/urun\/hizmet-pazarlamasina-giren-yeni-urun-kocluk\/","title":{"rendered":"Hizmet Pazarlamas\u0131na Giren Yeni \u00dcr\u00fcn: Ko\u00e7luk"},"content":{"rendered":"<p>1.      B\u00d6L\u00dcM: KO\u00c7LUK NED\u0130R?   2.      B\u00d6L\u00dcM: KO\u00c7LUK H\u0130ZMET\u0130NDE MENTORL\u00dcK   3.      B\u00d6L\u00dcM: H\u0130ZMET PAZARLAMASINDA KO\u00c7LUK H\u0130ZMET\u0130  4.  B\u00d6L\u00dcM: KO\u00c7LUKTA S\u0130N\u0130RB\u0130L\u0130M (N\u00d6ROB\u0130L\u0130M) UYGULAMALARI VE N\u00d6ROKO\u00c7LUK S\u0130STEM\u0130<\/p>\n","protected":false},"excerpt":{"rendered":"<p>1. B\u00d6L\u00dcM: KO\u00c7LUK NED\u0130R? 2. B\u00d6L\u00dcM: KO\u00c7LUK H\u0130ZMET\u0130NDE MENTORL\u00dcK 3. B\u00d6L\u00dcM: H\u0130ZMET PAZARLAMASINDA KO\u00c7LUK H\u0130ZMET\u0130 4. B\u00d6L\u00dcM: KO\u00c7LUKTA S\u0130N\u0130RB\u0130L\u0130M (N\u00d6ROB\u0130L\u0130M) UYGULAMALARI VE N\u00d6ROKO\u00c7LUK S\u0130STEM\u0130<\/p>\n","protected":false},"featured_media":0,"template":"","meta":{"_monsterinsights_skip_tracking":false,"_monsterinsights_sitenote_active":false,"_monsterinsights_sitenote_note":"","_monsterinsights_sitenote_category":0},"product_brand":[],"product_cat":[13043,17492],"product_tag":[],"class_list":{"0":"post-747348","1":"product","2":"type-product","3":"status-publish","5":"product_cat-ekonomi","6":"product_cat-pazarlama-satis-reklam","7":"pa_cilt-ciltsiz","8":"pa_tur-kitap","9":"pa_yayinevi-gazi-kitabevi","10":"pa_yazar-kolektif","12":"first","13":"instock","14":"sale","15":"shipping-taxable","16":"purchasable","17":"product-type-simple"},"_links":{"self":[{"href":"https:\/\/roveyayinevi.com.tr\/index.php\/wp-json\/wp\/v2\/product\/747348","targetHints":{"allow":["GET"]}}],"collection":[{"href":"https:\/\/roveyayinevi.com.tr\/index.php\/wp-json\/wp\/v2\/product"}],"about":[{"href":"https:\/\/roveyayinevi.com.tr\/index.php\/wp-json\/wp\/v2\/types\/product"}],"wp:attachment":[{"href":"https:\/\/roveyayinevi.com.tr\/index.php\/wp-json\/wp\/v2\/media?parent=747348"}],"wp:term":[{"taxonomy":"product_brand","embeddable":true,"href":"https:\/\/roveyayinevi.com.tr\/index.php\/wp-json\/wp\/v2\/product_brand?post=747348"},{"taxonomy":"product_cat","embeddable":true,"href":"https:\/\/roveyayinevi.com.tr\/index.php\/wp-json\/wp\/v2\/product_cat?post=747348"},{"taxonomy":"product_tag","embeddable":true,"href":"https:\/\/roveyayinevi.com.tr\/index.php\/wp-json\/wp\/v2\/product_tag?post=747348"}],"curies":[{"name":"wp","href":"https:\/\/api.w.org\/{rel}","templated":true}]}}