{"id":747347,"date":"2025-08-28T03:04:23","date_gmt":"2025-08-28T00:04:23","guid":{"rendered":"https:\/\/roveyayinevi.com.tr\/index.php\/urun\/spor-ve-iletisim-bilimlerinde-guncel-arastirmalar\/"},"modified":"2026-04-16T02:59:59","modified_gmt":"2026-04-15T23:59:59","slug":"spor-ve-iletisim-bilimlerinde-guncel-arastirmalar","status":"publish","type":"product","link":"https:\/\/roveyayinevi.com.tr\/index.php\/urun\/spor-ve-iletisim-bilimlerinde-guncel-arastirmalar\/","title":{"rendered":"Spor ve \u0130leti\u015fim Bilimlerinde G\u00fcncel Ara\u015ft\u0131rmalar"},"content":{"rendered":"<p>\u00b7         \u00d6\u011eRETMEN ADAYLARININ \u00d6ZYETERL\u0130K \u0130NANCI, B\u0130L\u0130\u015eSEL ESNEKL\u0130K VE \u00dcST B\u0130L\u0130\u015eSEL OKUMA STRATEJ\u0130LER\u0130 ARASINDAK\u0130 \u0130L\u0130\u015eK\u0130 \u00b7         UYGULAMALI B\u0130L\u0130MLER ALANINDAK\u0130 \u00d6\u011eRETMENLER\u0130N\u0130N MESLEK\u0130 ALANLARINA VE SERBEST ZAMANLARINI DE\u011eERLEND\u0130RMES\u0130NE G\u00d6RE COV\u0130D-19 \u0130LE \u0130L\u0130\u015eK\u0130L\u0130 PS\u0130KOLOJ\u0130K SIKINTI D\u00dcZEYLER\u0130N\u0130N \u0130NCELENMES\u0130 \u00b7         SANAL GER\u00c7EKL\u0130K VE REKREASYON \u00b7         REKREASYON FARKINDALI\u011eI \u00b7         SPORDA DUYGUSAL ZEKA \u00b7         YAKINSAMA K\u00dcLT\u00dcR\u00dcNDEN TRANSMEDYA H\u0130K\u00c2YE ANLATICILI\u011eINA: MARVEL EVREN\u0130 \u00d6RNE\u011e\u0130 \u00b7         K\u00dcYERELLE\u015eME BA\u011eLAMINDA NETFL\u0130X D\u0130J\u0130TAL PLATFORMU \u00dcZER\u0130NE B\u0130R \u0130NCELEME \u00b7         T\u00dcRK S\u0130NEMASINDA KADIN K\u0130ML\u0130\u011e\u0130N\u0130N NAMUS VE \u015e\u0130DDET OLGULARI BA\u011eLAMINDA TEMS\u0130L\u0130: BERGEN VE D\u0130LBERAY F\u0130LMLER\u0130 \u00b7         TAR\u0130HSEL S\u00dcRE\u00c7 \u0130\u00c7ER\u0130S\u0130NDE D\u00d6N\u00dc\u015eEN EKRAN K\u00dcLT\u00dcR\u00dc VE BA\u011eLAMI \u00b7         \u00d6\u011eRETMENLER\u0130N BEDEN D\u0130L\u0130 YETERL\u0130L\u0130KLER\u0130 VE \u0130LET\u0130\u015e\u0130M BECER\u0130LER\u0130 ARASINDAK\u0130 \u0130L\u0130\u015eK\u0130N\u0130N SPOR VE FARKLI DE\u011e\u0130\u015eKENLER A\u00c7ISINDAN \u0130NCELENMES\u0130) \u00b7         ORTAOKUL \u00d6\u011eRENC\u0130LER\u0130N\u0130N BEDEN E\u011e\u0130T\u0130M\u0130 VE SPOR DERS\u0130NE Y\u00d6NEL\u0130K TUTUMLARININ FARKLI DE\u011e\u0130\u015eKENLER A\u00c7ISINDAN \u0130NCELENMES\u0130 (ERZURUM \u0130L\u0130 \u00d6RNE\u011e\u0130) \u00b7         SPOR M\u00dcSABAKALARI G\u00dcVENL\u0130K Y\u00d6NET\u0130M\u0130NE FARKLI B\u0130R BAKI\u015e: KR\u0130Z Y\u00d6NET\u0130M\u0130 YAKLA\u015eIMI \u00b7         \u00dcN\u0130VERS\u0130TEDE \u00d6\u011eREN\u0130M G\u00d6REN \u00d6\u011eRENC\u0130LER\u0130N DANSA Y\u00d6NEL\u0130K TUTUM D\u00dcZEYLER\u0130N\u0130N FARKLI DE\u011e\u0130\u015eKENLER A\u00c7ISINDAN \u0130NCELENMES\u0130 <\/p>\n","protected":false},"excerpt":{"rendered":"<p>\u00b7 \u00d6\u011eRETMEN ADAYLARININ \u00d6ZYETERL\u0130K \u0130NANCI, B\u0130L\u0130\u015eSEL ESNEKL\u0130K VE \u00dcST B\u0130L\u0130\u015eSEL OKUMA STRATEJ\u0130LER\u0130 ARASINDAK\u0130 \u0130L\u0130\u015eK\u0130 \u00b7 UYGULAMALI B\u0130L\u0130MLER ALANINDAK\u0130 \u00d6\u011eRETMENLER\u0130N\u0130N MESLEK\u0130 ALANLARINA VE SERBEST ZAMANLARINI DE\u011eERLEND\u0130RMES\u0130NE G\u00d6RE<span class=\"excerpt-hellip\"> [\u2026]<\/span><\/p>\n","protected":false},"featured_media":0,"template":"","meta":{"_monsterinsights_skip_tracking":false,"_monsterinsights_sitenote_active":false,"_monsterinsights_sitenote_note":"","_monsterinsights_sitenote_category":0},"product_brand":[],"product_cat":[15563,15564],"product_tag":[],"class_list":{"0":"post-747347","1":"product","2":"type-product","3":"status-publish","5":"product_cat-hobi","6":"product_cat-spor","7":"pa_cilt-ciltsiz","8":"pa_tur-kitap","9":"pa_yayinevi-gazi-kitabevi","10":"pa_yazar-kolektif","12":"first","13":"instock","14":"sale","15":"shipping-taxable","16":"purchasable","17":"product-type-simple"},"_links":{"self":[{"href":"https:\/\/roveyayinevi.com.tr\/index.php\/wp-json\/wp\/v2\/product\/747347","targetHints":{"allow":["GET"]}}],"collection":[{"href":"https:\/\/roveyayinevi.com.tr\/index.php\/wp-json\/wp\/v2\/product"}],"about":[{"href":"https:\/\/roveyayinevi.com.tr\/index.php\/wp-json\/wp\/v2\/types\/product"}],"wp:attachment":[{"href":"https:\/\/roveyayinevi.com.tr\/index.php\/wp-json\/wp\/v2\/media?parent=747347"}],"wp:term":[{"taxonomy":"product_brand","embeddable":true,"href":"https:\/\/roveyayinevi.com.tr\/index.php\/wp-json\/wp\/v2\/product_brand?post=747347"},{"taxonomy":"product_cat","embeddable":true,"href":"https:\/\/roveyayinevi.com.tr\/index.php\/wp-json\/wp\/v2\/product_cat?post=747347"},{"taxonomy":"product_tag","embeddable":true,"href":"https:\/\/roveyayinevi.com.tr\/index.php\/wp-json\/wp\/v2\/product_tag?post=747347"}],"curies":[{"name":"wp","href":"https:\/\/api.w.org\/{rel}","templated":true}]}}