{"id":747346,"date":"2025-08-28T03:04:22","date_gmt":"2025-08-28T00:04:22","guid":{"rendered":"https:\/\/roveyayinevi.com.tr\/index.php\/urun\/egzersiz-ve-sporda-beslenme\/"},"modified":"2026-01-20T03:31:55","modified_gmt":"2026-01-20T00:31:55","slug":"egzersiz-ve-sporda-beslenme","status":"publish","type":"product","link":"https:\/\/roveyayinevi.com.tr\/index.php\/urun\/egzersiz-ve-sporda-beslenme\/","title":{"rendered":"Egzersiz ve Sporda Beslenme"},"content":{"rendered":"<p>1.      Egzersiz ve Sporda Beslenme 2.      Besin Takviyesi Kullan\u0131m\u0131 3.      Sporcu Besinlerinin Tan\u0131m\u0131 4.      Sporcularda Vitamin ve Mineraller Kullan\u0131m\u0131 5.      S\u0131v\u0131, Hidrasyon ve Elektrolitler 6.      Enerji Transferi ve Beslenme \u0130li\u015fkisi 7.      Sporcularda Uyku ve Beslenme 8.      Kad\u0131n Sporcularda Beslenme 9. Antren\u00f6rler ve Beslenme<\/p>\n","protected":false},"excerpt":{"rendered":"<p>1. Egzersiz ve Sporda Beslenme 2. Besin Takviyesi Kullan\u0131m\u0131 3. Sporcu Besinlerinin Tan\u0131m\u0131 4. Sporcularda Vitamin ve Mineraller Kullan\u0131m\u0131 5. S\u0131v\u0131, Hidrasyon ve Elektrolitler 6. Enerji<span class=\"excerpt-hellip\"> [\u2026]<\/span><\/p>\n","protected":false},"featured_media":0,"template":"","meta":{"_monsterinsights_skip_tracking":false,"_monsterinsights_sitenote_active":false,"_monsterinsights_sitenote_note":"","_monsterinsights_sitenote_category":0},"product_brand":[],"product_cat":[15563,15564],"product_tag":[],"class_list":{"0":"post-747346","1":"product","2":"type-product","3":"status-publish","5":"product_cat-hobi","6":"product_cat-spor","7":"pa_cilt-ciltsiz","8":"pa_tur-kitap","9":"pa_yayinevi-gazi-kitabevi","10":"pa_yazar-onder-karakoc","12":"first","13":"instock","14":"sale","15":"shipping-taxable","16":"purchasable","17":"product-type-simple"},"_links":{"self":[{"href":"https:\/\/roveyayinevi.com.tr\/index.php\/wp-json\/wp\/v2\/product\/747346","targetHints":{"allow":["GET"]}}],"collection":[{"href":"https:\/\/roveyayinevi.com.tr\/index.php\/wp-json\/wp\/v2\/product"}],"about":[{"href":"https:\/\/roveyayinevi.com.tr\/index.php\/wp-json\/wp\/v2\/types\/product"}],"wp:attachment":[{"href":"https:\/\/roveyayinevi.com.tr\/index.php\/wp-json\/wp\/v2\/media?parent=747346"}],"wp:term":[{"taxonomy":"product_brand","embeddable":true,"href":"https:\/\/roveyayinevi.com.tr\/index.php\/wp-json\/wp\/v2\/product_brand?post=747346"},{"taxonomy":"product_cat","embeddable":true,"href":"https:\/\/roveyayinevi.com.tr\/index.php\/wp-json\/wp\/v2\/product_cat?post=747346"},{"taxonomy":"product_tag","embeddable":true,"href":"https:\/\/roveyayinevi.com.tr\/index.php\/wp-json\/wp\/v2\/product_tag?post=747346"}],"curies":[{"name":"wp","href":"https:\/\/api.w.org\/{rel}","templated":true}]}}