{"id":747342,"date":"2025-08-28T03:04:17","date_gmt":"2025-08-28T00:04:17","guid":{"rendered":"https:\/\/roveyayinevi.com.tr\/index.php\/urun\/son-oyuncak-magarasi\/"},"modified":"2026-04-16T02:59:59","modified_gmt":"2026-04-15T23:59:59","slug":"son-oyuncak-magarasi","status":"publish","type":"product","link":"https:\/\/roveyayinevi.com.tr\/index.php\/urun\/son-oyuncak-magarasi\/","title":{"rendered":"Son Oyuncak Ma\u011faras\u0131"},"content":{"rendered":"<p>\u00d6mer, u\u00e7maya bir kere ba\u015flad\u0131 m\u0131 t\u00fcm mahalleyi hatta t\u00fcm \u015fehri dola\u015fmadan yere inmek bilmiyor. \u201c\u0130yi de insanlar u\u00e7amaz ki,\u201d mi dediniz? Evet, insanlar u\u00e7amaz. Ama \u00d6mer i\u00e7in bu kural bir s\u00fcredir ge\u00e7erli de\u011fil. \u00c7\u00fcnk\u00fc o, bir oyuncak ma\u011faras\u0131 g\u00f6ren, \u00c7ikola\u2019yla, Bisk\u00fcvi\u2019yle, son oyuncak ma\u011faras\u0131n\u0131n sultan\u0131yla ve maharetiyle me\u015fhur oyuncak ustalar\u0131yla tan\u0131\u015fan az say\u0131da \u00e7ocuktan biri. Belki de d\u00fcnyada tektir kim bilir? \u015eimdi siz \u00d6mer\u2019in oyuncak ma\u011faras\u0131na nas\u0131l gitti\u011fini de merak etmi\u015fsinizdir. Hepsi ve daha fazlas\u0131 bu kitapta&#8230; Aykut Ertu\u011frul\u2019un ilk \u00e7ocuk kitab\u0131 Son Oyuncak Ma\u011faras\u0131, \u00f6d\u00fcll\u00fc \u00e7izer Nadia Romero Marchesini\u2019nin ill\u00fcstrasyonlar\u0131yla renklendi&#8230; <\/p>\n","protected":false},"excerpt":{"rendered":"<p>\u00d6mer, u\u00e7maya bir kere ba\u015flad\u0131 m\u0131 t\u00fcm mahalleyi hatta t\u00fcm \u015fehri dola\u015fmadan yere inmek bilmiyor. \u201c\u0130yi de insanlar u\u00e7amaz ki,\u201d mi dediniz? Evet, insanlar u\u00e7amaz. Ama<span class=\"excerpt-hellip\"> [\u2026]<\/span><\/p>\n","protected":false},"featured_media":0,"template":"","meta":{"_monsterinsights_skip_tracking":false,"_monsterinsights_sitenote_active":false,"_monsterinsights_sitenote_note":"","_monsterinsights_sitenote_category":0},"product_brand":[],"product_cat":[12275,12274],"product_tag":[],"class_list":{"0":"post-747342","1":"product","2":"type-product","3":"status-publish","5":"product_cat-6-12-yas-kitaplari","6":"product_cat-cocuk-ve-genclik-kitaplari","7":"pa_cilt-ciltsiz","8":"pa_tur-kitap","9":"pa_yayinevi-ketebe-yayinlari","10":"pa_yazar-aykut-ertugrul","12":"first","13":"instock","14":"sale","15":"shipping-taxable","16":"purchasable","17":"product-type-simple"},"_links":{"self":[{"href":"https:\/\/roveyayinevi.com.tr\/index.php\/wp-json\/wp\/v2\/product\/747342","targetHints":{"allow":["GET"]}}],"collection":[{"href":"https:\/\/roveyayinevi.com.tr\/index.php\/wp-json\/wp\/v2\/product"}],"about":[{"href":"https:\/\/roveyayinevi.com.tr\/index.php\/wp-json\/wp\/v2\/types\/product"}],"wp:attachment":[{"href":"https:\/\/roveyayinevi.com.tr\/index.php\/wp-json\/wp\/v2\/media?parent=747342"}],"wp:term":[{"taxonomy":"product_brand","embeddable":true,"href":"https:\/\/roveyayinevi.com.tr\/index.php\/wp-json\/wp\/v2\/product_brand?post=747342"},{"taxonomy":"product_cat","embeddable":true,"href":"https:\/\/roveyayinevi.com.tr\/index.php\/wp-json\/wp\/v2\/product_cat?post=747342"},{"taxonomy":"product_tag","embeddable":true,"href":"https:\/\/roveyayinevi.com.tr\/index.php\/wp-json\/wp\/v2\/product_tag?post=747342"}],"curies":[{"name":"wp","href":"https:\/\/api.w.org\/{rel}","templated":true}]}}