{"id":747338,"date":"2025-08-28T03:04:11","date_gmt":"2025-08-28T00:04:11","guid":{"rendered":"https:\/\/roveyayinevi.com.tr\/index.php\/urun\/balaban\/"},"modified":"2026-04-16T02:59:59","modified_gmt":"2026-04-15T23:59:59","slug":"balaban","status":"publish","type":"product","link":"https:\/\/roveyayinevi.com.tr\/index.php\/urun\/balaban\/","title":{"rendered":"Balaban"},"content":{"rendered":"<p>Yavru balaban, do\u011fal ortam\u0131nda gizlenmek i\u00e7in annesi gibi \u201cg\u00f6r\u00fcnmez\u201d olmay\u0131 \u00f6\u011frenmelidir. Sonunda bunu ba\u015far\u0131r ama g\u00f6\u00e7 ederlerken s\u00fcr\u00fcden ayr\u0131l\u0131p yolunu kaybeder. Bu kez annesinin onu bulabilmesi i\u00e7in \u201cg\u00f6r\u00fcn\u00fcr\u201d olmas\u0131 gerekir. Fakat yavru balaban\u0131 \u00f6nce Bennu ad\u0131nda k\u00fc\u00e7\u00fck bir k\u0131z bulur. Bennu ile veteriner olan annesi, balaban\u0131n g\u00f6r\u00fcn\u00fcr olmas\u0131 i\u00e7in harekete ge\u00e7erler.   \u015eiirsel Ta\u015f\u2019\u0131n bir g\u00f6\u00e7 zaman\u0131 annesinden ayr\u0131 d\u00fc\u015fen bir yavru balabandan esinlenerek yazd\u0131\u011f\u0131, Duygu Top\u00e7u\u2019nun resimledi\u011fi Balaban, g\u00f6r\u00fcnmez olmay\u0131 \u00f6\u011frenmeye \u00e7al\u0131\u015fan ve bazen de g\u00f6r\u00fcn\u00fcr olmas\u0131 gereken bir yavru ku\u015fun \u00f6yk\u00fcs\u00fc.    <\/p>\n","protected":false},"excerpt":{"rendered":"<p>Yavru balaban, do\u011fal ortam\u0131nda gizlenmek i\u00e7in annesi gibi \u201cg\u00f6r\u00fcnmez\u201d olmay\u0131 \u00f6\u011frenmelidir. Sonunda bunu ba\u015far\u0131r ama g\u00f6\u00e7 ederlerken s\u00fcr\u00fcden ayr\u0131l\u0131p yolunu kaybeder. Bu kez annesinin onu bulabilmesi<span class=\"excerpt-hellip\"> [\u2026]<\/span><\/p>\n","protected":false},"featured_media":0,"template":"","meta":{"_monsterinsights_skip_tracking":false,"_monsterinsights_sitenote_active":false,"_monsterinsights_sitenote_note":"","_monsterinsights_sitenote_category":0},"product_brand":[],"product_cat":[12274,12284],"product_tag":[],"class_list":{"0":"post-747338","1":"product","2":"type-product","3":"status-publish","5":"product_cat-cocuk-ve-genclik-kitaplari","6":"product_cat-hikayeler","7":"pa_cilt-ciltsiz","8":"pa_tur-kitap","9":"pa_yayinevi-redhouse-kidz-yayinlari","10":"pa_yazar-siirsel-tas","12":"first","13":"instock","14":"sale","15":"shipping-taxable","16":"purchasable","17":"product-type-simple"},"_links":{"self":[{"href":"https:\/\/roveyayinevi.com.tr\/index.php\/wp-json\/wp\/v2\/product\/747338","targetHints":{"allow":["GET"]}}],"collection":[{"href":"https:\/\/roveyayinevi.com.tr\/index.php\/wp-json\/wp\/v2\/product"}],"about":[{"href":"https:\/\/roveyayinevi.com.tr\/index.php\/wp-json\/wp\/v2\/types\/product"}],"wp:attachment":[{"href":"https:\/\/roveyayinevi.com.tr\/index.php\/wp-json\/wp\/v2\/media?parent=747338"}],"wp:term":[{"taxonomy":"product_brand","embeddable":true,"href":"https:\/\/roveyayinevi.com.tr\/index.php\/wp-json\/wp\/v2\/product_brand?post=747338"},{"taxonomy":"product_cat","embeddable":true,"href":"https:\/\/roveyayinevi.com.tr\/index.php\/wp-json\/wp\/v2\/product_cat?post=747338"},{"taxonomy":"product_tag","embeddable":true,"href":"https:\/\/roveyayinevi.com.tr\/index.php\/wp-json\/wp\/v2\/product_tag?post=747338"}],"curies":[{"name":"wp","href":"https:\/\/api.w.org\/{rel}","templated":true}]}}