{"id":747337,"date":"2025-08-28T03:04:09","date_gmt":"2025-08-28T00:04:09","guid":{"rendered":"https:\/\/roveyayinevi.com.tr\/index.php\/urun\/kucuk-brooklyn-firini\/"},"modified":"2026-04-16T02:59:59","modified_gmt":"2026-04-15T23:59:59","slug":"kucuk-brooklyn-firini","status":"publish","type":"product","link":"https:\/\/roveyayinevi.com.tr\/index.php\/urun\/kucuk-brooklyn-firini\/","title":{"rendered":"K\u00fc\u00e7\u00fck Brooklyn F\u0131r\u0131n\u0131"},"content":{"rendered":"<p>New York\u2019ta bir gezintiye \u00e7\u0131k\u0131n ve Brooklyn\u2019deki k\u00fc\u00e7\u00fck pasta f\u0131r\u0131n\u0131na u\u011framay\u0131 unutmay\u0131n. D\u00fcnyan\u0131n en g\u00fczel \u00e7\u00f6rekleri, pastalar\u0131 ve s\u00fcrpriz bir a\u015fk sizi bekliyor!   Sophie Bennings, New York\u2019a geldi\u011finde akl\u0131ndaki son \u015fey a\u015fkt\u0131. Hayat\u0131n\u0131 alt\u00fcst eden bir ayr\u0131l\u0131ktan sonra yurt d\u0131\u015f\u0131ndaki k\u0131sa s\u00fcreli i\u015f f\u0131rsat\u0131 imdad\u0131na yeti\u015fmi\u015f, her \u015feyden ka\u00e7mas\u0131 i\u00e7in ona ihtiyac\u0131 olan kap\u0131y\u0131 a\u00e7m\u0131\u015ft\u0131. Yemek yazar\u0131 olarak \u00e7al\u0131\u015ft\u0131\u011f\u0131 dergideki meslekta\u015f\u0131 Todd McLennan, Sophie\u2019nin istemedi\u011fi her \u015feye sahipti. Brooklyn\u2019de, evinin alt\u0131ndaki pasta f\u0131r\u0131n\u0131nda sergilenen nefis kekler kadar ba\u015ftan \u00e7\u0131kar\u0131c\u0131yd\u0131. Sophie ve Todd birbirini tan\u0131d\u0131k\u00e7a, payla\u015ft\u0131klar\u0131 tek tutkunun yemek sevgisi olmad\u0131\u011f\u0131 ortaya \u00e7\u0131kt\u0131. Hi\u00e7 uyumayan bu \u015fehirde Sophie hayallerinin erke\u011fiyle mi tan\u0131\u015fm\u0131\u015ft\u0131? Yoksa ya\u011fmurdan ka\u00e7arken doluya tutulup ba\u015f\u0131n\u0131 daha b\u00fcy\u00fck bir derde mi sokmu\u015ftu? K\u00fc\u00e7\u00fck Brooklyn F\u0131r\u0131n\u0131, reng\u00e2renk, \u0131\u015f\u0131l \u0131\u015f\u0131l bir \u015fehrin heyecan\u0131; lezzetli pastalar\u0131n, keklerin, \u00e7\u00f6reklerin ba\u015f d\u00f6nd\u00fcr\u00fcc\u00fc kokusu ve hayatta bir kez kar\u015f\u0131n\u0131za \u00e7\u0131kacak bir a\u015fk\u0131n tutkusuyla dopdolu, romantik bir hik\u00e2ye.   Julie Caplin\u2019in kaleme ald\u0131\u011f\u0131 K\u00fc\u00e7\u00fck Brooklyn F\u0131r\u0131n\u0131, okurlar\u0131n\u0131 enfes pasta ve \u00e7\u00f6reklerin ba\u015f d\u00f6nd\u00fcr\u00fcc\u00fc kokular\u0131 e\u015fli\u011finde tutkulu bir romantik macerada bulu\u015fturuyor. Kopenhag\u2019da \u00c2\u015f\u0131k Oldum, K\u00fc\u00e7\u00fck Brooklyn F\u0131r\u0131n\u0131 ve K\u00fc\u00e7\u00fck Paris Pastanesi\u2019nden olu\u015fan \u00fc\u00e7lemenin ikinci roman\u0131 K\u00fc\u00e7\u00fck Brooklyn F\u0131r\u0131n\u0131, bu kez Brooklyn\u2019deki bir f\u0131r\u0131nda ge\u00e7iyor. Hayat\u0131nda her \u015feyin yolunda gitti\u011fini d\u00fc\u015f\u00fcnd\u00fc\u011f\u00fc bir anda kendisini alt\u00fcst eden bir ayr\u0131l\u0131kla sars\u0131lan Sophie\u2019nin hik\u00e2yesi, t\u00fcm \u00fcmitlerin t\u00fckendi\u011fi anda bile a\u015fk\u0131n mucizeler yaratabilece\u011fini g\u00f6steren tutkulu bir hik\u00e2ye. Julie Caplin\u2019in gezip g\u00f6rd\u00fc\u011f\u00fc \u015fehirler ve edindi\u011fi tecr\u00fcbelerden ilhamla kaleme ald\u0131\u011f\u0131 K\u00fc\u00e7\u00fck Brooklyn F\u0131r\u0131n\u0131 hem gastronomik lezzetlerle hem de tutkulu bir a\u015fk hik\u00e2yesiyle romantizm tutkunlar\u0131n\u0131n damaklar\u0131nda yer edinecek.<\/p>\n","protected":false},"excerpt":{"rendered":"<p>New York\u2019ta bir gezintiye \u00e7\u0131k\u0131n ve Brooklyn\u2019deki k\u00fc\u00e7\u00fck pasta f\u0131r\u0131n\u0131na u\u011framay\u0131 unutmay\u0131n. D\u00fcnyan\u0131n en g\u00fczel \u00e7\u00f6rekleri, pastalar\u0131 ve s\u00fcrpriz bir a\u015fk sizi bekliyor! Sophie Bennings, New<span class=\"excerpt-hellip\"> [\u2026]<\/span><\/p>\n","protected":false},"featured_media":0,"template":"","meta":{"_monsterinsights_skip_tracking":false,"_monsterinsights_sitenote_active":false,"_monsterinsights_sitenote_note":"","_monsterinsights_sitenote_category":0},"product_brand":[],"product_cat":[12291,12711],"product_tag":[],"class_list":{"0":"post-747337","1":"product","2":"type-product","3":"status-publish","5":"product_cat-edebiyat","6":"product_cat-roman-oyku","7":"pa_cilt-ciltsiz","8":"pa_tur-kitap","9":"pa_yayinevi-artemis-yayinlari","10":"pa_yazar-julie-caplin","12":"first","13":"instock","14":"sale","15":"shipping-taxable","16":"purchasable","17":"product-type-simple"},"_links":{"self":[{"href":"https:\/\/roveyayinevi.com.tr\/index.php\/wp-json\/wp\/v2\/product\/747337","targetHints":{"allow":["GET"]}}],"collection":[{"href":"https:\/\/roveyayinevi.com.tr\/index.php\/wp-json\/wp\/v2\/product"}],"about":[{"href":"https:\/\/roveyayinevi.com.tr\/index.php\/wp-json\/wp\/v2\/types\/product"}],"wp:attachment":[{"href":"https:\/\/roveyayinevi.com.tr\/index.php\/wp-json\/wp\/v2\/media?parent=747337"}],"wp:term":[{"taxonomy":"product_brand","embeddable":true,"href":"https:\/\/roveyayinevi.com.tr\/index.php\/wp-json\/wp\/v2\/product_brand?post=747337"},{"taxonomy":"product_cat","embeddable":true,"href":"https:\/\/roveyayinevi.com.tr\/index.php\/wp-json\/wp\/v2\/product_cat?post=747337"},{"taxonomy":"product_tag","embeddable":true,"href":"https:\/\/roveyayinevi.com.tr\/index.php\/wp-json\/wp\/v2\/product_tag?post=747337"}],"curies":[{"name":"wp","href":"https:\/\/api.w.org\/{rel}","templated":true}]}}