{"id":747335,"date":"2025-08-28T03:04:06","date_gmt":"2025-08-28T00:04:06","guid":{"rendered":"https:\/\/roveyayinevi.com.tr\/index.php\/urun\/kelle-odulu\/"},"modified":"2026-04-16T02:59:59","modified_gmt":"2026-04-15T23:59:59","slug":"kelle-odulu","status":"publish","type":"product","link":"https:\/\/roveyayinevi.com.tr\/index.php\/urun\/kelle-odulu\/","title":{"rendered":"Kelle \u00d6d\u00fcl\u00fc"},"content":{"rendered":"<p>\u201cCinayet, soygun, yalan ya da bunun gibi bir su\u00e7 kar\u015f\u0131s\u0131nda duyulan nefretten daha g\u00fc\u00e7l\u00fc olarak ilk \u00e7a\u011flardan beri insan\u0131n temiz y\u00fcre\u011finde yer etmi\u015f olan nefret&#8230; Aranan birini devlet erkine teslim etmeye kar\u015f\u0131 duyulan nefret&#8230;\u201d   Felaketin arifesi: 1932 yaz\u0131. Almanya\u2019da ge\u00e7im s\u0131k\u0131nt\u0131s\u0131 zirveye ula\u015fm\u0131\u015ft\u0131r. Oberweilerbach k\u00f6y\u00fcnde k\u00fc\u00e7\u00fck \u00e7ift\u00e7iler iflas\u0131n e\u015fi\u011findedir, b\u00fcy\u00fck \u00e7ift\u00e7iler bile kredi sorunu ya\u015famaktad\u0131r. \u00d6zellikle kad\u0131nlar ve ergenler ac\u0131mas\u0131z s\u00f6m\u00fcr\u00fcn\u00fcn kurbanlar\u0131d\u0131r. B\u00f6yle bir ortamda, \u201ck\u0131z\u0131l\u201d bir firari olan Johann Schulz, k\u00f6ydeki akrabalar\u0131n\u0131n yan\u0131na s\u0131\u011f\u0131n\u0131r, ne var ki arama ilan\u0131 kasaban\u0131n belediye binas\u0131na as\u0131lm\u0131\u015ft\u0131r; Johann bir g\u00f6steri s\u0131ras\u0131nda bir polisi \u00f6ld\u00fcrmekle su\u00e7lanmaktad\u0131r. Johann\u2019\u0131n ba\u015f\u0131na konulan \u00f6d\u00fcl k\u00f6yl\u00fcleri cezbeder, siyaseten ikiye b\u00f6l\u00fcnm\u00fc\u015f toplumda polis katilini kimin ihbar edece\u011fi bir tav\u0131r ve vicdan meselesidir \u00e7\u00fcnk\u00fc Naziler k\u00f6yde taraftar toplamaktad\u0131r. Kelle \u00d6d\u00fcl\u00fc\u2019n\u00fc siyasi iradeden ve duygusall\u0131ktan soyutlanm\u0131\u015f  nesnel  bir anlay\u0131\u015fla kaleme alan Anna Seghers, Hitler hareketinin bir k\u00f6ydeki ilk geli\u015fim a\u015famalar\u0131n\u0131 hayranl\u0131k uyand\u0131ran ve nadir g\u00f6r\u00fclen bir yo\u011funlukla anlat\u0131yor.  <\/p>\n","protected":false},"excerpt":{"rendered":"<p>\u201cCinayet, soygun, yalan ya da bunun gibi bir su\u00e7 kar\u015f\u0131s\u0131nda duyulan nefretten daha g\u00fc\u00e7l\u00fc olarak ilk \u00e7a\u011flardan beri insan\u0131n temiz y\u00fcre\u011finde yer etmi\u015f olan nefret&#8230; Aranan<span class=\"excerpt-hellip\"> [\u2026]<\/span><\/p>\n","protected":false},"featured_media":0,"template":"","meta":{"_monsterinsights_skip_tracking":false,"_monsterinsights_sitenote_active":false,"_monsterinsights_sitenote_note":"","_monsterinsights_sitenote_category":0},"product_brand":[],"product_cat":[12291,12711],"product_tag":[],"class_list":{"0":"post-747335","1":"product","2":"type-product","3":"status-publish","5":"product_cat-edebiyat","6":"product_cat-roman-oyku","7":"pa_cilt-ciltsiz","8":"pa_tur-kitap","9":"pa_yayinevi-everest-yayinlari","10":"pa_yazar-anna-seghers","12":"first","13":"instock","14":"sale","15":"shipping-taxable","16":"purchasable","17":"product-type-simple"},"_links":{"self":[{"href":"https:\/\/roveyayinevi.com.tr\/index.php\/wp-json\/wp\/v2\/product\/747335","targetHints":{"allow":["GET"]}}],"collection":[{"href":"https:\/\/roveyayinevi.com.tr\/index.php\/wp-json\/wp\/v2\/product"}],"about":[{"href":"https:\/\/roveyayinevi.com.tr\/index.php\/wp-json\/wp\/v2\/types\/product"}],"wp:attachment":[{"href":"https:\/\/roveyayinevi.com.tr\/index.php\/wp-json\/wp\/v2\/media?parent=747335"}],"wp:term":[{"taxonomy":"product_brand","embeddable":true,"href":"https:\/\/roveyayinevi.com.tr\/index.php\/wp-json\/wp\/v2\/product_brand?post=747335"},{"taxonomy":"product_cat","embeddable":true,"href":"https:\/\/roveyayinevi.com.tr\/index.php\/wp-json\/wp\/v2\/product_cat?post=747335"},{"taxonomy":"product_tag","embeddable":true,"href":"https:\/\/roveyayinevi.com.tr\/index.php\/wp-json\/wp\/v2\/product_tag?post=747335"}],"curies":[{"name":"wp","href":"https:\/\/api.w.org\/{rel}","templated":true}]}}