{"id":747329,"date":"2025-08-28T03:03:58","date_gmt":"2025-08-28T00:03:58","guid":{"rendered":"https:\/\/roveyayinevi.com.tr\/index.php\/urun\/altin-anahtar-ozguven\/"},"modified":"2026-04-16T02:59:58","modified_gmt":"2026-04-15T23:59:58","slug":"altin-anahtar-ozguven","status":"publish","type":"product","link":"https:\/\/roveyayinevi.com.tr\/index.php\/urun\/altin-anahtar-ozguven\/","title":{"rendered":"Alt\u0131n Anahtar: \u00d6zg\u00fcven"},"content":{"rendered":"<p>Ama\u00e7 \u201c\u00e7ocuk\u201d de\u011fil, \u201cyeti\u015fkin\u201d yeti\u015ftirmek!   Her anne baban\u0131n amac\u0131 t\u00fcm zorluklarla ba\u015fa \u00e7\u0131kabilecek, hayat\u0131n ini\u015f \u00e7\u0131k\u0131\u015flar\u0131na g\u00f6\u011f\u00fcs gerebilecek, ba\u011f\u0131ms\u0131z bir \u201cbirey\u201d yeti\u015ftirmek.  D\u00fc\u015f\u00fcnmekten vazge\u00e7meyen, d\u0131\u015f etkilere diren\u00e7li, dirayetli, giri\u015fken, esnek, bar\u0131\u015f\u00e7\u0131, dengeli, huzurlu ve mutlu bir birey! Bir ba\u015fka deyi\u015fle, \u00f6zg\u00fcvenli bir ki\u015fi&#8230;   \u00c7o\u011fu anne-baba bu amaca ula\u015fmak istiyor ama ebeveyn olmak her zaman gerekli bilgi ve becerilerle donatm\u0131yor insan\u0131. Bu y\u00fczden de \u00e7ocu\u011fun yeti\u015fkine d\u00f6n\u00fc\u015fme s\u00fcrecine e\u015flik ederken anne-babalar\u0131n elinde bir yol haritas\u0131 olmas\u0131 gerekiyor.   \u0130\u015fte Erzen Pakel Onur\u2019un kaleme ald\u0131\u011f\u0131 Alt\u0131n Anahtar: \u00d6zg\u00fcven, \u00e7ocuk geli\u015fimine farkl\u0131 a\u00e7\u0131lardan yakla\u015farak \u00e7ocu\u011fun kimlik, kendine sayg\u0131 olu\u015fturma \u00e7abas\u0131n\u0131 b\u00fcy\u00fcme ve geli\u015fimiyle birlikte ele al\u0131yor; ayr\u0131ca neyi ne i\u00e7in yapt\u0131\u011f\u0131n\u0131 bilen, sa\u011flam bir yol haritas\u0131yla yola \u00e7\u0131kan anne-babalar\u0131n kendine de\u011fer veren, kendine g\u00fcvenen, \u201c\u00f6zg\u00fcvenli yeti\u015fkine d\u00f6n\u00fc\u015fen \u00e7ocuklar\u201d yeti\u015ftirmelerini hedefliyor.   \u201cBenlik alg\u0131s\u0131n\u0131n olu\u015fumunda destekleyici \u00e7evre ve bunun \u00f6zg\u00fcven \u00fczerindeki etkisi \u00e7ok b\u00fcy\u00fckt\u00fcr. \u00d6zellikle hayat\u0131n ilk y\u0131llar\u0131nda destekleyici bir \u00e7evreden yoksun yeti\u015fenlerin, hayat\u0131n ileri y\u0131llar\u0131nda bunu telafi etmeleri kolay olmaz. \u00c7ocuklu\u011fu insana g\u00f6ky\u00fcz\u00fc gibi hayat\u0131 boyunca e\u015flik eder, k\u00f6t\u00fc y\u00f6netici veya patron olmas\u0131na, mutsuz beraberlikler ya\u015famas\u0131na neden olur ve ya\u015fam\u0131nda s\u00fcregiden izler b\u0131rak\u0131r. Erzen Pakel Onur\u2019un kitab\u0131, g\u00fcn\u00fcm\u00fczde \u00e7ok yayg\u0131n olarak kullan\u0131lan g\u00fcven ve \u00f6zg\u00fcven kavramlar\u0131yla ilgili temel bilimsel bilgiye ihtiya\u00e7 duyanlar i\u00e7in de\u011ferli bir kaynak niteli\u011findedir.\u201d <\/p>\n","protected":false},"excerpt":{"rendered":"<p>Ama\u00e7 \u201c\u00e7ocuk\u201d de\u011fil, \u201cyeti\u015fkin\u201d yeti\u015ftirmek! Her anne baban\u0131n amac\u0131 t\u00fcm zorluklarla ba\u015fa \u00e7\u0131kabilecek, hayat\u0131n ini\u015f \u00e7\u0131k\u0131\u015flar\u0131na g\u00f6\u011f\u00fcs gerebilecek, ba\u011f\u0131ms\u0131z bir \u201cbirey\u201d yeti\u015ftirmek. D\u00fc\u015f\u00fcnmekten vazge\u00e7meyen, d\u0131\u015f etkilere<span class=\"excerpt-hellip\"> [\u2026]<\/span><\/p>\n","protected":false},"featured_media":0,"template":"","meta":{"_monsterinsights_skip_tracking":false,"_monsterinsights_sitenote_active":false,"_monsterinsights_sitenote_note":"","_monsterinsights_sitenote_category":0},"product_brand":[],"product_cat":[12357],"product_tag":[],"class_list":{"0":"post-747329","1":"product","2":"type-product","3":"status-publish","5":"product_cat-psikoloji","6":"pa_cilt-ciltsiz","7":"pa_tur-kitap","8":"pa_yayinevi-dogan-solibri-yayinlari","9":"pa_yazar-erzen-pakel-onur","11":"first","12":"instock","13":"sale","14":"shipping-taxable","15":"purchasable","16":"product-type-simple"},"_links":{"self":[{"href":"https:\/\/roveyayinevi.com.tr\/index.php\/wp-json\/wp\/v2\/product\/747329","targetHints":{"allow":["GET"]}}],"collection":[{"href":"https:\/\/roveyayinevi.com.tr\/index.php\/wp-json\/wp\/v2\/product"}],"about":[{"href":"https:\/\/roveyayinevi.com.tr\/index.php\/wp-json\/wp\/v2\/types\/product"}],"wp:attachment":[{"href":"https:\/\/roveyayinevi.com.tr\/index.php\/wp-json\/wp\/v2\/media?parent=747329"}],"wp:term":[{"taxonomy":"product_brand","embeddable":true,"href":"https:\/\/roveyayinevi.com.tr\/index.php\/wp-json\/wp\/v2\/product_brand?post=747329"},{"taxonomy":"product_cat","embeddable":true,"href":"https:\/\/roveyayinevi.com.tr\/index.php\/wp-json\/wp\/v2\/product_cat?post=747329"},{"taxonomy":"product_tag","embeddable":true,"href":"https:\/\/roveyayinevi.com.tr\/index.php\/wp-json\/wp\/v2\/product_tag?post=747329"}],"curies":[{"name":"wp","href":"https:\/\/api.w.org\/{rel}","templated":true}]}}