{"id":747323,"date":"2025-08-28T03:03:52","date_gmt":"2025-08-28T00:03:52","guid":{"rendered":"https:\/\/roveyayinevi.com.tr\/index.php\/urun\/risale-i-nur-uzerine-kritikler\/"},"modified":"2026-04-14T03:06:28","modified_gmt":"2026-04-14T00:06:28","slug":"risale-i-nur-uzerine-kritikler","status":"publish","type":"product","link":"https:\/\/roveyayinevi.com.tr\/index.php\/urun\/risale-i-nur-uzerine-kritikler\/","title":{"rendered":"Risale-i Nur \u00dczerine Kritikler"},"content":{"rendered":"<p>Tarihte b\u00fct\u00fcn b\u00fcy\u00fck alimleri b\u00fcy\u00fck yapan, onlar\u0131n dilbilgisinde, \u00e7a\u011flar\u0131na g\u00f6re fen bilgisinde ve \u00f6zg\u00fcr d\u00fc\u015f\u00fcncede zirve olu\u015flar\u0131d\u0131r. Bug\u00fcn \u0130slam d\u00fcnyas\u0131nda b\u00fcy\u00fck alimlerin \u00e7\u0131kmamas\u0131, bu \u00fc\u00e7\u00fcn\u00fcn bir \u015fah\u0131sta bir araya gelmemesidir. Demek \u00d6zg\u00fcr D\u00fc\u015f\u00fcnce, ge\u00e7mi\u015f b\u00fcy\u00fck zatlara h\u00fcrmetsizlik olmad\u0131\u011f\u0131 gibi, ilme ve hakikate b\u00fcy\u00fck sayg\u0131d\u0131r. O b\u00fcy\u00fck zatlar\u0131n \u00f6\u011frencilerinden bekledi\u011fi ve zaman\u0131n gerektirdi\u011fi bir ba\u015far\u0131d\u0131r.   \u015eimdi zamanlar\u0131n\u0131n zirveleri olan, fakat zaman fark\u0131ndan dolay\u0131 bir\u00e7ok \u00fcniversite okumu\u015f gen\u00e7ten dahi geri kalan \u00fc\u00e7 b\u00fcy\u00fck d\u00e2hiye de\u011finelim. Aristo\u2026 2350 sene \u00f6nceden yaz\u0131l\u0131m\u0131n mahiyetini ve baz\u0131 \u00f6zelliklerini ke\u015ffetti; Mant\u0131k, Fizik ve Metafizikte zirve oldu. Hatta ahlaktaki ifrat-tefrit ve orta yol ilkesinin de ilk k\u00e2\u015fifi odur.   Ama d\u00fcnyan\u0131n yuvarlak oldu\u011funu bilmiyordu. Ay-alt\u0131 kevn \u00fc fesat (olu\u015f ve bozulu\u015f) alemidir, geri kalan g\u00f6kler ve y\u00f6r\u00fcngeler tanr\u0131sal ve m\u00fckemmel ak\u0131llard\u0131r, diyordu. (M\u00fcthi\u015f bir hurafe!)   \u0130bn Sina, Mant\u0131kta, Felsefede ve T\u0131pta hi\u00e7 kimsenin \u00f6\u011frenemeyece\u011fi kadar zirve oldu, yirmi cilt kitap yazd\u0131. Ama Aristo\u2019nun Form dedi\u011fi o yaz\u0131l\u0131m ger\u00e7e\u011fini basit, somut bir \u015fekilden ibaret sand\u0131; d\u00fcnyan\u0131n yuvarlak oldu\u011funu bilemedi\u2026 Ve hastal\u0131ktan \u00f6l\u00fcnceye kadar kendini tedavi edemedi.   Bedi\u00fczzaman, bir\u00e7ok ilimde \u00f6zellikle siyasal ve sosyal hayatta ve \u00f6zellikle Kur\u2019an\u2019\u0131 anlamada, soyut nedensellikler ve ger\u00e7eklerin tespitinde, ar\u0131nman\u0131n onlarca y\u00f6nteminde yedi bin anahtar kelime, kavram ve c\u00fcmleyi alt\u0131 bin sayfal\u0131k Risalelerinde yazm\u0131\u015ft\u0131r. Ben \u015fahsen ona sonsuz minnettar\u0131m. Fakat bazen bilimleri esas almamas\u0131ndan, bazen de kendi zaman\u0131nda o bilimsel veriler bilinmedi\u011finden bir\u00e7ok hata tespit ettim, o Risalelerde\u2026 <\/p>\n","protected":false},"excerpt":{"rendered":"<p>Tarihte b\u00fct\u00fcn b\u00fcy\u00fck alimleri b\u00fcy\u00fck yapan, onlar\u0131n dilbilgisinde, \u00e7a\u011flar\u0131na g\u00f6re fen bilgisinde ve \u00f6zg\u00fcr d\u00fc\u015f\u00fcncede zirve olu\u015flar\u0131d\u0131r. Bug\u00fcn \u0130slam d\u00fcnyas\u0131nda b\u00fcy\u00fck alimlerin \u00e7\u0131kmamas\u0131, bu \u00fc\u00e7\u00fcn\u00fcn bir<span class=\"excerpt-hellip\"> [\u2026]<\/span><\/p>\n","protected":false},"featured_media":0,"template":"","meta":{"_monsterinsights_skip_tracking":false,"_monsterinsights_sitenote_active":false,"_monsterinsights_sitenote_note":"","_monsterinsights_sitenote_category":0},"product_brand":[],"product_cat":[12777,12291],"product_tag":[],"class_list":{"0":"post-747323","1":"product","2":"type-product","3":"status-publish","5":"product_cat-deneme","6":"product_cat-edebiyat","7":"pa_cilt-ciltsiz","8":"pa_tur-kitap","9":"pa_yayinevi-gulnar-yayinlari","10":"pa_yazar-bahaeddin-saglam","12":"first","13":"instock","14":"sale","15":"shipping-taxable","16":"purchasable","17":"product-type-simple"},"_links":{"self":[{"href":"https:\/\/roveyayinevi.com.tr\/index.php\/wp-json\/wp\/v2\/product\/747323","targetHints":{"allow":["GET"]}}],"collection":[{"href":"https:\/\/roveyayinevi.com.tr\/index.php\/wp-json\/wp\/v2\/product"}],"about":[{"href":"https:\/\/roveyayinevi.com.tr\/index.php\/wp-json\/wp\/v2\/types\/product"}],"wp:attachment":[{"href":"https:\/\/roveyayinevi.com.tr\/index.php\/wp-json\/wp\/v2\/media?parent=747323"}],"wp:term":[{"taxonomy":"product_brand","embeddable":true,"href":"https:\/\/roveyayinevi.com.tr\/index.php\/wp-json\/wp\/v2\/product_brand?post=747323"},{"taxonomy":"product_cat","embeddable":true,"href":"https:\/\/roveyayinevi.com.tr\/index.php\/wp-json\/wp\/v2\/product_cat?post=747323"},{"taxonomy":"product_tag","embeddable":true,"href":"https:\/\/roveyayinevi.com.tr\/index.php\/wp-json\/wp\/v2\/product_tag?post=747323"}],"curies":[{"name":"wp","href":"https:\/\/api.w.org\/{rel}","templated":true}]}}