{"id":747320,"date":"2025-08-28T03:03:47","date_gmt":"2025-08-28T00:03:47","guid":{"rendered":"https:\/\/roveyayinevi.com.tr\/index.php\/urun\/savci-3\/"},"modified":"2025-08-31T19:01:19","modified_gmt":"2025-08-31T16:01:19","slug":"savci-3","status":"publish","type":"product","link":"https:\/\/roveyayinevi.com.tr\/index.php\/urun\/savci-3\/","title":{"rendered":"Savc\u0131"},"content":{"rendered":"<p>Tarihin seyri seferinde milletler arenas\u0131nda yer alan uluslar kendi kahramanlar\u0131n\u0131 yeti\u015ftirerek cemiyet hayat\u0131na sunmu\u015flard\u0131r. Bunlar\u0131n ulus devlet anlay\u0131\u015f\u0131yla gelecek nesillerin istifadesine sunulmas\u0131 tarih bilincinin geli\u015fmesine ve yerle\u015fmesine katk\u0131da bulunacakt\u0131r. Bu vesileyle ba\u011f\u0131ms\u0131zl\u0131\u011f\u0131n ilk g\u00fcnlerinde Azerbaycan Devleti kamu d\u00fczeninin sa\u011flanmas\u0131 ve adli sistemin tam manas\u0131yla i\u015flerlik kazanabilmesi i\u00e7in \u015eem\u015fir Aliyev gibi kahramanlar\u0131 g\u00f6revlendirmi\u015ftir. Bu g\u00f6revlendirmenin ad\u0131 \u015eahlaro\u011flu \u015eem\u015fir Aliyev Beydir. Kendisi Azerbaycan\u2019\u0131n, Sovyetlerden Birli\u011finden ayr\u0131larak ba\u011f\u0131ms\u0131zl\u0131\u011f\u0131n\u0131 kazanmas\u0131ndan sonra g\u00f6reve gelen ilk m\u00fcstakil ba\u015fsavc\u0131s\u0131d\u0131r. En b\u00fcy\u00fck talihsizli\u011fi mesle\u011finin ilk y\u0131llar\u0131nda Sovyetlerden kalma hantal b\u00fcrokrasi ve su\u00e7 \u00f6rg\u00fctleriyle u\u011fra\u015fmak zorunda kalmas\u0131 olmu\u015ftur.   \u015eem\u015fir Aliyev Beyin i\u00e7inde bulundu\u011fu \u015fartlar nam\u00fcsait olsa bile kendisi son derece g\u00f6z\u00fc kara vatansever birisidir. M\u00fcbarek vatan topra\u011f\u0131na \u00e7\u00f6reklenen su\u00e7 \u00f6rg\u00fctlerini temizlemek ve adaleti h\u00e2kim k\u0131lmak i\u00e7in ta\u015f\u0131n alt\u0131na elini de\u011fil g\u00f6vdesini koymu\u015ftur. Daha anla\u015f\u0131l\u0131r bir ifadeyle; \u201cYa Devlet Ba\u015fa Ya Kuzgun Le\u015fe\u201d demi\u015ftir. Kahraman Savc\u0131 \u015eem\u015fir Aliyev Bey de yeni kurulan Ba\u011f\u0131ms\u0131z Azerbaycan Devletinin tarih sahnesinde yerini alarak ebediyen payidar olmas\u0131 i\u00e7in her t\u00fcrl\u00fc tehlikeyi g\u00f6ze alm\u0131\u015f. \u201cDevleti Ebed M\u00fcddet \u00dclk\u00fcs\u00fc\u201dne ba\u011fl\u0131 kalarak mafya vari su\u00e7 \u00f6rg\u00fctlerinin kar\u015f\u0131s\u0131na \u00e7\u0131km\u0131\u015ft\u0131r. G\u00f6z\u00fcn\u00fc daldan budaktan esirgemeyen kahraman savc\u0131m\u0131z, \u00f6nce vatan parolas\u0131 ile \u00e7\u0131kt\u0131\u011f\u0131 yolda maalesef menfur bir suikast sonucu \u015fahadet \u015ferbetini i\u00e7erek makamlar\u0131n en y\u00fccesine y\u00fcr\u00fcm\u00fc\u015ft\u00fcr.   <\/p>\n","protected":false},"excerpt":{"rendered":"<p>Tarihin seyri seferinde milletler arenas\u0131nda yer alan uluslar kendi kahramanlar\u0131n\u0131 yeti\u015ftirerek cemiyet hayat\u0131na sunmu\u015flard\u0131r. Bunlar\u0131n ulus devlet anlay\u0131\u015f\u0131yla gelecek nesillerin istifadesine sunulmas\u0131 tarih bilincinin geli\u015fmesine ve<span class=\"excerpt-hellip\"> [\u2026]<\/span><\/p>\n","protected":false},"featured_media":0,"template":"","meta":{"_monsterinsights_skip_tracking":false,"_monsterinsights_sitenote_active":false,"_monsterinsights_sitenote_note":"","_monsterinsights_sitenote_category":0},"product_brand":[],"product_cat":[12777,12291],"product_tag":[],"class_list":{"0":"post-747320","1":"product","2":"type-product","3":"status-publish","5":"product_cat-deneme","6":"product_cat-edebiyat","7":"pa_cilt-ciltsiz","8":"pa_tur-kitap","9":"pa_yayinevi-gulnar-yayinlari","10":"pa_yazar-ziya-sahin","12":"first","13":"instock","14":"sale","15":"shipping-taxable","16":"purchasable","17":"product-type-simple"},"_links":{"self":[{"href":"https:\/\/roveyayinevi.com.tr\/index.php\/wp-json\/wp\/v2\/product\/747320","targetHints":{"allow":["GET"]}}],"collection":[{"href":"https:\/\/roveyayinevi.com.tr\/index.php\/wp-json\/wp\/v2\/product"}],"about":[{"href":"https:\/\/roveyayinevi.com.tr\/index.php\/wp-json\/wp\/v2\/types\/product"}],"wp:attachment":[{"href":"https:\/\/roveyayinevi.com.tr\/index.php\/wp-json\/wp\/v2\/media?parent=747320"}],"wp:term":[{"taxonomy":"product_brand","embeddable":true,"href":"https:\/\/roveyayinevi.com.tr\/index.php\/wp-json\/wp\/v2\/product_brand?post=747320"},{"taxonomy":"product_cat","embeddable":true,"href":"https:\/\/roveyayinevi.com.tr\/index.php\/wp-json\/wp\/v2\/product_cat?post=747320"},{"taxonomy":"product_tag","embeddable":true,"href":"https:\/\/roveyayinevi.com.tr\/index.php\/wp-json\/wp\/v2\/product_tag?post=747320"}],"curies":[{"name":"wp","href":"https:\/\/api.w.org\/{rel}","templated":true}]}}