{"id":747318,"date":"2025-08-28T03:03:45","date_gmt":"2025-08-28T00:03:45","guid":{"rendered":"https:\/\/roveyayinevi.com.tr\/index.php\/urun\/kaplan-anneligin-incelikleri\/"},"modified":"2026-04-16T02:59:58","modified_gmt":"2026-04-15T23:59:58","slug":"kaplan-anneligin-incelikleri","status":"publish","type":"product","link":"https:\/\/roveyayinevi.com.tr\/index.php\/urun\/kaplan-anneligin-incelikleri\/","title":{"rendered":"Kaplan Anneli\u011fin \u0130ncelikleri"},"content":{"rendered":"<p>Asyal\u0131 \u00e7ocuklar t\u00fcm matematik s\u0131navlar\u0131nda neden ba\u015f\u0131 \u00e7ekerler? D\u00fcnyan\u0131n en iyi \u00fcniversitelerinde kendilerine nas\u0131l yer bulurlar? Onlar\u0131 farkl\u0131 co\u011frafyalarda e\u011fitim alm\u0131\u015f akranlar\u0131ndan daha ba\u015far\u0131l\u0131 k\u0131lan nedir? Kaplan Anneli\u011fin \u0130ncelikleri: K\u00fcresel \u00c7a\u011fda Do\u011fu ve Bat\u0131 Ebeveynli\u011fi, Hindistan\u2019da do\u011fup, ABD\u2019de e\u011fitim alm\u0131\u015f ve meslek hayat\u0131na ba\u015flam\u0131\u015f, ard\u0131ndan ailesiyle birlikte yerle\u015fti\u011fi Singapur\u2019da \u00e7ocuklar\u0131n\u0131 yeti\u015ftirmekte olan e\u011fitimci bir annenin, kendi tecr\u00fcbe ve g\u00f6zlemlerine dayanan, k\u00fclt\u00fcrleraras\u0131 bir \u00e7al\u0131\u015fma. Maya Thiagarajan, \u00e7ocuklar\u0131n\u0131n en iyi e\u011fitimi almalar\u0131 ve bunu yaparken aile de\u011ferlerini korumalar\u0131n\u0131 arzu eden anne ve babalar i\u00e7in i\u015fin p\u00fcf noktalar\u0131n\u0131 g\u00f6zler \u00f6n\u00fcne seriyor. <\/p>\n","protected":false},"excerpt":{"rendered":"<p>Asyal\u0131 \u00e7ocuklar t\u00fcm matematik s\u0131navlar\u0131nda neden ba\u015f\u0131 \u00e7ekerler? D\u00fcnyan\u0131n en iyi \u00fcniversitelerinde kendilerine nas\u0131l yer bulurlar? Onlar\u0131 farkl\u0131 co\u011frafyalarda e\u011fitim alm\u0131\u015f akranlar\u0131ndan daha ba\u015far\u0131l\u0131 k\u0131lan nedir?<span class=\"excerpt-hellip\"> [\u2026]<\/span><\/p>\n","protected":false},"featured_media":0,"template":"","meta":{"_monsterinsights_skip_tracking":false,"_monsterinsights_sitenote_active":false,"_monsterinsights_sitenote_note":"","_monsterinsights_sitenote_category":0},"product_brand":[],"product_cat":[12831,12324],"product_tag":[],"class_list":{"0":"post-747318","1":"product","2":"type-product","3":"status-publish","5":"product_cat-aile-ve-cocuk","6":"product_cat-sosyoloji","7":"pa_cilt-ciltsiz","8":"pa_tur-kitap","9":"pa_yayinevi-z-kedi-yayincilik","10":"pa_yazar-maya-thiagarajan","12":"first","13":"instock","14":"sale","15":"shipping-taxable","16":"purchasable","17":"product-type-simple"},"_links":{"self":[{"href":"https:\/\/roveyayinevi.com.tr\/index.php\/wp-json\/wp\/v2\/product\/747318","targetHints":{"allow":["GET"]}}],"collection":[{"href":"https:\/\/roveyayinevi.com.tr\/index.php\/wp-json\/wp\/v2\/product"}],"about":[{"href":"https:\/\/roveyayinevi.com.tr\/index.php\/wp-json\/wp\/v2\/types\/product"}],"wp:attachment":[{"href":"https:\/\/roveyayinevi.com.tr\/index.php\/wp-json\/wp\/v2\/media?parent=747318"}],"wp:term":[{"taxonomy":"product_brand","embeddable":true,"href":"https:\/\/roveyayinevi.com.tr\/index.php\/wp-json\/wp\/v2\/product_brand?post=747318"},{"taxonomy":"product_cat","embeddable":true,"href":"https:\/\/roveyayinevi.com.tr\/index.php\/wp-json\/wp\/v2\/product_cat?post=747318"},{"taxonomy":"product_tag","embeddable":true,"href":"https:\/\/roveyayinevi.com.tr\/index.php\/wp-json\/wp\/v2\/product_tag?post=747318"}],"curies":[{"name":"wp","href":"https:\/\/api.w.org\/{rel}","templated":true}]}}