{"id":747315,"date":"2025-08-28T03:03:41","date_gmt":"2025-08-28T00:03:41","guid":{"rendered":"https:\/\/roveyayinevi.com.tr\/index.php\/urun\/kendini-tanimak\/"},"modified":"2026-04-12T03:03:20","modified_gmt":"2026-04-12T00:03:20","slug":"kendini-tanimak","status":"publish","type":"product","link":"https:\/\/roveyayinevi.com.tr\/index.php\/urun\/kendini-tanimak\/","title":{"rendered":"Kendini Tan\u0131mak"},"content":{"rendered":"<p>Antik Yunan filozofu Sokrates b\u00fct\u00fcn felsefi buyruklar\u0131 tek bir s\u00f6ylemle \u00f6zetlemi\u015ftir: \u201cKendini Tan\u0131.\u201d Kendini tan\u0131mak, kimli\u011fimizi belirlemekle kalmaz, hayatta, i\u015fte ve a\u015fkta nas\u0131l karar ald\u0131\u011f\u0131m\u0131z\u0131 da etkiler. Toplumda uzak yerlere gitmemize rehberlik edecek pek \u00e7ok ki\u015fi ve kurum varken, \u00e7ok daha \u00f6nemli bir g\u00f6revde \u2013 kendi zihnimizin derinliklerine yapaca\u011f\u0131m\u0131z yolculukta pek az\u0131 bize yard\u0131m edebilir. Bu kitap bizi en derin, en anla\u015f\u0131lmaz yan\u0131m\u0131za do\u011fru bir yolculu\u011fa \u00e7\u0131kar\u0131yor ve bize kendi karakterimizi tan\u0131mak i\u00e7in bir alet \u00e7antas\u0131 sunuyor. Bu sayede kim oldu\u011fumuza, karar al\u0131rken neye dikkat etmemiz gerekti\u011fine ve ger\u00e7ek potansiyelimizi nas\u0131l ortaya \u00e7\u0131karabilece\u011fimize dair yeni, apa\u00e7\u0131k bir hisse sahip oluyoruz.   Alain de Botton \u00f6nc\u00fcl\u00fc\u011f\u00fcnde kurulan The School of Life (Hayat Okulu) taraf\u0131ndan haz\u0131rlanan Kendini Tan\u0131mak, hayattaki en b\u00fcy\u00fck sorunlar\u0131m\u0131z\u0131n \u00e7\u00f6z\u00fcm\u00fcn\u00fcn kendi i\u00e7imizde oldu\u011fu sav\u0131yla bize yol g\u00f6sterici bir rehber sunuyor. Ya\u015fad\u0131\u011f\u0131m\u0131z d\u00fcnyaya g\u00f6sterdi\u011fimiz ilginin biraz\u0131n\u0131 kendimizi anlamaya ve zihnimizin derinliklerinde gizli karakterimizi \u00e7\u00f6zmeye ay\u0131r\u0131rsak yolumuzun \u00e7ok daha huzur dolu ilerleyece\u011fini anlatan kitap, Hayat Okulu\u2019nun di\u011fer kitaplar\u0131 gibi hem ufuk a\u00e7an hem de e\u011flendiren bir rehber. <\/p>\n","protected":false},"excerpt":{"rendered":"<p>Antik Yunan filozofu Sokrates b\u00fct\u00fcn felsefi buyruklar\u0131 tek bir s\u00f6ylemle \u00f6zetlemi\u015ftir: \u201cKendini Tan\u0131.\u201d Kendini tan\u0131mak, kimli\u011fimizi belirlemekle kalmaz, hayatta, i\u015fte ve a\u015fkta nas\u0131l karar ald\u0131\u011f\u0131m\u0131z\u0131 da<span class=\"excerpt-hellip\"> [\u2026]<\/span><\/p>\n","protected":false},"featured_media":0,"template":"","meta":{"_monsterinsights_skip_tracking":false,"_monsterinsights_sitenote_active":false,"_monsterinsights_sitenote_note":"","_monsterinsights_sitenote_category":0},"product_brand":[],"product_cat":[12364,12376],"product_tag":[],"class_list":{"0":"post-747315","1":"product","2":"type-product","3":"status-publish","5":"product_cat-genel-konular","6":"product_cat-kisisel-gelisim","7":"pa_cilt-ciltsiz","8":"pa_tur-kitap","9":"pa_yayinevi-artemis-yayinlari","10":"pa_yazar-alain-de-botton","12":"first","13":"instock","14":"sale","15":"shipping-taxable","16":"purchasable","17":"product-type-simple"},"_links":{"self":[{"href":"https:\/\/roveyayinevi.com.tr\/index.php\/wp-json\/wp\/v2\/product\/747315","targetHints":{"allow":["GET"]}}],"collection":[{"href":"https:\/\/roveyayinevi.com.tr\/index.php\/wp-json\/wp\/v2\/product"}],"about":[{"href":"https:\/\/roveyayinevi.com.tr\/index.php\/wp-json\/wp\/v2\/types\/product"}],"wp:attachment":[{"href":"https:\/\/roveyayinevi.com.tr\/index.php\/wp-json\/wp\/v2\/media?parent=747315"}],"wp:term":[{"taxonomy":"product_brand","embeddable":true,"href":"https:\/\/roveyayinevi.com.tr\/index.php\/wp-json\/wp\/v2\/product_brand?post=747315"},{"taxonomy":"product_cat","embeddable":true,"href":"https:\/\/roveyayinevi.com.tr\/index.php\/wp-json\/wp\/v2\/product_cat?post=747315"},{"taxonomy":"product_tag","embeddable":true,"href":"https:\/\/roveyayinevi.com.tr\/index.php\/wp-json\/wp\/v2\/product_tag?post=747315"}],"curies":[{"name":"wp","href":"https:\/\/api.w.org\/{rel}","templated":true}]}}