{"id":747310,"date":"2025-08-28T03:03:34","date_gmt":"2025-08-28T00:03:34","guid":{"rendered":"https:\/\/roveyayinevi.com.tr\/index.php\/urun\/ortanca-cocuk\/"},"modified":"2026-04-16T02:59:57","modified_gmt":"2026-04-15T23:59:57","slug":"ortanca-cocuk","status":"publish","type":"product","link":"https:\/\/roveyayinevi.com.tr\/index.php\/urun\/ortanca-cocuk\/","title":{"rendered":"Ortanca \u00c7ocuk"},"content":{"rendered":"<p>Ortanca \u00e7ocuk olmak hi\u00e7 de kolay bir i\u015f de\u011fil! B\u00fcy\u00fck karde\u015finiz sizi s\u0131k\u0131\u015ft\u0131r\u0131rken, evin k\u00fc\u00e7\u00fc\u011f\u00fc g\u00fcn boyu ilgiyi \u00fczerine toplamak i\u00e7in t\u00fcrl\u00fc t\u00fcrl\u00fc taktikler uygularken, ortanca \u00e7ocuklar i\u00e7in hayat bazen ger\u00e7ekten olduk\u00e7a zor olabiliyor.   Ortanca \u00c7ocuk kitab\u0131n\u0131n ba\u015f karakteri olan ortanca \u00e7ocuk, evinin kap\u0131lar\u0131n\u0131 okuyucular i\u00e7in aral\u0131yor! Olduk\u00e7a merak uyand\u0131ran ya\u015fam\u0131n\u0131n i\u00e7ine okuyucular\u0131 davet ederek rengarenk ill\u00fcstrasyonlarla kaplanm\u0131\u015f sayfalar\u0131n aras\u0131nda bizleri e\u015fsiz ve heyecan verici bir yolculu\u011fa \u00e7\u0131kar\u0131yor. T\u00fcm bu yolculuk ise  ortanca \u00e7ocu\u011fun bir g\u00fcn i\u00e7inde ya\u015fad\u0131\u011f\u0131 ini\u015f \u00e7\u0131k\u0131\u015flardan, \u00e7at\u0131\u015fmalardan, sevgi dolu anlardan ve daha birbirinden s\u00fcr\u00fckleyici maceralardan olu\u015fuyor. S\u0131ra d\u0131\u015f\u0131 ke\u015fifler yapabilmek i\u00e7in illa bir uzay yolculu\u011funa \u00e7\u0131kmaya hi\u00e7 gerek yok! E\u011fer kalabal\u0131k bir aileniz varsa, evin i\u00e7inde ge\u00e7en her g\u00fcn bamba\u015fka bir macera!   Ortanca \u00c7ocuk ba\u015flang\u0131\u00e7 seviyesindeki okuyucular\u0131n koleksiyonlar\u0131na eklenmeyi hak eden ger\u00e7ek\u00e7i bir \u00e7izgi roman. \u2014 School Library Journal Bu kitap cinsiyet g\u00f6ndermelerinden tamamen ar\u0131nd\u0131r\u0131lm\u0131\u015f bir stil kullanarak, ortanca \u00e7ocuklar\u0131n hayatlar\u0131ndaki ini\u015f ve \u00e7\u0131k\u0131\u015flar\u0131 sanki bire bir rapor ediyor. Karde\u015fleri olan okuyucular, hikayenin i\u00e7indeki k\u00fc\u00e7\u00fck \u00e7apl\u0131 \u00f6fke patlamalar\u0131n\u0131 ve sosyalle\u015fme kal\u0131plar\u0131n\u0131 kolayca fark edecekler ve gen\u00e7 anlat\u0131c\u0131 gibi, yaln\u0131z ve birlikte ge\u00e7irilen zamanlar\u0131n ayr\u0131 ayr\u0131 ve birbirinden farkl\u0131 g\u00fczellikleri oldu\u011funu g\u00f6recekler. \u2014 Booklist Kendisi de ortanca \u00e7ocuk olan Weinberg, dondurma se\u00e7en son karde\u015f veya annesiyle vakit ge\u00e7irmek i\u00e7in en uygun zaman\u0131 kollamak zorunda kalan karde\u015f olmak gibi, ortanca \u00e7ocuklar\u0131n ya\u015fad\u0131klar\u0131 zorluklar\u0131 h\u00fcnerli bir \u015fekilde anlatma becerisine sahip. Ayn\u0131 zamanda g\u00fcn i\u00e7inde ya\u015fanan a\u011f\u0131z dala\u015flar\u0131n\u0131 tasvir etmenin \u00f6tesine ge\u00e7erek, ortanca \u00e7ocuk olman\u0131n nas\u0131l hissettirdi\u011fini ve  aile i\u00e7indeki bu \u00f6nemli rol\u00fcn alt\u0131n\u0131 gururla \u00e7iziyor. (\u201cTam ortalar\u0131nday\u0131m. Bazen olunabilecek en iyi yer buras\u0131.\u201d) \u2014 Parents Magazine <\/p>\n","protected":false},"excerpt":{"rendered":"<p>Ortanca \u00e7ocuk olmak hi\u00e7 de kolay bir i\u015f de\u011fil! B\u00fcy\u00fck karde\u015finiz sizi s\u0131k\u0131\u015ft\u0131r\u0131rken, evin k\u00fc\u00e7\u00fc\u011f\u00fc g\u00fcn boyu ilgiyi \u00fczerine toplamak i\u00e7in t\u00fcrl\u00fc t\u00fcrl\u00fc taktikler uygularken, ortanca<span class=\"excerpt-hellip\"> [\u2026]<\/span><\/p>\n","protected":false},"featured_media":0,"template":"","meta":{"_monsterinsights_skip_tracking":false,"_monsterinsights_sitenote_active":false,"_monsterinsights_sitenote_note":"","_monsterinsights_sitenote_category":0},"product_brand":[],"product_cat":[12689,12274],"product_tag":[],"class_list":{"0":"post-747310","1":"product","2":"type-product","3":"status-publish","5":"product_cat-cizgi-roman-cocuk-ve-genclik-kitaplari","6":"product_cat-cocuk-ve-genclik-kitaplari","7":"pa_cilt-ciltsiz","8":"pa_tur-kitap","9":"pa_yayinevi-okuyan-koala","10":"pa_yazar-steven-weinberg","12":"first","13":"instock","14":"sale","15":"shipping-taxable","16":"purchasable","17":"product-type-simple"},"_links":{"self":[{"href":"https:\/\/roveyayinevi.com.tr\/index.php\/wp-json\/wp\/v2\/product\/747310","targetHints":{"allow":["GET"]}}],"collection":[{"href":"https:\/\/roveyayinevi.com.tr\/index.php\/wp-json\/wp\/v2\/product"}],"about":[{"href":"https:\/\/roveyayinevi.com.tr\/index.php\/wp-json\/wp\/v2\/types\/product"}],"wp:attachment":[{"href":"https:\/\/roveyayinevi.com.tr\/index.php\/wp-json\/wp\/v2\/media?parent=747310"}],"wp:term":[{"taxonomy":"product_brand","embeddable":true,"href":"https:\/\/roveyayinevi.com.tr\/index.php\/wp-json\/wp\/v2\/product_brand?post=747310"},{"taxonomy":"product_cat","embeddable":true,"href":"https:\/\/roveyayinevi.com.tr\/index.php\/wp-json\/wp\/v2\/product_cat?post=747310"},{"taxonomy":"product_tag","embeddable":true,"href":"https:\/\/roveyayinevi.com.tr\/index.php\/wp-json\/wp\/v2\/product_tag?post=747310"}],"curies":[{"name":"wp","href":"https:\/\/api.w.org\/{rel}","templated":true}]}}