{"id":747309,"date":"2025-08-28T03:03:33","date_gmt":"2025-08-28T00:03:33","guid":{"rendered":"https:\/\/roveyayinevi.com.tr\/index.php\/urun\/surprizin-gucu\/"},"modified":"2026-04-16T02:59:57","modified_gmt":"2026-04-15T23:59:57","slug":"surprizin-gucu","status":"publish","type":"product","link":"https:\/\/roveyayinevi.com.tr\/index.php\/urun\/surprizin-gucu\/","title":{"rendered":"S\u00fcrprizin G\u00fcc\u00fc"},"content":{"rendered":"<p>Ya ba\u015fkalar\u0131n\u0131n d\u00fc\u015f\u00fcncelerini de\u011fi\u015ftirmenin basit bir yolu olsayd\u0131?   Bu kitab\u0131n yazar\u0131 Michael Roussell\u2019a g\u00f6re b\u00f6yle bir yol var. \u00dcstelik bu bir s\u0131r de\u011fil. Onu hepimiz tan\u0131yor, biliyoruz. \u00d6nemsiz gibi g\u00f6r\u00fcnen fakat do\u011fru zamanlamayla tarihin ak\u0131\u015f\u0131n\u0131 bile de\u011fi\u015ftirebilen bir g\u00fc\u00e7 bu. Hayatlar\u0131m\u0131z\u0131 zenginle\u015ftiriyor, hi\u00e7 fark\u0131na varmad\u0131\u011f\u0131m\u0131z erdemlerimizi bir bir ortaya \u00e7\u0131kar\u0131yor. S\u00fcrprizin G\u00fcc\u00fc, c\u00fcretk\u00e2r bir \u00e7a\u011fr\u0131. Daha iyi bir d\u00fcnyay\u0131 devrimlerden \u00e7ok ayr\u0131nt\u0131larda arama, de\u011fi\u015fim i\u00e7in y\u0131llara de\u011fil anlara g\u00fcvenme \u00e7a\u011fr\u0131s\u0131. <\/p>\n","protected":false},"excerpt":{"rendered":"<p>Ya ba\u015fkalar\u0131n\u0131n d\u00fc\u015f\u00fcncelerini de\u011fi\u015ftirmenin basit bir yolu olsayd\u0131? Bu kitab\u0131n yazar\u0131 Michael Roussell\u2019a g\u00f6re b\u00f6yle bir yol var. \u00dcstelik bu bir s\u0131r de\u011fil. Onu hepimiz tan\u0131yor,<span class=\"excerpt-hellip\"> [\u2026]<\/span><\/p>\n","protected":false},"featured_media":0,"template":"","meta":{"_monsterinsights_skip_tracking":false,"_monsterinsights_sitenote_active":false,"_monsterinsights_sitenote_note":"","_monsterinsights_sitenote_category":0},"product_brand":[],"product_cat":[12357],"product_tag":[],"class_list":{"0":"post-747309","1":"product","2":"type-product","3":"status-publish","5":"product_cat-psikoloji","6":"pa_cilt-ciltsiz","7":"pa_tur-kitap","8":"pa_yayinevi-okuyan-us-yayin","9":"pa_yazar-michael-a-rousell","11":"first","12":"instock","13":"sale","14":"shipping-taxable","15":"purchasable","16":"product-type-simple"},"_links":{"self":[{"href":"https:\/\/roveyayinevi.com.tr\/index.php\/wp-json\/wp\/v2\/product\/747309","targetHints":{"allow":["GET"]}}],"collection":[{"href":"https:\/\/roveyayinevi.com.tr\/index.php\/wp-json\/wp\/v2\/product"}],"about":[{"href":"https:\/\/roveyayinevi.com.tr\/index.php\/wp-json\/wp\/v2\/types\/product"}],"wp:attachment":[{"href":"https:\/\/roveyayinevi.com.tr\/index.php\/wp-json\/wp\/v2\/media?parent=747309"}],"wp:term":[{"taxonomy":"product_brand","embeddable":true,"href":"https:\/\/roveyayinevi.com.tr\/index.php\/wp-json\/wp\/v2\/product_brand?post=747309"},{"taxonomy":"product_cat","embeddable":true,"href":"https:\/\/roveyayinevi.com.tr\/index.php\/wp-json\/wp\/v2\/product_cat?post=747309"},{"taxonomy":"product_tag","embeddable":true,"href":"https:\/\/roveyayinevi.com.tr\/index.php\/wp-json\/wp\/v2\/product_tag?post=747309"}],"curies":[{"name":"wp","href":"https:\/\/api.w.org\/{rel}","templated":true}]}}