{"id":747308,"date":"2025-08-28T03:03:32","date_gmt":"2025-08-28T00:03:32","guid":{"rendered":"https:\/\/roveyayinevi.com.tr\/index.php\/urun\/nefretin-bilimi\/"},"modified":"2026-04-16T02:59:57","modified_gmt":"2026-04-15T23:59:57","slug":"nefretin-bilimi","status":"publish","type":"product","link":"https:\/\/roveyayinevi.com.tr\/index.php\/urun\/nefretin-bilimi\/","title":{"rendered":"Nefretin Bilimi"},"content":{"rendered":"<p>ED\u0130S G\u00d6RG\u00dcL\u00dc\u2019n\u00fcn \u00f6ns\u00f6z\u00fcyle \u201cProfesyonel hayat\u0131m ve tan\u0131nm\u0131\u015fl\u0131k durumum ba\u015flad\u0131\u011f\u0131ndan beri milyonluk sosyal medya hesaplar\u0131mdan nefret dolu y\u00fczlerce mesaj ald\u0131m. En nefret edilmeyece\u011fimi sand\u0131\u011f\u0131m anlarda bile, \u2018ben olan ben\u2019 s\u0131rf bir ba\u015fkas\u0131 de\u011filim diye anonim bir suretin nefret kusmalar\u0131na tan\u0131k oluyor. Matthew Williams\u2019\u0131n bu \u015fahane kitab\u0131, bana bu nefreti n\u00f6rolojik, psikolojik, tarihsel ve sosyolojik anlamda de\u011ferlendirme f\u0131rsat\u0131 sundu.\u201d \u2013 Edis G\u00f6rg\u00fcl\u00fc D\u00fcnya \u00e7ap\u0131nda bir kriminolo\u011fun g\u00f6z\u00fcnden \u00f6nyarg\u0131 ve nefretin \u00e7arp\u0131c\u0131 hikayesi. Irk, din, cinsel y\u00f6nelim, etnik k\u00f6ken ve engellilik gibi ayr\u0131mc\u0131l\u0131k kaynakl\u0131 \u015fiddet ve su\u00e7lar\u0131n bilimine y\u0131llar\u0131n\u0131 veren Matthew Williams, git gide \u00e7\u0131\u011f\u0131r\u0131ndan \u00e7\u0131kan ve insanl\u0131\u011f\u0131n ufkunu kara bulutlarla kaplayan bir meseleyi t\u00fcm detaylar\u0131yla masaya yat\u0131r\u0131yor. \u2022 \u0130nsanlar neden kendileri gibi olmayanlardan nefret ederler? \u2022 \u0130nternetteki nefret dili ger\u00e7ek hayat\u0131 da etkiliyor mu? \u2022 Nefret su\u00e7lar\u0131n\u0131n hi\u00e7 olmad\u0131\u011f\u0131 kadar artt\u0131\u011f\u0131 bir d\u00fcnyada neler yap\u0131labilir? \u2022 Masum g\u00f6r\u00fcnen bir \u00f6nyarg\u0131y\u0131 ate\u015fli bir nefrete d\u00f6n\u00fc\u015ft\u00fcren fakt\u00f6rler nelerdir? \u2022 Nefret, beynimizin \u2018do\u011fas\u0131nda\u2019 m\u0131 vard\u0131r? Hepsi ve daha fazlas\u0131, yirmi y\u0131l\u0131 a\u015fk\u0131n bir \u00e7al\u0131\u015fman\u0131n \u00fcr\u00fcn\u00fc olan Nefretin Bilimi\u2019nde. <\/p>\n","protected":false},"excerpt":{"rendered":"<p>ED\u0130S G\u00d6RG\u00dcL\u00dc\u2019n\u00fcn \u00f6ns\u00f6z\u00fcyle \u201cProfesyonel hayat\u0131m ve tan\u0131nm\u0131\u015fl\u0131k durumum ba\u015flad\u0131\u011f\u0131ndan beri milyonluk sosyal medya hesaplar\u0131mdan nefret dolu y\u00fczlerce mesaj ald\u0131m. En nefret edilmeyece\u011fimi sand\u0131\u011f\u0131m anlarda bile, \u2018ben<span class=\"excerpt-hellip\"> [\u2026]<\/span><\/p>\n","protected":false},"featured_media":0,"template":"","meta":{"_monsterinsights_skip_tracking":false,"_monsterinsights_sitenote_active":false,"_monsterinsights_sitenote_note":"","_monsterinsights_sitenote_category":0},"product_brand":[],"product_cat":[12357],"product_tag":[],"class_list":{"0":"post-747308","1":"product","2":"type-product","3":"status-publish","5":"product_cat-psikoloji","6":"pa_cilt-ciltsiz","7":"pa_tur-kitap","8":"pa_yayinevi-okuyan-us-yayin","9":"pa_yazar-matthew-williams","11":"first","12":"instock","13":"sale","14":"shipping-taxable","15":"purchasable","16":"product-type-simple"},"_links":{"self":[{"href":"https:\/\/roveyayinevi.com.tr\/index.php\/wp-json\/wp\/v2\/product\/747308","targetHints":{"allow":["GET"]}}],"collection":[{"href":"https:\/\/roveyayinevi.com.tr\/index.php\/wp-json\/wp\/v2\/product"}],"about":[{"href":"https:\/\/roveyayinevi.com.tr\/index.php\/wp-json\/wp\/v2\/types\/product"}],"wp:attachment":[{"href":"https:\/\/roveyayinevi.com.tr\/index.php\/wp-json\/wp\/v2\/media?parent=747308"}],"wp:term":[{"taxonomy":"product_brand","embeddable":true,"href":"https:\/\/roveyayinevi.com.tr\/index.php\/wp-json\/wp\/v2\/product_brand?post=747308"},{"taxonomy":"product_cat","embeddable":true,"href":"https:\/\/roveyayinevi.com.tr\/index.php\/wp-json\/wp\/v2\/product_cat?post=747308"},{"taxonomy":"product_tag","embeddable":true,"href":"https:\/\/roveyayinevi.com.tr\/index.php\/wp-json\/wp\/v2\/product_tag?post=747308"}],"curies":[{"name":"wp","href":"https:\/\/api.w.org\/{rel}","templated":true}]}}