{"id":747306,"date":"2025-08-28T03:03:30","date_gmt":"2025-08-28T00:03:30","guid":{"rendered":"https:\/\/roveyayinevi.com.tr\/index.php\/urun\/cani-sikilan-corap-kacarsa\/"},"modified":"2026-04-13T03:05:59","modified_gmt":"2026-04-13T00:05:59","slug":"cani-sikilan-corap-kacarsa","status":"publish","type":"product","link":"https:\/\/roveyayinevi.com.tr\/index.php\/urun\/cani-sikilan-corap-kacarsa\/","title":{"rendered":"Can\u0131 S\u0131k\u0131lan \u00c7orap Ka\u00e7arsa"},"content":{"rendered":"<p>B\u0130R \u0130LER\u0130 D\u00d6N\u00dc\u015e\u00dcM H\u0130K\u00c2YES\u0130 Bascan merakl\u0131 bir \u00e7orap teki.Ama hayat\u0131 ya ayakkab\u0131 i\u00e7inde ya \u00e7orap\u00e7ekmecesinde ge\u00e7ti\u011fi i\u00e7in can\u0131 \u00e7ok s\u0131k\u0131l\u0131yor.Topu\u011funun eskidi\u011fini fark ediyor.Eskiyen t\u00fcm \u00e7oraplar gibi\u00e7\u00f6pe gitmekten korktu\u011fu i\u00e7in ka\u00e7maya kararveriyor. Bakal\u0131m onu bumacerada neler bekliyor?<\/p>\n","protected":false},"excerpt":{"rendered":"<p>B\u0130R \u0130LER\u0130 D\u00d6N\u00dc\u015e\u00dcM H\u0130K\u00c2YES\u0130 Bascan merakl\u0131 bir \u00e7orap teki.Ama hayat\u0131 ya ayakkab\u0131 i\u00e7inde ya \u00e7orap\u00e7ekmecesinde ge\u00e7ti\u011fi i\u00e7in can\u0131 \u00e7ok s\u0131k\u0131l\u0131yor.Topu\u011funun eskidi\u011fini fark ediyor.Eskiyen t\u00fcm \u00e7oraplar gibi\u00e7\u00f6pe<span class=\"excerpt-hellip\"> [\u2026]<\/span><\/p>\n","protected":false},"featured_media":0,"template":"","meta":{"_monsterinsights_skip_tracking":false,"_monsterinsights_sitenote_active":false,"_monsterinsights_sitenote_note":"","_monsterinsights_sitenote_category":0},"product_brand":[],"product_cat":[12274,12284],"product_tag":[],"class_list":{"0":"post-747306","1":"product","2":"type-product","3":"status-publish","5":"product_cat-cocuk-ve-genclik-kitaplari","6":"product_cat-hikayeler","7":"pa_cilt-ciltsiz","8":"pa_tur-kitap","9":"pa_yayinevi-ucanfil-ozel-urun","10":"pa_yazar-melike-ilgun","12":"first","13":"instock","14":"sale","15":"shipping-taxable","16":"purchasable","17":"product-type-simple"},"_links":{"self":[{"href":"https:\/\/roveyayinevi.com.tr\/index.php\/wp-json\/wp\/v2\/product\/747306","targetHints":{"allow":["GET"]}}],"collection":[{"href":"https:\/\/roveyayinevi.com.tr\/index.php\/wp-json\/wp\/v2\/product"}],"about":[{"href":"https:\/\/roveyayinevi.com.tr\/index.php\/wp-json\/wp\/v2\/types\/product"}],"wp:attachment":[{"href":"https:\/\/roveyayinevi.com.tr\/index.php\/wp-json\/wp\/v2\/media?parent=747306"}],"wp:term":[{"taxonomy":"product_brand","embeddable":true,"href":"https:\/\/roveyayinevi.com.tr\/index.php\/wp-json\/wp\/v2\/product_brand?post=747306"},{"taxonomy":"product_cat","embeddable":true,"href":"https:\/\/roveyayinevi.com.tr\/index.php\/wp-json\/wp\/v2\/product_cat?post=747306"},{"taxonomy":"product_tag","embeddable":true,"href":"https:\/\/roveyayinevi.com.tr\/index.php\/wp-json\/wp\/v2\/product_tag?post=747306"}],"curies":[{"name":"wp","href":"https:\/\/api.w.org\/{rel}","templated":true}]}}