{"id":747305,"date":"2025-08-28T03:03:28","date_gmt":"2025-08-28T00:03:28","guid":{"rendered":"https:\/\/roveyayinevi.com.tr\/index.php\/urun\/bitmeyen-gece-2\/"},"modified":"2026-04-16T02:59:57","modified_gmt":"2026-04-15T23:59:57","slug":"bitmeyen-gece-2","status":"publish","type":"product","link":"https:\/\/roveyayinevi.com.tr\/index.php\/urun\/bitmeyen-gece-2\/","title":{"rendered":"Bitmeyen Gece"},"content":{"rendered":"<p>Bitmeyen Gece, yakla\u015f\u0131k 25 y\u0131l arayla ayn\u0131 kasabada meydana geleniki tecav\u00fcz vakas\u0131n\u0131n hik\u00e2yesi. Faillerden biri yarg\u0131lan\u0131yor, di\u011feri polissoru\u015fturmas\u0131 bile almad\u0131. Ma\u011fdurlardan biri ya\u015f\u0131yor ancak hayat\u0131 aslaeskisi gibi olamayacak, di\u011feri ise olay g\u00fcn\u00fc hayat\u0131n\u0131 kaybetti. Tart\u0131\u015fmal\u0131 davalar\u0131 konu alan ger\u00e7ek bir su\u00e7 podcastinin sunucusuRachel Krall, Bitmeyen Gece\u2019de bir tecav\u00fcz davas\u0131n\u0131 takip etmeye git-ti\u011fi Neapolis\u2019te, kendini k\u00fc\u00e7\u00fck kasaban\u0131n karanl\u0131k ge\u00e7mi\u015fine ve oraday\u0131llar \u00f6nce i\u015flendi\u011fi iddia edilen ancak hi\u00e7bir g\u00f6rg\u00fc tan\u0131\u011f\u0131n\u0131n olmad\u0131-\u011f\u0131 ac\u0131mas\u0131z bir cinayete do\u011fru \u00e7ekilmi\u015f bulur. Art\u0131k hik\u00e2yede iki trajikolay, bir dava ve \u00e7ok say\u0131da par\u00e7alanm\u0131\u015f hayat vard\u0131r. Yo\u011fun bir olay \u00f6rg\u00fcs\u00fc ve ak\u0131c\u0131 anlat\u0131m\u0131yla Bitmeyen Gece, keyifli birokuma deneyiminin yan\u0131 s\u0131ra cinsel \u015fiddet, tecav\u00fcz ve tecav\u00fcz k\u00fclt\u00fcr\u00fckonular\u0131n\u0131 cesurca ve derinlemesine inceleyerek okuyucunun oda\u011f\u0131n\u0131sorunun toplumsal boyutuna \u00e7ekmeyi ba\u015far\u0131yor. Cinsel \u015fiddet ma\u011f-duru kad\u0131nlar\u0131n ya\u015fad\u0131\u011f\u0131 travma ve toplumsal bask\u0131lara kar\u015f\u0131 moderntoplum anlay\u0131\u015f\u0131na ele\u015ftirilerinin dozunu giderek art\u0131r\u0131yor ve k\u00fclt\u00fcrelyozla\u015fman\u0131n y\u0131k\u0131c\u0131 sorunlar\u0131n\u0131 ortaya koyuyor. Adalet, toplumsal \u015fiddet, g\u00fc\u00e7 ili\u015fkileri gibi sosyal sorunlar\u0131 da merke-zin etraf\u0131na yerle\u015ftiren Bitmeyen Gece, travma ve cinsel \u015fiddet kar\u015f\u0131-s\u0131nda kad\u0131nlar\u0131n sessizli\u011finin hassas ve g\u00fc\u00e7l\u00fc bir incelemesidir.<\/p>\n","protected":false},"excerpt":{"rendered":"<p>Bitmeyen Gece, yakla\u015f\u0131k 25 y\u0131l arayla ayn\u0131 kasabada meydana geleniki tecav\u00fcz vakas\u0131n\u0131n hik\u00e2yesi. Faillerden biri yarg\u0131lan\u0131yor, di\u011feri polissoru\u015fturmas\u0131 bile almad\u0131. Ma\u011fdurlardan biri ya\u015f\u0131yor ancak hayat\u0131 aslaeskisi<span class=\"excerpt-hellip\"> [\u2026]<\/span><\/p>\n","protected":false},"featured_media":0,"template":"","meta":{"_monsterinsights_skip_tracking":false,"_monsterinsights_sitenote_active":false,"_monsterinsights_sitenote_note":"","_monsterinsights_sitenote_category":0},"product_brand":[],"product_cat":[12291,50487],"product_tag":[],"class_list":{"0":"post-747305","1":"product","2":"type-product","3":"status-publish","5":"product_cat-edebiyat","6":"product_cat-kurgu","7":"pa_cilt-ciltsiz","8":"pa_tur-kitap","9":"pa_yayinevi-epsilon-yayinlari","10":"pa_yazar-megan-goldin","12":"first","13":"instock","14":"sale","15":"shipping-taxable","16":"purchasable","17":"product-type-simple"},"_links":{"self":[{"href":"https:\/\/roveyayinevi.com.tr\/index.php\/wp-json\/wp\/v2\/product\/747305","targetHints":{"allow":["GET"]}}],"collection":[{"href":"https:\/\/roveyayinevi.com.tr\/index.php\/wp-json\/wp\/v2\/product"}],"about":[{"href":"https:\/\/roveyayinevi.com.tr\/index.php\/wp-json\/wp\/v2\/types\/product"}],"wp:attachment":[{"href":"https:\/\/roveyayinevi.com.tr\/index.php\/wp-json\/wp\/v2\/media?parent=747305"}],"wp:term":[{"taxonomy":"product_brand","embeddable":true,"href":"https:\/\/roveyayinevi.com.tr\/index.php\/wp-json\/wp\/v2\/product_brand?post=747305"},{"taxonomy":"product_cat","embeddable":true,"href":"https:\/\/roveyayinevi.com.tr\/index.php\/wp-json\/wp\/v2\/product_cat?post=747305"},{"taxonomy":"product_tag","embeddable":true,"href":"https:\/\/roveyayinevi.com.tr\/index.php\/wp-json\/wp\/v2\/product_tag?post=747305"}],"curies":[{"name":"wp","href":"https:\/\/api.w.org\/{rel}","templated":true}]}}