{"id":747304,"date":"2025-08-28T03:03:26","date_gmt":"2025-08-28T00:03:26","guid":{"rendered":"https:\/\/roveyayinevi.com.tr\/index.php\/urun\/fire-force-alev-gucu-3-cilt\/"},"modified":"2026-04-16T02:59:57","modified_gmt":"2026-04-15T23:59:57","slug":"fire-force-alev-gucu-3-cilt","status":"publish","type":"product","link":"https:\/\/roveyayinevi.com.tr\/index.php\/urun\/fire-force-alev-gucu-3-cilt\/","title":{"rendered":"Fire Force Alev G\u00fcc\u00fc 3. Cilt"},"content":{"rendered":"<p>Alevli bir maceraya haz\u0131r m\u0131s\u0131n\u0131z? Prenses Hibana, insan alevlenmesinin ard\u0131ndaki ger\u00e7ekleri s\u0131r gibi sakl\u0131yor ve bunlar\u0131 ortaya \u00e7\u0131karmak 8. tak\u0131m\u0131n g\u00f6revi! \u015einra ve ekibi, ger\u00e7e\u011fi \u00f6\u011frenmek ve Hibanan\u0131n al\u0131koydu\u011fu Rahibe Ayris\u2019i kurtarmak i\u00e7in 5. Tak\u0131m\u0131n \u00fcss\u00fcne gider. \u015einra prensesi yenmeyi ba\u015far\u0131p bu d\u00fcnyada kahramanlar\u0131n ger\u00e7ekten var oldu\u011funu kan\u0131tlayabilecek mi?<\/p>\n","protected":false},"excerpt":{"rendered":"<p>Alevli bir maceraya haz\u0131r m\u0131s\u0131n\u0131z? Prenses Hibana, insan alevlenmesinin ard\u0131ndaki ger\u00e7ekleri s\u0131r gibi sakl\u0131yor ve bunlar\u0131 ortaya \u00e7\u0131karmak 8. tak\u0131m\u0131n g\u00f6revi! \u015einra ve ekibi, ger\u00e7e\u011fi \u00f6\u011frenmek<span class=\"excerpt-hellip\"> [\u2026]<\/span><\/p>\n","protected":false},"featured_media":0,"template":"","meta":{"_monsterinsights_skip_tracking":false,"_monsterinsights_sitenote_active":false,"_monsterinsights_sitenote_note":"","_monsterinsights_sitenote_category":0},"product_brand":[],"product_cat":[12416,12291],"product_tag":[],"class_list":{"0":"post-747304","1":"product","2":"type-product","3":"status-publish","5":"product_cat-cizgi-roman","6":"product_cat-edebiyat","7":"pa_cilt-ciltsiz","8":"pa_tur-kitap","9":"pa_yayinevi-akil-celen-kitaplar","10":"pa_yazar-atsushi-ohkubo","12":"first","13":"instock","14":"sale","15":"shipping-taxable","16":"purchasable","17":"product-type-simple"},"_links":{"self":[{"href":"https:\/\/roveyayinevi.com.tr\/index.php\/wp-json\/wp\/v2\/product\/747304","targetHints":{"allow":["GET"]}}],"collection":[{"href":"https:\/\/roveyayinevi.com.tr\/index.php\/wp-json\/wp\/v2\/product"}],"about":[{"href":"https:\/\/roveyayinevi.com.tr\/index.php\/wp-json\/wp\/v2\/types\/product"}],"wp:attachment":[{"href":"https:\/\/roveyayinevi.com.tr\/index.php\/wp-json\/wp\/v2\/media?parent=747304"}],"wp:term":[{"taxonomy":"product_brand","embeddable":true,"href":"https:\/\/roveyayinevi.com.tr\/index.php\/wp-json\/wp\/v2\/product_brand?post=747304"},{"taxonomy":"product_cat","embeddable":true,"href":"https:\/\/roveyayinevi.com.tr\/index.php\/wp-json\/wp\/v2\/product_cat?post=747304"},{"taxonomy":"product_tag","embeddable":true,"href":"https:\/\/roveyayinevi.com.tr\/index.php\/wp-json\/wp\/v2\/product_tag?post=747304"}],"curies":[{"name":"wp","href":"https:\/\/api.w.org\/{rel}","templated":true}]}}