{"id":747303,"date":"2025-08-28T03:03:24","date_gmt":"2025-08-28T00:03:24","guid":{"rendered":"https:\/\/roveyayinevi.com.tr\/index.php\/urun\/birak-uzulsunler\/"},"modified":"2026-04-16T02:59:56","modified_gmt":"2026-04-15T23:59:56","slug":"birak-uzulsunler","status":"publish","type":"product","link":"https:\/\/roveyayinevi.com.tr\/index.php\/urun\/birak-uzulsunler\/","title":{"rendered":"B\u0131rak \u00dcz\u00fcls\u00fcnler"},"content":{"rendered":"<p>T\u00fcrkiye\u2019nin Ege k\u0131y\u0131lar\u0131nda b\u00fcy\u00fcyen ve denizi \u00e7ok seven \u00d6zge, ailesi ve toplumun geri kalan\u0131n\u0131n \u00f6ng\u00f6r\u00fclebilir beklentilerinin aksine, macera dolu bir ya\u015fam\u0131n d\u00fc\u015flerini kurdu. Babas\u0131, \u00d6zge\u2019nin de ablas\u0131 gibi m\u00fchendis olmas\u0131n\u0131 istiyordu. Ya\u015fad\u0131\u011f\u0131 \u00fclkede laiklik ve muhafazak\u00e2rl\u0131k aras\u0131nda derin bir u\u00e7urum vard\u0131. B\u00fct\u00fcn bu yaygaran\u0131n ortas\u0131nda, \u00d6zge, bildi\u011fini okumaya karar verdi. Jacques Cousteau gibi bir dalg\u0131\u00e7 olabilecek miydi? Bir tiyatro oyuncusu? Kendisi de dahil herkesi mutlu edebilmek m\u00fcmk\u00fcn m\u00fcyd\u00fc?   Bu \u015fa\u015f\u0131rt\u0131c\u0131 ve komik grafik an\u0131 kitab\u0131nda \u00d6zge, hik\u00e2yesini yarat\u0131c\u0131 kolajlar ile deniz, siyaset, bilim ve dostluk temalar\u0131n\u0131 kullanarak ustaca dokuyor. <\/p>\n","protected":false},"excerpt":{"rendered":"<p>T\u00fcrkiye\u2019nin Ege k\u0131y\u0131lar\u0131nda b\u00fcy\u00fcyen ve denizi \u00e7ok seven \u00d6zge, ailesi ve toplumun geri kalan\u0131n\u0131n \u00f6ng\u00f6r\u00fclebilir beklentilerinin aksine, macera dolu bir ya\u015fam\u0131n d\u00fc\u015flerini kurdu. Babas\u0131, \u00d6zge\u2019nin de<span class=\"excerpt-hellip\"> [\u2026]<\/span><\/p>\n","protected":false},"featured_media":0,"template":"","meta":{"_monsterinsights_skip_tracking":false,"_monsterinsights_sitenote_active":false,"_monsterinsights_sitenote_note":"","_monsterinsights_sitenote_category":0},"product_brand":[],"product_cat":[12416,12291],"product_tag":[],"class_list":{"0":"post-747303","1":"product","2":"type-product","3":"status-publish","5":"product_cat-cizgi-roman","6":"product_cat-edebiyat","7":"pa_cilt-ciltsiz","8":"pa_tur-kitap","9":"pa_yayinevi-kara-karga-yayinlari","10":"pa_yazar-ozge-samanci","12":"first","13":"instock","14":"sale","15":"shipping-taxable","16":"purchasable","17":"product-type-simple"},"_links":{"self":[{"href":"https:\/\/roveyayinevi.com.tr\/index.php\/wp-json\/wp\/v2\/product\/747303","targetHints":{"allow":["GET"]}}],"collection":[{"href":"https:\/\/roveyayinevi.com.tr\/index.php\/wp-json\/wp\/v2\/product"}],"about":[{"href":"https:\/\/roveyayinevi.com.tr\/index.php\/wp-json\/wp\/v2\/types\/product"}],"wp:attachment":[{"href":"https:\/\/roveyayinevi.com.tr\/index.php\/wp-json\/wp\/v2\/media?parent=747303"}],"wp:term":[{"taxonomy":"product_brand","embeddable":true,"href":"https:\/\/roveyayinevi.com.tr\/index.php\/wp-json\/wp\/v2\/product_brand?post=747303"},{"taxonomy":"product_cat","embeddable":true,"href":"https:\/\/roveyayinevi.com.tr\/index.php\/wp-json\/wp\/v2\/product_cat?post=747303"},{"taxonomy":"product_tag","embeddable":true,"href":"https:\/\/roveyayinevi.com.tr\/index.php\/wp-json\/wp\/v2\/product_tag?post=747303"}],"curies":[{"name":"wp","href":"https:\/\/api.w.org\/{rel}","templated":true}]}}